{"id":12077,"date":"2025-07-02T10:00:49","date_gmt":"2025-07-02T10:00:49","guid":{"rendered":"https:\/\/www.teixidors.com\/trama-nuestra-publicacion-teixidors\/"},"modified":"2025-07-04T10:48:18","modified_gmt":"2025-07-04T10:48:18","slug":"trama-nostra-publicacio-teixidors","status":"publish","type":"page","link":"https:\/\/www.teixidors.com\/ca\/trama-nostra-publicacio-teixidors\/","title":{"rendered":"Trama &#8211; Nostra publicaci\u00f3"},"content":{"rendered":"<p>TRAMA es una publicaci\u00f3n de Teixidors que explora las fronteras entre dise\u00f1o, artesan\u00eda y cultura. No es revista ni libro: es un ente vivo, una propuesta editorial mutante que se transforma en cada n\u00famero para inspirar, establecer conexiones e invocar nuevas preguntas alrededor de un tema central.<\/p>\n<p>Cada edici\u00f3n es un experimento. Un viaje inesperado narrado en m\u00faltiples lenguajes: fotograf\u00eda, literatura, arquitectura, ilustraci\u00f3n, m\u00fasica y m\u00e1s.<\/p>\n<p>Todo cambia. Todo se replantea. Solo una cosa permanece: la curiosidad feroz que nos impulsa.<\/p>\n","protected":false},"excerpt":{"rendered":"<p>TRAMA es una publicaci\u00f3n de Teixidors que explora las fronteras entre dise\u00f1o, artesan\u00eda y cultura. No es revista ni libro: es un ente vivo, una propuesta editorial mutante que se transforma en cada n\u00famero para inspirar, establecer conexiones e invocar nuevas preguntas alrededor de un tema central. Cada edici\u00f3n es un experimento. Un viaje inesperado [&hellip;]<\/p>\n","protected":false},"author":3,"featured_media":12009,"parent":0,"menu_order":0,"comment_status":"closed","ping_status":"closed","template":"templates\/modular.php","meta":{"footnotes":""},"class_list":["post-12077","page","type-page","status-publish","has-post-thumbnail","hentry"],"acf":[],"yoast_head":"<!-- This site is optimized with the Yoast SEO plugin v27.3 - https:\/\/yoast.com\/product\/yoast-seo-wordpress\/ -->\n<title>Trama - Nostra publicaci\u00f3 - Teixidors<\/title>\n<meta name=\"description\" content=\"TRAMA \u00e9s una publicaci\u00f3 de Teixidors que explora les fronteres entre disseny, artesania i cultura. No \u00e9s revista ni llibre: \u00e9s un \u00e9sser viu.\" \/>\n<meta name=\"robots\" content=\"index, follow, max-snippet:-1, max-image-preview:large, max-video-preview:-1\" \/>\n<link rel=\"canonical\" href=\"https:\/\/www.teixidors.com\/ca\/trama-nostra-publicacio-teixidors\/\" \/>\n<meta property=\"og:locale\" content=\"ca_ES\" \/>\n<meta property=\"og:type\" content=\"article\" \/>\n<meta property=\"og:title\" content=\"Trama - Nostra publicaci\u00f3 - Teixidors\" \/>\n<meta property=\"og:description\" content=\"TRAMA \u00e9s una publicaci\u00f3 de Teixidors que explora les fronteres entre disseny, artesania i cultura. No \u00e9s revista ni llibre: \u00e9s un \u00e9sser viu.\" \/>\n<meta property=\"og:url\" content=\"https:\/\/www.teixidors.com\/ca\/trama-nostra-publicacio-teixidors\/\" \/>\n<meta property=\"og:site_name\" content=\"Teixidors\" \/>\n<meta property=\"article:publisher\" content=\"http:\/\/www.facebook.com\/pages\/Teixidors\/195936563785628\" \/>\n<meta property=\"article:modified_time\" content=\"2025-07-04T10:48:18+00:00\" \/>\n<meta property=\"og:image\" content=\"https:\/\/www.teixidors.com\/wp-content\/uploads\/2025\/09\/Teixidors-Moodern-decoracion-hogar.webp\" \/>\n\t<meta property=\"og:image:width\" content=\"1920\" \/>\n\t<meta property=\"og:image:height\" content=\"1050\" \/>\n\t<meta property=\"og:image:type\" content=\"image\/webp\" \/>\n<script type=\"application\/ld+json\" class=\"yoast-schema-graph\">{\"@context\":\"https:\\\/\\\/schema.org\",\"@graph\":[{\"@type\":\"WebPage\",\"@id\":\"https:\\\/\\\/www.teixidors.com\\\/ca\\\/trama-nostra-publicacio-teixidors\\\/\",\"url\":\"https:\\\/\\\/www.teixidors.com\\\/ca\\\/trama-nostra-publicacio-teixidors\\\/\",\"name\":\"Trama - Nostra publicaci\u00f3 - Teixidors\",\"isPartOf\":{\"@id\":\"https:\\\/\\\/www.teixidors.com\\\/ca\\\/#website\"},\"primaryImageOfPage\":{\"@id\":\"https:\\\/\\\/www.teixidors.com\\\/ca\\\/trama-nostra-publicacio-teixidors\\\/#primaryimage\"},\"image\":{\"@id\":\"https:\\\/\\\/www.teixidors.com\\\/ca\\\/trama-nostra-publicacio-teixidors\\\/#primaryimage\"},\"thumbnailUrl\":\"https:\\\/\\\/www.teixidors.com\\\/wp-content\\\/uploads\\\/2025\\\/07\\\/7538b1c2-62c5-4486-81b1-e0e81c9bff42-e1751379831500.jpg\",\"datePublished\":\"2025-07-02T10:00:49+00:00\",\"dateModified\":\"2025-07-04T10:48:18+00:00\",\"description\":\"TRAMA \u00e9s una publicaci\u00f3 de Teixidors que explora les fronteres entre disseny, artesania i cultura. No \u00e9s revista ni llibre: \u00e9s un \u00e9sser viu.\",\"breadcrumb\":{\"@id\":\"https:\\\/\\\/www.teixidors.com\\\/ca\\\/trama-nostra-publicacio-teixidors\\\/#breadcrumb\"},\"inLanguage\":\"ca\",\"potentialAction\":[{\"@type\":\"ReadAction\",\"target\":[\"https:\\\/\\\/www.teixidors.com\\\/ca\\\/trama-nostra-publicacio-teixidors\\\/\"]}]},{\"@type\":\"ImageObject\",\"inLanguage\":\"ca\",\"@id\":\"https:\\\/\\\/www.teixidors.com\\\/ca\\\/trama-nostra-publicacio-teixidors\\\/#primaryimage\",\"url\":\"https:\\\/\\\/www.teixidors.com\\\/wp-content\\\/uploads\\\/2025\\\/07\\\/7538b1c2-62c5-4486-81b1-e0e81c9bff42-e1751379831500.jpg\",\"contentUrl\":\"https:\\\/\\\/www.teixidors.com\\\/wp-content\\\/uploads\\\/2025\\\/07\\\/7538b1c2-62c5-4486-81b1-e0e81c9bff42-e1751379831500.jpg\",\"width\":1124,\"height\":644,\"caption\":\"Trama publicacio n\u00ba2 Teixidors\"},{\"@type\":\"BreadcrumbList\",\"@id\":\"https:\\\/\\\/www.teixidors.com\\\/ca\\\/trama-nostra-publicacio-teixidors\\\/#breadcrumb\",\"itemListElement\":[{\"@type\":\"ListItem\",\"position\":1,\"name\":\"Home\",\"item\":\"https:\\\/\\\/www.teixidors.com\\\/ca\\\/\"},{\"@type\":\"ListItem\",\"position\":2,\"name\":\"Trama &#8211; Nostra publicaci\u00f3\"}]},{\"@type\":\"WebSite\",\"@id\":\"https:\\\/\\\/www.teixidors.com\\\/ca\\\/#website\",\"url\":\"https:\\\/\\\/www.teixidors.com\\\/ca\\\/\",\"name\":\"Teixidors\",\"description\":\"Craftmanship fabrics since 1983 | Taller alta artesan\u00eda desde 1983\",\"publisher\":{\"@id\":\"https:\\\/\\\/www.teixidors.com\\\/ca\\\/#organization\"},\"alternateName\":\"Teixidors craftmanship fabrics since 1983\",\"potentialAction\":[{\"@type\":\"SearchAction\",\"target\":{\"@type\":\"EntryPoint\",\"urlTemplate\":\"https:\\\/\\\/www.teixidors.com\\\/ca\\\/?s={search_term_string}\"},\"query-input\":{\"@type\":\"PropertyValueSpecification\",\"valueRequired\":true,\"valueName\":\"search_term_string\"}}],\"inLanguage\":\"ca\"},{\"@type\":\"Organization\",\"@id\":\"https:\\\/\\\/www.teixidors.com\\\/ca\\\/#organization\",\"name\":\"Teixidors\",\"url\":\"https:\\\/\\\/www.teixidors.com\\\/ca\\\/\",\"logo\":{\"@type\":\"ImageObject\",\"inLanguage\":\"ca\",\"@id\":\"https:\\\/\\\/www.teixidors.com\\\/ca\\\/#\\\/schema\\\/logo\\\/image\\\/\",\"url\":\"https:\\\/\\\/www.teixidors.com\\\/wp-content\\\/uploads\\\/2021\\\/08\\\/logo-mobile.svg\",\"contentUrl\":\"https:\\\/\\\/www.teixidors.com\\\/wp-content\\\/uploads\\\/2021\\\/08\\\/logo-mobile.svg\",\"width\":60,\"height\":84,\"caption\":\"Teixidors\"},\"image\":{\"@id\":\"https:\\\/\\\/www.teixidors.com\\\/ca\\\/#\\\/schema\\\/logo\\\/image\\\/\"},\"sameAs\":[\"http:\\\/\\\/www.facebook.com\\\/pages\\\/Teixidors\\\/195936563785628\",\"https:\\\/\\\/x.com\\\/teixidors\",\"http:\\\/\\\/www.pinterest.com\\\/teixidors\\\/\",\"https:\\\/\\\/www.instagram.com\\\/teixidors\\\/\"]}]}<\/script>\n<!-- \/ Yoast SEO plugin. -->","yoast_head_json":{"title":"Trama - Nostra publicaci\u00f3 - Teixidors","description":"TRAMA \u00e9s una publicaci\u00f3 de Teixidors que explora les fronteres entre disseny, artesania i cultura. No \u00e9s revista ni llibre: \u00e9s un \u00e9sser viu.","robots":{"index":"index","follow":"follow","max-snippet":"max-snippet:-1","max-image-preview":"max-image-preview:large","max-video-preview":"max-video-preview:-1"},"canonical":"https:\/\/www.teixidors.com\/ca\/trama-nostra-publicacio-teixidors\/","og_locale":"ca_ES","og_type":"article","og_title":"Trama - Nostra publicaci\u00f3 - Teixidors","og_description":"TRAMA \u00e9s una publicaci\u00f3 de Teixidors que explora les fronteres entre disseny, artesania i cultura. No \u00e9s revista ni llibre: \u00e9s un \u00e9sser viu.","og_url":"https:\/\/www.teixidors.com\/ca\/trama-nostra-publicacio-teixidors\/","og_site_name":"Teixidors","article_publisher":"http:\/\/www.facebook.com\/pages\/Teixidors\/195936563785628","article_modified_time":"2025-07-04T10:48:18+00:00","og_image":[{"width":1920,"height":1050,"url":"https:\/\/www.teixidors.com\/wp-content\/uploads\/2025\/09\/Teixidors-Moodern-decoracion-hogar.webp","type":"image\/webp"}],"schema":{"@context":"https:\/\/schema.org","@graph":[{"@type":"WebPage","@id":"https:\/\/www.teixidors.com\/ca\/trama-nostra-publicacio-teixidors\/","url":"https:\/\/www.teixidors.com\/ca\/trama-nostra-publicacio-teixidors\/","name":"Trama - Nostra publicaci\u00f3 - Teixidors","isPartOf":{"@id":"https:\/\/www.teixidors.com\/ca\/#website"},"primaryImageOfPage":{"@id":"https:\/\/www.teixidors.com\/ca\/trama-nostra-publicacio-teixidors\/#primaryimage"},"image":{"@id":"https:\/\/www.teixidors.com\/ca\/trama-nostra-publicacio-teixidors\/#primaryimage"},"thumbnailUrl":"https:\/\/www.teixidors.com\/wp-content\/uploads\/2025\/07\/7538b1c2-62c5-4486-81b1-e0e81c9bff42-e1751379831500.jpg","datePublished":"2025-07-02T10:00:49+00:00","dateModified":"2025-07-04T10:48:18+00:00","description":"TRAMA \u00e9s una publicaci\u00f3 de Teixidors que explora les fronteres entre disseny, artesania i cultura. No \u00e9s revista ni llibre: \u00e9s un \u00e9sser viu.","breadcrumb":{"@id":"https:\/\/www.teixidors.com\/ca\/trama-nostra-publicacio-teixidors\/#breadcrumb"},"inLanguage":"ca","potentialAction":[{"@type":"ReadAction","target":["https:\/\/www.teixidors.com\/ca\/trama-nostra-publicacio-teixidors\/"]}]},{"@type":"ImageObject","inLanguage":"ca","@id":"https:\/\/www.teixidors.com\/ca\/trama-nostra-publicacio-teixidors\/#primaryimage","url":"https:\/\/www.teixidors.com\/wp-content\/uploads\/2025\/07\/7538b1c2-62c5-4486-81b1-e0e81c9bff42-e1751379831500.jpg","contentUrl":"https:\/\/www.teixidors.com\/wp-content\/uploads\/2025\/07\/7538b1c2-62c5-4486-81b1-e0e81c9bff42-e1751379831500.jpg","width":1124,"height":644,"caption":"Trama publicacio n\u00ba2 Teixidors"},{"@type":"BreadcrumbList","@id":"https:\/\/www.teixidors.com\/ca\/trama-nostra-publicacio-teixidors\/#breadcrumb","itemListElement":[{"@type":"ListItem","position":1,"name":"Home","item":"https:\/\/www.teixidors.com\/ca\/"},{"@type":"ListItem","position":2,"name":"Trama &#8211; Nostra publicaci\u00f3"}]},{"@type":"WebSite","@id":"https:\/\/www.teixidors.com\/ca\/#website","url":"https:\/\/www.teixidors.com\/ca\/","name":"Teixidors","description":"Craftmanship fabrics since 1983 | Taller alta artesan\u00eda desde 1983","publisher":{"@id":"https:\/\/www.teixidors.com\/ca\/#organization"},"alternateName":"Teixidors craftmanship fabrics since 1983","potentialAction":[{"@type":"SearchAction","target":{"@type":"EntryPoint","urlTemplate":"https:\/\/www.teixidors.com\/ca\/?s={search_term_string}"},"query-input":{"@type":"PropertyValueSpecification","valueRequired":true,"valueName":"search_term_string"}}],"inLanguage":"ca"},{"@type":"Organization","@id":"https:\/\/www.teixidors.com\/ca\/#organization","name":"Teixidors","url":"https:\/\/www.teixidors.com\/ca\/","logo":{"@type":"ImageObject","inLanguage":"ca","@id":"https:\/\/www.teixidors.com\/ca\/#\/schema\/logo\/image\/","url":"https:\/\/www.teixidors.com\/wp-content\/uploads\/2021\/08\/logo-mobile.svg","contentUrl":"https:\/\/www.teixidors.com\/wp-content\/uploads\/2021\/08\/logo-mobile.svg","width":60,"height":84,"caption":"Teixidors"},"image":{"@id":"https:\/\/www.teixidors.com\/ca\/#\/schema\/logo\/image\/"},"sameAs":["http:\/\/www.facebook.com\/pages\/Teixidors\/195936563785628","https:\/\/x.com\/teixidors","http:\/\/www.pinterest.com\/teixidors\/","https:\/\/www.instagram.com\/teixidors\/"]}]}},"_links":{"self":[{"href":"https:\/\/www.teixidors.com\/ca\/wp-json\/wp\/v2\/pages\/12077","targetHints":{"allow":["GET"]}}],"collection":[{"href":"https:\/\/www.teixidors.com\/ca\/wp-json\/wp\/v2\/pages"}],"about":[{"href":"https:\/\/www.teixidors.com\/ca\/wp-json\/wp\/v2\/types\/page"}],"author":[{"embeddable":true,"href":"https:\/\/www.teixidors.com\/ca\/wp-json\/wp\/v2\/users\/3"}],"replies":[{"embeddable":true,"href":"https:\/\/www.teixidors.com\/ca\/wp-json\/wp\/v2\/comments?post=12077"}],"version-history":[{"count":4,"href":"https:\/\/www.teixidors.com\/ca\/wp-json\/wp\/v2\/pages\/12077\/revisions"}],"predecessor-version":[{"id":12147,"href":"https:\/\/www.teixidors.com\/ca\/wp-json\/wp\/v2\/pages\/12077\/revisions\/12147"}],"wp:featuredmedia":[{"embeddable":true,"href":"https:\/\/www.teixidors.com\/ca\/wp-json\/wp\/v2\/media\/12009"}],"wp:attachment":[{"href":"https:\/\/www.teixidors.com\/ca\/wp-json\/wp\/v2\/media?parent=12077"}],"curies":[{"name":"wp","href":"https:\/\/api.w.org\/{rel}","templated":true}]}}