{"id":289,"date":"2021-08-26T05:43:16","date_gmt":"2021-08-26T05:43:16","guid":{"rendered":"https:\/\/www.teixidors.com\/?page_id=289"},"modified":"2025-02-21T08:00:46","modified_gmt":"2025-02-21T08:00:46","slug":"carrito","status":"publish","type":"page","link":"https:\/\/www.teixidors.com\/ca\/carrito\/","title":{"rendered":"Cistella"},"content":{"rendered":"\n","protected":false},"excerpt":{"rendered":"","protected":false},"author":1,"featured_media":0,"parent":0,"menu_order":0,"comment_status":"closed","ping_status":"closed","template":"","meta":{"footnotes":""},"class_list":["post-289","page","type-page","status-publish","hentry"],"acf":[],"yoast_head":"<!-- This site is optimized with the Yoast SEO plugin v27.4 - https:\/\/yoast.com\/product\/yoast-seo-wordpress\/ -->\n<title>Cistella de Compra - Teixidors<\/title>\n<meta name=\"description\" content=\"Adquireixi la nostra col\u00b7lecci\u00f3 de t\u00e8xtils teixits a m\u00e0 amb fibres naturals. Finalitzeu la vostra compra de manera segura i senzilla.\" \/>\n<meta name=\"robots\" content=\"noindex, follow\" \/>\n<meta property=\"og:locale\" content=\"ca_ES\" \/>\n<meta property=\"og:type\" content=\"article\" \/>\n<meta property=\"og:title\" content=\"Cistella de Compra - Teixidors\" \/>\n<meta property=\"og:description\" content=\"Adquireixi la nostra col\u00b7lecci\u00f3 de t\u00e8xtils teixits a m\u00e0 amb fibres naturals. Finalitzeu la vostra compra de manera segura i senzilla.\" \/>\n<meta property=\"og:url\" content=\"https:\/\/www.teixidors.com\/ca\/carrito\/\" \/>\n<meta property=\"og:site_name\" content=\"Teixidors\" \/>\n<meta property=\"article:publisher\" content=\"http:\/\/www.facebook.com\/pages\/Teixidors\/195936563785628\" \/>\n<meta property=\"article:modified_time\" content=\"2025-02-21T08:00:46+00:00\" \/>\n<meta property=\"og:image\" content=\"https:\/\/www.teixidors.com\/wp-content\/uploads\/2025\/09\/Teixidors-Moodern-decoracion-hogar.webp\" \/>\n\t<meta property=\"og:image:width\" content=\"1920\" \/>\n\t<meta property=\"og:image:height\" content=\"1050\" \/>\n\t<meta property=\"og:image:type\" content=\"image\/webp\" \/>\n<script type=\"application\/ld+json\" class=\"yoast-schema-graph\">{\"@context\":\"https:\\\/\\\/schema.org\",\"@graph\":[{\"@type\":\"WebPage\",\"@id\":\"https:\\\/\\\/www.teixidors.com\\\/ca\\\/carrito\\\/\",\"url\":\"https:\\\/\\\/www.teixidors.com\\\/ca\\\/carrito\\\/\",\"name\":\"Cistella de Compra - Teixidors\",\"isPartOf\":{\"@id\":\"https:\\\/\\\/www.teixidors.com\\\/ca\\\/#website\"},\"datePublished\":\"2021-08-26T05:43:16+00:00\",\"dateModified\":\"2025-02-21T08:00:46+00:00\",\"description\":\"Adquireixi la nostra col\u00b7lecci\u00f3 de t\u00e8xtils teixits a m\u00e0 amb fibres naturals. Finalitzeu la vostra compra de manera segura i senzilla.\",\"breadcrumb\":{\"@id\":\"https:\\\/\\\/www.teixidors.com\\\/ca\\\/carrito\\\/#breadcrumb\"},\"inLanguage\":\"ca\",\"potentialAction\":[{\"@type\":\"ReadAction\",\"target\":[\"https:\\\/\\\/www.teixidors.com\\\/ca\\\/carrito\\\/\"]}]},{\"@type\":\"BreadcrumbList\",\"@id\":\"https:\\\/\\\/www.teixidors.com\\\/ca\\\/carrito\\\/#breadcrumb\",\"itemListElement\":[{\"@type\":\"ListItem\",\"position\":1,\"name\":\"Home\",\"item\":\"https:\\\/\\\/www.teixidors.com\\\/ca\\\/\"},{\"@type\":\"ListItem\",\"position\":2,\"name\":\"Cistella\"}]},{\"@type\":\"WebSite\",\"@id\":\"https:\\\/\\\/www.teixidors.com\\\/ca\\\/#website\",\"url\":\"https:\\\/\\\/www.teixidors.com\\\/ca\\\/\",\"name\":\"Teixidors\",\"description\":\"Craftmanship fabrics since 1983 | Taller alta artesan\u00eda desde 1983\",\"publisher\":{\"@id\":\"https:\\\/\\\/www.teixidors.com\\\/ca\\\/#organization\"},\"alternateName\":\"Teixidors craftmanship fabrics since 1983\",\"potentialAction\":[{\"@type\":\"SearchAction\",\"target\":{\"@type\":\"EntryPoint\",\"urlTemplate\":\"https:\\\/\\\/www.teixidors.com\\\/ca\\\/?s={search_term_string}\"},\"query-input\":{\"@type\":\"PropertyValueSpecification\",\"valueRequired\":true,\"valueName\":\"search_term_string\"}}],\"inLanguage\":\"ca\"},{\"@type\":\"Organization\",\"@id\":\"https:\\\/\\\/www.teixidors.com\\\/ca\\\/#organization\",\"name\":\"Teixidors\",\"url\":\"https:\\\/\\\/www.teixidors.com\\\/ca\\\/\",\"logo\":{\"@type\":\"ImageObject\",\"inLanguage\":\"ca\",\"@id\":\"https:\\\/\\\/www.teixidors.com\\\/ca\\\/#\\\/schema\\\/logo\\\/image\\\/\",\"url\":\"https:\\\/\\\/www.teixidors.com\\\/wp-content\\\/uploads\\\/2021\\\/08\\\/logo-mobile.svg\",\"contentUrl\":\"https:\\\/\\\/www.teixidors.com\\\/wp-content\\\/uploads\\\/2021\\\/08\\\/logo-mobile.svg\",\"width\":60,\"height\":84,\"caption\":\"Teixidors\"},\"image\":{\"@id\":\"https:\\\/\\\/www.teixidors.com\\\/ca\\\/#\\\/schema\\\/logo\\\/image\\\/\"},\"sameAs\":[\"http:\\\/\\\/www.facebook.com\\\/pages\\\/Teixidors\\\/195936563785628\",\"https:\\\/\\\/x.com\\\/teixidors\",\"http:\\\/\\\/www.pinterest.com\\\/teixidors\\\/\",\"https:\\\/\\\/www.instagram.com\\\/teixidors\\\/\"]}]}<\/script>\n<!-- \/ Yoast SEO plugin. -->","yoast_head_json":{"title":"Cistella de Compra - Teixidors","description":"Adquireixi la nostra col\u00b7lecci\u00f3 de t\u00e8xtils teixits a m\u00e0 amb fibres naturals. Finalitzeu la vostra compra de manera segura i senzilla.","robots":{"index":"noindex","follow":"follow"},"og_locale":"ca_ES","og_type":"article","og_title":"Cistella de Compra - Teixidors","og_description":"Adquireixi la nostra col\u00b7lecci\u00f3 de t\u00e8xtils teixits a m\u00e0 amb fibres naturals. Finalitzeu la vostra compra de manera segura i senzilla.","og_url":"https:\/\/www.teixidors.com\/ca\/carrito\/","og_site_name":"Teixidors","article_publisher":"http:\/\/www.facebook.com\/pages\/Teixidors\/195936563785628","article_modified_time":"2025-02-21T08:00:46+00:00","og_image":[{"width":1920,"height":1050,"url":"https:\/\/www.teixidors.com\/wp-content\/uploads\/2025\/09\/Teixidors-Moodern-decoracion-hogar.webp","type":"image\/webp"}],"schema":{"@context":"https:\/\/schema.org","@graph":[{"@type":"WebPage","@id":"https:\/\/www.teixidors.com\/ca\/carrito\/","url":"https:\/\/www.teixidors.com\/ca\/carrito\/","name":"Cistella de Compra - Teixidors","isPartOf":{"@id":"https:\/\/www.teixidors.com\/ca\/#website"},"datePublished":"2021-08-26T05:43:16+00:00","dateModified":"2025-02-21T08:00:46+00:00","description":"Adquireixi la nostra col\u00b7lecci\u00f3 de t\u00e8xtils teixits a m\u00e0 amb fibres naturals. Finalitzeu la vostra compra de manera segura i senzilla.","breadcrumb":{"@id":"https:\/\/www.teixidors.com\/ca\/carrito\/#breadcrumb"},"inLanguage":"ca","potentialAction":[{"@type":"ReadAction","target":["https:\/\/www.teixidors.com\/ca\/carrito\/"]}]},{"@type":"BreadcrumbList","@id":"https:\/\/www.teixidors.com\/ca\/carrito\/#breadcrumb","itemListElement":[{"@type":"ListItem","position":1,"name":"Home","item":"https:\/\/www.teixidors.com\/ca\/"},{"@type":"ListItem","position":2,"name":"Cistella"}]},{"@type":"WebSite","@id":"https:\/\/www.teixidors.com\/ca\/#website","url":"https:\/\/www.teixidors.com\/ca\/","name":"Teixidors","description":"Craftmanship fabrics since 1983 | Taller alta artesan\u00eda desde 1983","publisher":{"@id":"https:\/\/www.teixidors.com\/ca\/#organization"},"alternateName":"Teixidors craftmanship fabrics since 1983","potentialAction":[{"@type":"SearchAction","target":{"@type":"EntryPoint","urlTemplate":"https:\/\/www.teixidors.com\/ca\/?s={search_term_string}"},"query-input":{"@type":"PropertyValueSpecification","valueRequired":true,"valueName":"search_term_string"}}],"inLanguage":"ca"},{"@type":"Organization","@id":"https:\/\/www.teixidors.com\/ca\/#organization","name":"Teixidors","url":"https:\/\/www.teixidors.com\/ca\/","logo":{"@type":"ImageObject","inLanguage":"ca","@id":"https:\/\/www.teixidors.com\/ca\/#\/schema\/logo\/image\/","url":"https:\/\/www.teixidors.com\/wp-content\/uploads\/2021\/08\/logo-mobile.svg","contentUrl":"https:\/\/www.teixidors.com\/wp-content\/uploads\/2021\/08\/logo-mobile.svg","width":60,"height":84,"caption":"Teixidors"},"image":{"@id":"https:\/\/www.teixidors.com\/ca\/#\/schema\/logo\/image\/"},"sameAs":["http:\/\/www.facebook.com\/pages\/Teixidors\/195936563785628","https:\/\/x.com\/teixidors","http:\/\/www.pinterest.com\/teixidors\/","https:\/\/www.instagram.com\/teixidors\/"]}]}},"_links":{"self":[{"href":"https:\/\/www.teixidors.com\/ca\/wp-json\/wp\/v2\/pages\/289","targetHints":{"allow":["GET"]}}],"collection":[{"href":"https:\/\/www.teixidors.com\/ca\/wp-json\/wp\/v2\/pages"}],"about":[{"href":"https:\/\/www.teixidors.com\/ca\/wp-json\/wp\/v2\/types\/page"}],"author":[{"embeddable":true,"href":"https:\/\/www.teixidors.com\/ca\/wp-json\/wp\/v2\/users\/1"}],"replies":[{"embeddable":true,"href":"https:\/\/www.teixidors.com\/ca\/wp-json\/wp\/v2\/comments?post=289"}],"version-history":[{"count":4,"href":"https:\/\/www.teixidors.com\/ca\/wp-json\/wp\/v2\/pages\/289\/revisions"}],"predecessor-version":[{"id":9647,"href":"https:\/\/www.teixidors.com\/ca\/wp-json\/wp\/v2\/pages\/289\/revisions\/9647"}],"wp:attachment":[{"href":"https:\/\/www.teixidors.com\/ca\/wp-json\/wp\/v2\/media?parent=289"}],"curies":[{"name":"wp","href":"https:\/\/api.w.org\/{rel}","templated":true}]}}