{"id":10149,"date":"2024-10-23T13:06:53","date_gmt":"2024-10-23T13:06:53","guid":{"rendered":"https:\/\/www.teixidors.com\/product\/camino-de-mesa-diseno-lino-y-2-servilletas\/"},"modified":"2024-11-11T15:59:16","modified_gmt":"2024-11-11T15:59:16","slug":"cami-de-taula-disseny-lli-i-2-tovallons","status":"publish","type":"product","link":"https:\/\/www.teixidors.com\/ca\/producte\/cami-de-taula-disseny-lli-i-2-tovallons\/","title":{"rendered":"SET Cam\u00ed de Taula i 2 Tovallons"},"content":{"rendered":"","protected":false},"excerpt":{"rendered":"","protected":false},"featured_media":10140,"template":"","meta":[],"product_cat":[15],"product_tag":[],"class_list":["post-10149","product","type-product","status-publish","has-post-thumbnail","hentry","product_cat-uncategorized","pa_colour-cru","pa_colour-gris-ca"],"acf":[],"yoast_head":"<!-- This site is optimized with the Yoast SEO plugin v27.4 - https:\/\/yoast.com\/product\/yoast-seo-wordpress\/ -->\n<title>SET Cam\u00ed de Taula i 2 Tovallons - Teixidors<\/title>\n<meta name=\"description\" content=\"Un cam\u00ed de taula de disseny en ll\u00ed per als amants de les fibres naturals, on l&#039;eleg\u00e0ncia dels teixits es combina amb la delicadesa dels acabats.\" \/>\n<meta name=\"robots\" content=\"index, follow, max-snippet:-1, max-image-preview:large, max-video-preview:-1\" \/>\n<link rel=\"canonical\" href=\"https:\/\/www.teixidors.com\/ca\/producte\/cami-de-taula-disseny-lli-i-2-tovallons\/\" \/>\n<meta property=\"og:locale\" content=\"ca_ES\" \/>\n<meta property=\"og:type\" content=\"article\" \/>\n<meta property=\"og:title\" content=\"SET Cam\u00ed de Taula i 2 Tovallons - Teixidors\" \/>\n<meta property=\"og:description\" content=\"Un cam\u00ed de taula de disseny en ll\u00ed per als amants de les fibres naturals, on l&#039;eleg\u00e0ncia dels teixits es combina amb la delicadesa dels acabats.\" \/>\n<meta property=\"og:url\" content=\"https:\/\/www.teixidors.com\/ca\/producte\/cami-de-taula-disseny-lli-i-2-tovallons\/\" \/>\n<meta property=\"og:site_name\" content=\"Teixidors\" \/>\n<meta property=\"article:publisher\" content=\"http:\/\/www.facebook.com\/pages\/Teixidors\/195936563785628\" \/>\n<meta property=\"article:modified_time\" content=\"2024-11-11T15:59:16+00:00\" \/>\n<meta property=\"og:image\" content=\"https:\/\/www.teixidors.com\/wp-content\/uploads\/2024\/10\/Camino-mesa-lino-certificado-gris-.jpg\" \/>\n\t<meta property=\"og:image:width\" content=\"900\" \/>\n\t<meta property=\"og:image:height\" content=\"1350\" \/>\n\t<meta property=\"og:image:type\" content=\"image\/jpeg\" \/>\n<script type=\"application\/ld+json\" class=\"yoast-schema-graph\">{\"@context\":\"https:\\\/\\\/schema.org\",\"@graph\":[{\"@type\":[\"WebPage\",\"ItemPage\"],\"@id\":\"https:\\\/\\\/www.teixidors.com\\\/ca\\\/producte\\\/cami-de-taula-disseny-lli-i-2-tovallons\\\/\",\"url\":\"https:\\\/\\\/www.teixidors.com\\\/ca\\\/producte\\\/cami-de-taula-disseny-lli-i-2-tovallons\\\/\",\"name\":\"SET Cam\u00ed de Taula i 2 Tovallons - Teixidors\",\"isPartOf\":{\"@id\":\"https:\\\/\\\/www.teixidors.com\\\/ca\\\/#website\"},\"primaryImageOfPage\":{\"@id\":\"https:\\\/\\\/www.teixidors.com\\\/ca\\\/producte\\\/cami-de-taula-disseny-lli-i-2-tovallons\\\/#primaryimage\"},\"image\":{\"@id\":\"https:\\\/\\\/www.teixidors.com\\\/ca\\\/producte\\\/cami-de-taula-disseny-lli-i-2-tovallons\\\/#primaryimage\"},\"thumbnailUrl\":\"https:\\\/\\\/www.teixidors.com\\\/wp-content\\\/uploads\\\/2024\\\/10\\\/Camino-mesa-lino-certificado-gris-.jpg\",\"datePublished\":\"2024-10-23T13:06:53+00:00\",\"dateModified\":\"2024-11-11T15:59:16+00:00\",\"description\":\"Un cam\u00ed de taula de disseny en ll\u00ed per als amants de les fibres naturals, on l'eleg\u00e0ncia dels teixits es combina amb la delicadesa dels acabats.\",\"breadcrumb\":{\"@id\":\"https:\\\/\\\/www.teixidors.com\\\/ca\\\/producte\\\/cami-de-taula-disseny-lli-i-2-tovallons\\\/#breadcrumb\"},\"inLanguage\":\"ca\",\"potentialAction\":[{\"@type\":\"ReadAction\",\"target\":[\"https:\\\/\\\/www.teixidors.com\\\/ca\\\/producte\\\/cami-de-taula-disseny-lli-i-2-tovallons\\\/\"]}]},{\"@type\":\"ImageObject\",\"inLanguage\":\"ca\",\"@id\":\"https:\\\/\\\/www.teixidors.com\\\/ca\\\/producte\\\/cami-de-taula-disseny-lli-i-2-tovallons\\\/#primaryimage\",\"url\":\"https:\\\/\\\/www.teixidors.com\\\/wp-content\\\/uploads\\\/2024\\\/10\\\/Camino-mesa-lino-certificado-gris-.jpg\",\"contentUrl\":\"https:\\\/\\\/www.teixidors.com\\\/wp-content\\\/uploads\\\/2024\\\/10\\\/Camino-mesa-lino-certificado-gris-.jpg\",\"width\":900,\"height\":1350},{\"@type\":\"BreadcrumbList\",\"@id\":\"https:\\\/\\\/www.teixidors.com\\\/ca\\\/producte\\\/cami-de-taula-disseny-lli-i-2-tovallons\\\/#breadcrumb\",\"itemListElement\":[{\"@type\":\"ListItem\",\"position\":1,\"name\":\"Home\",\"item\":\"https:\\\/\\\/www.teixidors.com\\\/ca\\\/\"},{\"@type\":\"ListItem\",\"position\":2,\"name\":\"Botiga\",\"item\":\"https:\\\/\\\/www.teixidors.com\\\/tienda\\\/?lang=ca\"},{\"@type\":\"ListItem\",\"position\":3,\"name\":\"SET Cam\u00ed de Taula i 2 Tovallons\"}]},{\"@type\":\"WebSite\",\"@id\":\"https:\\\/\\\/www.teixidors.com\\\/ca\\\/#website\",\"url\":\"https:\\\/\\\/www.teixidors.com\\\/ca\\\/\",\"name\":\"Teixidors\",\"description\":\"Craftmanship fabrics since 1983 | Taller alta artesan\u00eda desde 1983\",\"publisher\":{\"@id\":\"https:\\\/\\\/www.teixidors.com\\\/ca\\\/#organization\"},\"alternateName\":\"Teixidors craftmanship fabrics since 1983\",\"potentialAction\":[{\"@type\":\"SearchAction\",\"target\":{\"@type\":\"EntryPoint\",\"urlTemplate\":\"https:\\\/\\\/www.teixidors.com\\\/ca\\\/?s={search_term_string}\"},\"query-input\":{\"@type\":\"PropertyValueSpecification\",\"valueRequired\":true,\"valueName\":\"search_term_string\"}}],\"inLanguage\":\"ca\"},{\"@type\":\"Organization\",\"@id\":\"https:\\\/\\\/www.teixidors.com\\\/ca\\\/#organization\",\"name\":\"Teixidors\",\"url\":\"https:\\\/\\\/www.teixidors.com\\\/ca\\\/\",\"logo\":{\"@type\":\"ImageObject\",\"inLanguage\":\"ca\",\"@id\":\"https:\\\/\\\/www.teixidors.com\\\/ca\\\/#\\\/schema\\\/logo\\\/image\\\/\",\"url\":\"https:\\\/\\\/www.teixidors.com\\\/wp-content\\\/uploads\\\/2021\\\/08\\\/logo-mobile.svg\",\"contentUrl\":\"https:\\\/\\\/www.teixidors.com\\\/wp-content\\\/uploads\\\/2021\\\/08\\\/logo-mobile.svg\",\"width\":60,\"height\":84,\"caption\":\"Teixidors\"},\"image\":{\"@id\":\"https:\\\/\\\/www.teixidors.com\\\/ca\\\/#\\\/schema\\\/logo\\\/image\\\/\"},\"sameAs\":[\"http:\\\/\\\/www.facebook.com\\\/pages\\\/Teixidors\\\/195936563785628\",\"https:\\\/\\\/x.com\\\/teixidors\",\"http:\\\/\\\/www.pinterest.com\\\/teixidors\\\/\",\"https:\\\/\\\/www.instagram.com\\\/teixidors\\\/\"]}]}<\/script>\n<!-- \/ Yoast SEO plugin. -->","yoast_head_json":{"title":"SET Cam\u00ed de Taula i 2 Tovallons - Teixidors","description":"Un cam\u00ed de taula de disseny en ll\u00ed per als amants de les fibres naturals, on l'eleg\u00e0ncia dels teixits es combina amb la delicadesa dels acabats.","robots":{"index":"index","follow":"follow","max-snippet":"max-snippet:-1","max-image-preview":"max-image-preview:large","max-video-preview":"max-video-preview:-1"},"canonical":"https:\/\/www.teixidors.com\/ca\/producte\/cami-de-taula-disseny-lli-i-2-tovallons\/","og_locale":"ca_ES","og_type":"article","og_title":"SET Cam\u00ed de Taula i 2 Tovallons - Teixidors","og_description":"Un cam\u00ed de taula de disseny en ll\u00ed per als amants de les fibres naturals, on l'eleg\u00e0ncia dels teixits es combina amb la delicadesa dels acabats.","og_url":"https:\/\/www.teixidors.com\/ca\/producte\/cami-de-taula-disseny-lli-i-2-tovallons\/","og_site_name":"Teixidors","article_publisher":"http:\/\/www.facebook.com\/pages\/Teixidors\/195936563785628","article_modified_time":"2024-11-11T15:59:16+00:00","og_image":[{"width":900,"height":1350,"url":"https:\/\/www.teixidors.com\/wp-content\/uploads\/2024\/10\/Camino-mesa-lino-certificado-gris-.jpg","type":"image\/jpeg"}],"schema":{"@context":"https:\/\/schema.org","@graph":[{"@type":["WebPage","ItemPage"],"@id":"https:\/\/www.teixidors.com\/ca\/producte\/cami-de-taula-disseny-lli-i-2-tovallons\/","url":"https:\/\/www.teixidors.com\/ca\/producte\/cami-de-taula-disseny-lli-i-2-tovallons\/","name":"SET Cam\u00ed de Taula i 2 Tovallons - Teixidors","isPartOf":{"@id":"https:\/\/www.teixidors.com\/ca\/#website"},"primaryImageOfPage":{"@id":"https:\/\/www.teixidors.com\/ca\/producte\/cami-de-taula-disseny-lli-i-2-tovallons\/#primaryimage"},"image":{"@id":"https:\/\/www.teixidors.com\/ca\/producte\/cami-de-taula-disseny-lli-i-2-tovallons\/#primaryimage"},"thumbnailUrl":"https:\/\/www.teixidors.com\/wp-content\/uploads\/2024\/10\/Camino-mesa-lino-certificado-gris-.jpg","datePublished":"2024-10-23T13:06:53+00:00","dateModified":"2024-11-11T15:59:16+00:00","description":"Un cam\u00ed de taula de disseny en ll\u00ed per als amants de les fibres naturals, on l'eleg\u00e0ncia dels teixits es combina amb la delicadesa dels acabats.","breadcrumb":{"@id":"https:\/\/www.teixidors.com\/ca\/producte\/cami-de-taula-disseny-lli-i-2-tovallons\/#breadcrumb"},"inLanguage":"ca","potentialAction":[{"@type":"ReadAction","target":["https:\/\/www.teixidors.com\/ca\/producte\/cami-de-taula-disseny-lli-i-2-tovallons\/"]}]},{"@type":"ImageObject","inLanguage":"ca","@id":"https:\/\/www.teixidors.com\/ca\/producte\/cami-de-taula-disseny-lli-i-2-tovallons\/#primaryimage","url":"https:\/\/www.teixidors.com\/wp-content\/uploads\/2024\/10\/Camino-mesa-lino-certificado-gris-.jpg","contentUrl":"https:\/\/www.teixidors.com\/wp-content\/uploads\/2024\/10\/Camino-mesa-lino-certificado-gris-.jpg","width":900,"height":1350},{"@type":"BreadcrumbList","@id":"https:\/\/www.teixidors.com\/ca\/producte\/cami-de-taula-disseny-lli-i-2-tovallons\/#breadcrumb","itemListElement":[{"@type":"ListItem","position":1,"name":"Home","item":"https:\/\/www.teixidors.com\/ca\/"},{"@type":"ListItem","position":2,"name":"Botiga","item":"https:\/\/www.teixidors.com\/tienda\/?lang=ca"},{"@type":"ListItem","position":3,"name":"SET Cam\u00ed de Taula i 2 Tovallons"}]},{"@type":"WebSite","@id":"https:\/\/www.teixidors.com\/ca\/#website","url":"https:\/\/www.teixidors.com\/ca\/","name":"Teixidors","description":"Craftmanship fabrics since 1983 | Taller alta artesan\u00eda desde 1983","publisher":{"@id":"https:\/\/www.teixidors.com\/ca\/#organization"},"alternateName":"Teixidors craftmanship fabrics since 1983","potentialAction":[{"@type":"SearchAction","target":{"@type":"EntryPoint","urlTemplate":"https:\/\/www.teixidors.com\/ca\/?s={search_term_string}"},"query-input":{"@type":"PropertyValueSpecification","valueRequired":true,"valueName":"search_term_string"}}],"inLanguage":"ca"},{"@type":"Organization","@id":"https:\/\/www.teixidors.com\/ca\/#organization","name":"Teixidors","url":"https:\/\/www.teixidors.com\/ca\/","logo":{"@type":"ImageObject","inLanguage":"ca","@id":"https:\/\/www.teixidors.com\/ca\/#\/schema\/logo\/image\/","url":"https:\/\/www.teixidors.com\/wp-content\/uploads\/2021\/08\/logo-mobile.svg","contentUrl":"https:\/\/www.teixidors.com\/wp-content\/uploads\/2021\/08\/logo-mobile.svg","width":60,"height":84,"caption":"Teixidors"},"image":{"@id":"https:\/\/www.teixidors.com\/ca\/#\/schema\/logo\/image\/"},"sameAs":["http:\/\/www.facebook.com\/pages\/Teixidors\/195936563785628","https:\/\/x.com\/teixidors","http:\/\/www.pinterest.com\/teixidors\/","https:\/\/www.instagram.com\/teixidors\/"]}]}},"_links":{"self":[{"href":"https:\/\/www.teixidors.com\/ca\/wp-json\/wp\/v2\/product\/10149","targetHints":{"allow":["GET"]}}],"collection":[{"href":"https:\/\/www.teixidors.com\/ca\/wp-json\/wp\/v2\/product"}],"about":[{"href":"https:\/\/www.teixidors.com\/ca\/wp-json\/wp\/v2\/types\/product"}],"wp:featuredmedia":[{"embeddable":true,"href":"https:\/\/www.teixidors.com\/ca\/wp-json\/wp\/v2\/media\/10140"}],"wp:attachment":[{"href":"https:\/\/www.teixidors.com\/ca\/wp-json\/wp\/v2\/media?parent=10149"}],"wp:term":[{"taxonomy":"product_cat","embeddable":true,"href":"https:\/\/www.teixidors.com\/ca\/wp-json\/wp\/v2\/product_cat?post=10149"},{"taxonomy":"product_tag","embeddable":true,"href":"https:\/\/www.teixidors.com\/ca\/wp-json\/wp\/v2\/product_tag?post=10149"}],"curies":[{"name":"wp","href":"https:\/\/api.w.org\/{rel}","templated":true}]}}