{"id":1895,"date":"2021-10-20T16:35:47","date_gmt":"2021-10-20T16:35:47","guid":{"rendered":"https:\/\/www.teixidors.com\/product\/temps\/"},"modified":"2023-11-27T15:53:37","modified_gmt":"2023-11-27T15:53:37","slug":"temps-manta-de-sofa-llana-merina-ecologica","status":"publish","type":"product","link":"https:\/\/www.teixidors.com\/ca\/producte\/temps-manta-de-sofa-llana-merina-ecologica\/","title":{"rendered":"Manta de Sof\u00e0 TEMPS"},"content":{"rendered":"","protected":false},"excerpt":{"rendered":"","protected":false},"featured_media":10545,"template":"","meta":[],"product_cat":[82,79],"product_tag":[],"class_list":["post-1895","product","type-product","status-publish","has-post-thumbnail","hentry","product_cat-mantes-de-sofa","product_cat-llar"],"acf":[],"yoast_head":"<!-- This site is optimized with the Yoast SEO plugin v27.4 - https:\/\/yoast.com\/product\/yoast-seo-wordpress\/ -->\n<title>Plaid 100% llana merino ecol\u00f2gica - Plaids Teixidors<\/title>\n<meta name=\"description\" content=\"Descobriu l&#039;ess\u00e8ncia de la natura. Plaid 100% llana merina ecol\u00f2gica francesa. El seu disseny reversible i teixit en teler manual li atorguen una qualitat sense igual\" \/>\n<meta name=\"robots\" content=\"index, follow, max-snippet:-1, max-image-preview:large, max-video-preview:-1\" \/>\n<link rel=\"canonical\" href=\"https:\/\/www.teixidors.com\/ca\/producte\/temps-manta-de-sofa-llana-merina-ecologica\/\" \/>\n<meta property=\"og:locale\" content=\"ca_ES\" \/>\n<meta property=\"og:type\" content=\"article\" \/>\n<meta property=\"og:title\" content=\"Plaid 100% llana merino ecol\u00f2gica - Plaids Teixidors\" \/>\n<meta property=\"og:description\" content=\"Descobriu l&#039;ess\u00e8ncia de la natura. Plaid 100% llana merina ecol\u00f2gica francesa. El seu disseny reversible i teixit en teler manual li atorguen una qualitat sense igual\" \/>\n<meta property=\"og:url\" content=\"https:\/\/www.teixidors.com\/ca\/producte\/temps-manta-de-sofa-llana-merina-ecologica\/\" \/>\n<meta property=\"og:site_name\" content=\"Teixidors\" \/>\n<meta property=\"article:publisher\" content=\"http:\/\/www.facebook.com\/pages\/Teixidors\/195936563785628\" \/>\n<meta property=\"article:modified_time\" content=\"2023-11-27T15:53:37+00:00\" \/>\n<meta property=\"og:image\" content=\"https:\/\/www.teixidors.com\/wp-content\/uploads\/2024\/11\/TEMPS-local-merino-wool-throw.jpg\" \/>\n\t<meta property=\"og:image:width\" content=\"800\" \/>\n\t<meta property=\"og:image:height\" content=\"1200\" \/>\n\t<meta property=\"og:image:type\" content=\"image\/jpeg\" \/>\n<script type=\"application\/ld+json\" class=\"yoast-schema-graph\">{\"@context\":\"https:\\\/\\\/schema.org\",\"@graph\":[{\"@type\":[\"WebPage\",\"ItemPage\"],\"@id\":\"https:\\\/\\\/www.teixidors.com\\\/ca\\\/producte\\\/temps-manta-de-sofa-llana-merina-ecologica\\\/\",\"url\":\"https:\\\/\\\/www.teixidors.com\\\/ca\\\/producte\\\/temps-manta-de-sofa-llana-merina-ecologica\\\/\",\"name\":\"Plaid 100% llana merino ecol\u00f2gica - Plaids Teixidors\",\"isPartOf\":{\"@id\":\"https:\\\/\\\/www.teixidors.com\\\/ca\\\/#website\"},\"primaryImageOfPage\":{\"@id\":\"https:\\\/\\\/www.teixidors.com\\\/ca\\\/producte\\\/temps-manta-de-sofa-llana-merina-ecologica\\\/#primaryimage\"},\"image\":{\"@id\":\"https:\\\/\\\/www.teixidors.com\\\/ca\\\/producte\\\/temps-manta-de-sofa-llana-merina-ecologica\\\/#primaryimage\"},\"thumbnailUrl\":\"https:\\\/\\\/www.teixidors.com\\\/wp-content\\\/uploads\\\/2024\\\/11\\\/TEMPS-local-merino-wool-throw-1-scaled.jpg\",\"datePublished\":\"2021-10-20T16:35:47+00:00\",\"dateModified\":\"2023-11-27T15:53:37+00:00\",\"description\":\"Descobriu l'ess\u00e8ncia de la natura. Plaid 100% llana merina ecol\u00f2gica francesa. El seu disseny reversible i teixit en teler manual li atorguen una qualitat sense igual\",\"breadcrumb\":{\"@id\":\"https:\\\/\\\/www.teixidors.com\\\/ca\\\/producte\\\/temps-manta-de-sofa-llana-merina-ecologica\\\/#breadcrumb\"},\"inLanguage\":\"ca\",\"potentialAction\":[{\"@type\":\"ReadAction\",\"target\":[\"https:\\\/\\\/www.teixidors.com\\\/ca\\\/producte\\\/temps-manta-de-sofa-llana-merina-ecologica\\\/\"]}]},{\"@type\":\"ImageObject\",\"inLanguage\":\"ca\",\"@id\":\"https:\\\/\\\/www.teixidors.com\\\/ca\\\/producte\\\/temps-manta-de-sofa-llana-merina-ecologica\\\/#primaryimage\",\"url\":\"https:\\\/\\\/www.teixidors.com\\\/wp-content\\\/uploads\\\/2024\\\/11\\\/TEMPS-local-merino-wool-throw-1-scaled.jpg\",\"contentUrl\":\"https:\\\/\\\/www.teixidors.com\\\/wp-content\\\/uploads\\\/2024\\\/11\\\/TEMPS-local-merino-wool-throw-1-scaled.jpg\",\"width\":1333,\"height\":2000},{\"@type\":\"BreadcrumbList\",\"@id\":\"https:\\\/\\\/www.teixidors.com\\\/ca\\\/producte\\\/temps-manta-de-sofa-llana-merina-ecologica\\\/#breadcrumb\",\"itemListElement\":[{\"@type\":\"ListItem\",\"position\":1,\"name\":\"Home\",\"item\":\"https:\\\/\\\/www.teixidors.com\\\/ca\\\/\"},{\"@type\":\"ListItem\",\"position\":2,\"name\":\"Botiga\",\"item\":\"https:\\\/\\\/www.teixidors.com\\\/tienda\\\/?lang=ca\"},{\"@type\":\"ListItem\",\"position\":3,\"name\":\"Manta de Sof\u00e0 TEMPS\"}]},{\"@type\":\"WebSite\",\"@id\":\"https:\\\/\\\/www.teixidors.com\\\/ca\\\/#website\",\"url\":\"https:\\\/\\\/www.teixidors.com\\\/ca\\\/\",\"name\":\"Teixidors\",\"description\":\"Craftmanship fabrics since 1983 | Taller alta artesan\u00eda desde 1983\",\"publisher\":{\"@id\":\"https:\\\/\\\/www.teixidors.com\\\/ca\\\/#organization\"},\"alternateName\":\"Teixidors craftmanship fabrics since 1983\",\"potentialAction\":[{\"@type\":\"SearchAction\",\"target\":{\"@type\":\"EntryPoint\",\"urlTemplate\":\"https:\\\/\\\/www.teixidors.com\\\/ca\\\/?s={search_term_string}\"},\"query-input\":{\"@type\":\"PropertyValueSpecification\",\"valueRequired\":true,\"valueName\":\"search_term_string\"}}],\"inLanguage\":\"ca\"},{\"@type\":\"Organization\",\"@id\":\"https:\\\/\\\/www.teixidors.com\\\/ca\\\/#organization\",\"name\":\"Teixidors\",\"url\":\"https:\\\/\\\/www.teixidors.com\\\/ca\\\/\",\"logo\":{\"@type\":\"ImageObject\",\"inLanguage\":\"ca\",\"@id\":\"https:\\\/\\\/www.teixidors.com\\\/ca\\\/#\\\/schema\\\/logo\\\/image\\\/\",\"url\":\"https:\\\/\\\/www.teixidors.com\\\/wp-content\\\/uploads\\\/2021\\\/08\\\/logo-mobile.svg\",\"contentUrl\":\"https:\\\/\\\/www.teixidors.com\\\/wp-content\\\/uploads\\\/2021\\\/08\\\/logo-mobile.svg\",\"width\":60,\"height\":84,\"caption\":\"Teixidors\"},\"image\":{\"@id\":\"https:\\\/\\\/www.teixidors.com\\\/ca\\\/#\\\/schema\\\/logo\\\/image\\\/\"},\"sameAs\":[\"http:\\\/\\\/www.facebook.com\\\/pages\\\/Teixidors\\\/195936563785628\",\"https:\\\/\\\/x.com\\\/teixidors\",\"http:\\\/\\\/www.pinterest.com\\\/teixidors\\\/\",\"https:\\\/\\\/www.instagram.com\\\/teixidors\\\/\"]}]}<\/script>\n<!-- \/ Yoast SEO plugin. -->","yoast_head_json":{"title":"Plaid 100% llana merino ecol\u00f2gica - Plaids Teixidors","description":"Descobriu l'ess\u00e8ncia de la natura. Plaid 100% llana merina ecol\u00f2gica francesa. El seu disseny reversible i teixit en teler manual li atorguen una qualitat sense igual","robots":{"index":"index","follow":"follow","max-snippet":"max-snippet:-1","max-image-preview":"max-image-preview:large","max-video-preview":"max-video-preview:-1"},"canonical":"https:\/\/www.teixidors.com\/ca\/producte\/temps-manta-de-sofa-llana-merina-ecologica\/","og_locale":"ca_ES","og_type":"article","og_title":"Plaid 100% llana merino ecol\u00f2gica - Plaids Teixidors","og_description":"Descobriu l'ess\u00e8ncia de la natura. Plaid 100% llana merina ecol\u00f2gica francesa. El seu disseny reversible i teixit en teler manual li atorguen una qualitat sense igual","og_url":"https:\/\/www.teixidors.com\/ca\/producte\/temps-manta-de-sofa-llana-merina-ecologica\/","og_site_name":"Teixidors","article_publisher":"http:\/\/www.facebook.com\/pages\/Teixidors\/195936563785628","article_modified_time":"2023-11-27T15:53:37+00:00","og_image":[{"width":800,"height":1200,"url":"https:\/\/www.teixidors.com\/wp-content\/uploads\/2024\/11\/TEMPS-local-merino-wool-throw.jpg","type":"image\/jpeg"}],"schema":{"@context":"https:\/\/schema.org","@graph":[{"@type":["WebPage","ItemPage"],"@id":"https:\/\/www.teixidors.com\/ca\/producte\/temps-manta-de-sofa-llana-merina-ecologica\/","url":"https:\/\/www.teixidors.com\/ca\/producte\/temps-manta-de-sofa-llana-merina-ecologica\/","name":"Plaid 100% llana merino ecol\u00f2gica - Plaids Teixidors","isPartOf":{"@id":"https:\/\/www.teixidors.com\/ca\/#website"},"primaryImageOfPage":{"@id":"https:\/\/www.teixidors.com\/ca\/producte\/temps-manta-de-sofa-llana-merina-ecologica\/#primaryimage"},"image":{"@id":"https:\/\/www.teixidors.com\/ca\/producte\/temps-manta-de-sofa-llana-merina-ecologica\/#primaryimage"},"thumbnailUrl":"https:\/\/www.teixidors.com\/wp-content\/uploads\/2024\/11\/TEMPS-local-merino-wool-throw-1-scaled.jpg","datePublished":"2021-10-20T16:35:47+00:00","dateModified":"2023-11-27T15:53:37+00:00","description":"Descobriu l'ess\u00e8ncia de la natura. Plaid 100% llana merina ecol\u00f2gica francesa. El seu disseny reversible i teixit en teler manual li atorguen una qualitat sense igual","breadcrumb":{"@id":"https:\/\/www.teixidors.com\/ca\/producte\/temps-manta-de-sofa-llana-merina-ecologica\/#breadcrumb"},"inLanguage":"ca","potentialAction":[{"@type":"ReadAction","target":["https:\/\/www.teixidors.com\/ca\/producte\/temps-manta-de-sofa-llana-merina-ecologica\/"]}]},{"@type":"ImageObject","inLanguage":"ca","@id":"https:\/\/www.teixidors.com\/ca\/producte\/temps-manta-de-sofa-llana-merina-ecologica\/#primaryimage","url":"https:\/\/www.teixidors.com\/wp-content\/uploads\/2024\/11\/TEMPS-local-merino-wool-throw-1-scaled.jpg","contentUrl":"https:\/\/www.teixidors.com\/wp-content\/uploads\/2024\/11\/TEMPS-local-merino-wool-throw-1-scaled.jpg","width":1333,"height":2000},{"@type":"BreadcrumbList","@id":"https:\/\/www.teixidors.com\/ca\/producte\/temps-manta-de-sofa-llana-merina-ecologica\/#breadcrumb","itemListElement":[{"@type":"ListItem","position":1,"name":"Home","item":"https:\/\/www.teixidors.com\/ca\/"},{"@type":"ListItem","position":2,"name":"Botiga","item":"https:\/\/www.teixidors.com\/tienda\/?lang=ca"},{"@type":"ListItem","position":3,"name":"Manta de Sof\u00e0 TEMPS"}]},{"@type":"WebSite","@id":"https:\/\/www.teixidors.com\/ca\/#website","url":"https:\/\/www.teixidors.com\/ca\/","name":"Teixidors","description":"Craftmanship fabrics since 1983 | Taller alta artesan\u00eda desde 1983","publisher":{"@id":"https:\/\/www.teixidors.com\/ca\/#organization"},"alternateName":"Teixidors craftmanship fabrics since 1983","potentialAction":[{"@type":"SearchAction","target":{"@type":"EntryPoint","urlTemplate":"https:\/\/www.teixidors.com\/ca\/?s={search_term_string}"},"query-input":{"@type":"PropertyValueSpecification","valueRequired":true,"valueName":"search_term_string"}}],"inLanguage":"ca"},{"@type":"Organization","@id":"https:\/\/www.teixidors.com\/ca\/#organization","name":"Teixidors","url":"https:\/\/www.teixidors.com\/ca\/","logo":{"@type":"ImageObject","inLanguage":"ca","@id":"https:\/\/www.teixidors.com\/ca\/#\/schema\/logo\/image\/","url":"https:\/\/www.teixidors.com\/wp-content\/uploads\/2021\/08\/logo-mobile.svg","contentUrl":"https:\/\/www.teixidors.com\/wp-content\/uploads\/2021\/08\/logo-mobile.svg","width":60,"height":84,"caption":"Teixidors"},"image":{"@id":"https:\/\/www.teixidors.com\/ca\/#\/schema\/logo\/image\/"},"sameAs":["http:\/\/www.facebook.com\/pages\/Teixidors\/195936563785628","https:\/\/x.com\/teixidors","http:\/\/www.pinterest.com\/teixidors\/","https:\/\/www.instagram.com\/teixidors\/"]}]}},"_links":{"self":[{"href":"https:\/\/www.teixidors.com\/ca\/wp-json\/wp\/v2\/product\/1895","targetHints":{"allow":["GET"]}}],"collection":[{"href":"https:\/\/www.teixidors.com\/ca\/wp-json\/wp\/v2\/product"}],"about":[{"href":"https:\/\/www.teixidors.com\/ca\/wp-json\/wp\/v2\/types\/product"}],"wp:featuredmedia":[{"embeddable":true,"href":"https:\/\/www.teixidors.com\/ca\/wp-json\/wp\/v2\/media\/10545"}],"wp:attachment":[{"href":"https:\/\/www.teixidors.com\/ca\/wp-json\/wp\/v2\/media?parent=1895"}],"wp:term":[{"taxonomy":"product_cat","embeddable":true,"href":"https:\/\/www.teixidors.com\/ca\/wp-json\/wp\/v2\/product_cat?post=1895"},{"taxonomy":"product_tag","embeddable":true,"href":"https:\/\/www.teixidors.com\/ca\/wp-json\/wp\/v2\/product_tag?post=1895"}],"curies":[{"name":"wp","href":"https:\/\/api.w.org\/{rel}","templated":true}]}}