{"id":2479,"date":"2021-10-25T19:09:51","date_gmt":"2021-10-25T19:09:51","guid":{"rendered":"https:\/\/www.teixidors.com\/product\/abans-cojin\/"},"modified":"2025-02-24T15:02:34","modified_gmt":"2025-02-24T15:02:34","slug":"abans-funda-de-coixi-lli-europeu","status":"publish","type":"product","link":"https:\/\/www.teixidors.com\/ca\/producte\/abans-funda-de-coixi-lli-europeu\/","title":{"rendered":"Funda de Coix\u00ed ABANS"},"content":{"rendered":"","protected":false},"excerpt":{"rendered":"","protected":false},"featured_media":11302,"template":"","meta":[],"product_cat":[79,81],"product_tag":[],"class_list":["post-2479","product","type-product","status-publish","has-post-thumbnail","hentry","product_cat-llar","product_cat-fundes-de-coixins","pa_colour-gris-clar","pa_size-50-x-30-cm-20-x-12-ca","pa_size-50-x-50-cm-20-x-20-ca"],"acf":[],"yoast_head":"<!-- This site is optimized with the Yoast SEO plugin v27.4 - https:\/\/yoast.com\/product\/yoast-seo-wordpress\/ -->\n<title>Funda de coix\u00ed 100% lli - Lli europeu certificat - Teixidors<\/title>\n<meta name=\"description\" content=\"Experimenta la suavitat i eleg\u00e0ncia del coix\u00ed Abans. Confeccionat en tons naturals a partir de 100% lli cultivat a Europa. Descobreix-ho a la nostra botiga online\" \/>\n<meta name=\"robots\" content=\"index, follow, max-snippet:-1, max-image-preview:large, max-video-preview:-1\" \/>\n<link rel=\"canonical\" href=\"https:\/\/www.teixidors.com\/ca\/producte\/abans-funda-de-coixi-lli-europeu\/\" \/>\n<meta property=\"og:locale\" content=\"ca_ES\" \/>\n<meta property=\"og:type\" content=\"article\" \/>\n<meta property=\"og:title\" content=\"Funda de coix\u00ed 100% lli - Lli europeu certificat - Teixidors\" \/>\n<meta property=\"og:description\" content=\"Experimenta la suavitat i eleg\u00e0ncia del coix\u00ed Abans. Confeccionat en tons naturals a partir de 100% lli cultivat a Europa. Descobreix-ho a la nostra botiga online\" \/>\n<meta property=\"og:url\" content=\"https:\/\/www.teixidors.com\/ca\/producte\/abans-funda-de-coixi-lli-europeu\/\" \/>\n<meta property=\"og:site_name\" content=\"Teixidors\" \/>\n<meta property=\"article:publisher\" content=\"http:\/\/www.facebook.com\/pages\/Teixidors\/195936563785628\" \/>\n<meta property=\"article:modified_time\" content=\"2025-02-24T15:02:34+00:00\" \/>\n<meta property=\"og:image\" content=\"https:\/\/www.teixidors.com\/wp-content\/uploads\/2021\/10\/Teixidors_ABANS_cushion_LightGrey_50x50_50x30_HR-e1678981042501.png\" \/>\n\t<meta property=\"og:image:width\" content=\"1920\" \/>\n\t<meta property=\"og:image:height\" content=\"1920\" \/>\n\t<meta property=\"og:image:type\" content=\"image\/png\" \/>\n<script type=\"application\/ld+json\" class=\"yoast-schema-graph\">{\"@context\":\"https:\\\/\\\/schema.org\",\"@graph\":[{\"@type\":[\"WebPage\",\"ItemPage\"],\"@id\":\"https:\\\/\\\/www.teixidors.com\\\/ca\\\/producte\\\/abans-funda-de-coixi-lli-europeu\\\/\",\"url\":\"https:\\\/\\\/www.teixidors.com\\\/ca\\\/producte\\\/abans-funda-de-coixi-lli-europeu\\\/\",\"name\":\"Funda de coix\u00ed 100% lli - Lli europeu certificat - Teixidors\",\"isPartOf\":{\"@id\":\"https:\\\/\\\/www.teixidors.com\\\/ca\\\/#website\"},\"primaryImageOfPage\":{\"@id\":\"https:\\\/\\\/www.teixidors.com\\\/ca\\\/producte\\\/abans-funda-de-coixi-lli-europeu\\\/#primaryimage\"},\"image\":{\"@id\":\"https:\\\/\\\/www.teixidors.com\\\/ca\\\/producte\\\/abans-funda-de-coixi-lli-europeu\\\/#primaryimage\"},\"thumbnailUrl\":\"https:\\\/\\\/www.teixidors.com\\\/wp-content\\\/uploads\\\/2021\\\/10\\\/Abans-cushion-cover-in-european-certified-linen-handwoven-in-Barcelona-scaled.jpg\",\"datePublished\":\"2021-10-25T19:09:51+00:00\",\"dateModified\":\"2025-02-24T15:02:34+00:00\",\"description\":\"Experimenta la suavitat i eleg\u00e0ncia del coix\u00ed Abans. Confeccionat en tons naturals a partir de 100% lli cultivat a Europa. Descobreix-ho a la nostra botiga online\",\"breadcrumb\":{\"@id\":\"https:\\\/\\\/www.teixidors.com\\\/ca\\\/producte\\\/abans-funda-de-coixi-lli-europeu\\\/#breadcrumb\"},\"inLanguage\":\"ca\",\"potentialAction\":[{\"@type\":\"ReadAction\",\"target\":[\"https:\\\/\\\/www.teixidors.com\\\/ca\\\/producte\\\/abans-funda-de-coixi-lli-europeu\\\/\"]}]},{\"@type\":\"ImageObject\",\"inLanguage\":\"ca\",\"@id\":\"https:\\\/\\\/www.teixidors.com\\\/ca\\\/producte\\\/abans-funda-de-coixi-lli-europeu\\\/#primaryimage\",\"url\":\"https:\\\/\\\/www.teixidors.com\\\/wp-content\\\/uploads\\\/2021\\\/10\\\/Abans-cushion-cover-in-european-certified-linen-handwoven-in-Barcelona-scaled.jpg\",\"contentUrl\":\"https:\\\/\\\/www.teixidors.com\\\/wp-content\\\/uploads\\\/2021\\\/10\\\/Abans-cushion-cover-in-european-certified-linen-handwoven-in-Barcelona-scaled.jpg\",\"width\":1334,\"height\":2000,\"caption\":\"Cushion from the ABANS collection in 100% European linen \\\"Masters of Linen\\\" \u00ae, featuring natural tones and subtle stitched lines, inspired by the art of basketry. Coj\u00edn Abans lino europeo certificado en tono crudo con franjas en negro\"},{\"@type\":\"BreadcrumbList\",\"@id\":\"https:\\\/\\\/www.teixidors.com\\\/ca\\\/producte\\\/abans-funda-de-coixi-lli-europeu\\\/#breadcrumb\",\"itemListElement\":[{\"@type\":\"ListItem\",\"position\":1,\"name\":\"Home\",\"item\":\"https:\\\/\\\/www.teixidors.com\\\/ca\\\/\"},{\"@type\":\"ListItem\",\"position\":2,\"name\":\"Botiga\",\"item\":\"https:\\\/\\\/www.teixidors.com\\\/tienda\\\/?lang=ca\"},{\"@type\":\"ListItem\",\"position\":3,\"name\":\"Funda de Coix\u00ed ABANS\"}]},{\"@type\":\"WebSite\",\"@id\":\"https:\\\/\\\/www.teixidors.com\\\/ca\\\/#website\",\"url\":\"https:\\\/\\\/www.teixidors.com\\\/ca\\\/\",\"name\":\"Teixidors\",\"description\":\"Craftmanship fabrics since 1983 | Taller alta artesan\u00eda desde 1983\",\"publisher\":{\"@id\":\"https:\\\/\\\/www.teixidors.com\\\/ca\\\/#organization\"},\"alternateName\":\"Teixidors craftmanship fabrics since 1983\",\"potentialAction\":[{\"@type\":\"SearchAction\",\"target\":{\"@type\":\"EntryPoint\",\"urlTemplate\":\"https:\\\/\\\/www.teixidors.com\\\/ca\\\/?s={search_term_string}\"},\"query-input\":{\"@type\":\"PropertyValueSpecification\",\"valueRequired\":true,\"valueName\":\"search_term_string\"}}],\"inLanguage\":\"ca\"},{\"@type\":\"Organization\",\"@id\":\"https:\\\/\\\/www.teixidors.com\\\/ca\\\/#organization\",\"name\":\"Teixidors\",\"url\":\"https:\\\/\\\/www.teixidors.com\\\/ca\\\/\",\"logo\":{\"@type\":\"ImageObject\",\"inLanguage\":\"ca\",\"@id\":\"https:\\\/\\\/www.teixidors.com\\\/ca\\\/#\\\/schema\\\/logo\\\/image\\\/\",\"url\":\"https:\\\/\\\/www.teixidors.com\\\/wp-content\\\/uploads\\\/2021\\\/08\\\/logo-mobile.svg\",\"contentUrl\":\"https:\\\/\\\/www.teixidors.com\\\/wp-content\\\/uploads\\\/2021\\\/08\\\/logo-mobile.svg\",\"width\":60,\"height\":84,\"caption\":\"Teixidors\"},\"image\":{\"@id\":\"https:\\\/\\\/www.teixidors.com\\\/ca\\\/#\\\/schema\\\/logo\\\/image\\\/\"},\"sameAs\":[\"http:\\\/\\\/www.facebook.com\\\/pages\\\/Teixidors\\\/195936563785628\",\"https:\\\/\\\/x.com\\\/teixidors\",\"http:\\\/\\\/www.pinterest.com\\\/teixidors\\\/\",\"https:\\\/\\\/www.instagram.com\\\/teixidors\\\/\"]}]}<\/script>\n<!-- \/ Yoast SEO plugin. -->","yoast_head_json":{"title":"Funda de coix\u00ed 100% lli - Lli europeu certificat - Teixidors","description":"Experimenta la suavitat i eleg\u00e0ncia del coix\u00ed Abans. Confeccionat en tons naturals a partir de 100% lli cultivat a Europa. Descobreix-ho a la nostra botiga online","robots":{"index":"index","follow":"follow","max-snippet":"max-snippet:-1","max-image-preview":"max-image-preview:large","max-video-preview":"max-video-preview:-1"},"canonical":"https:\/\/www.teixidors.com\/ca\/producte\/abans-funda-de-coixi-lli-europeu\/","og_locale":"ca_ES","og_type":"article","og_title":"Funda de coix\u00ed 100% lli - Lli europeu certificat - Teixidors","og_description":"Experimenta la suavitat i eleg\u00e0ncia del coix\u00ed Abans. Confeccionat en tons naturals a partir de 100% lli cultivat a Europa. Descobreix-ho a la nostra botiga online","og_url":"https:\/\/www.teixidors.com\/ca\/producte\/abans-funda-de-coixi-lli-europeu\/","og_site_name":"Teixidors","article_publisher":"http:\/\/www.facebook.com\/pages\/Teixidors\/195936563785628","article_modified_time":"2025-02-24T15:02:34+00:00","og_image":[{"width":1920,"height":1920,"url":"https:\/\/www.teixidors.com\/wp-content\/uploads\/2021\/10\/Teixidors_ABANS_cushion_LightGrey_50x50_50x30_HR-e1678981042501.png","type":"image\/png"}],"schema":{"@context":"https:\/\/schema.org","@graph":[{"@type":["WebPage","ItemPage"],"@id":"https:\/\/www.teixidors.com\/ca\/producte\/abans-funda-de-coixi-lli-europeu\/","url":"https:\/\/www.teixidors.com\/ca\/producte\/abans-funda-de-coixi-lli-europeu\/","name":"Funda de coix\u00ed 100% lli - Lli europeu certificat - Teixidors","isPartOf":{"@id":"https:\/\/www.teixidors.com\/ca\/#website"},"primaryImageOfPage":{"@id":"https:\/\/www.teixidors.com\/ca\/producte\/abans-funda-de-coixi-lli-europeu\/#primaryimage"},"image":{"@id":"https:\/\/www.teixidors.com\/ca\/producte\/abans-funda-de-coixi-lli-europeu\/#primaryimage"},"thumbnailUrl":"https:\/\/www.teixidors.com\/wp-content\/uploads\/2021\/10\/Abans-cushion-cover-in-european-certified-linen-handwoven-in-Barcelona-scaled.jpg","datePublished":"2021-10-25T19:09:51+00:00","dateModified":"2025-02-24T15:02:34+00:00","description":"Experimenta la suavitat i eleg\u00e0ncia del coix\u00ed Abans. Confeccionat en tons naturals a partir de 100% lli cultivat a Europa. Descobreix-ho a la nostra botiga online","breadcrumb":{"@id":"https:\/\/www.teixidors.com\/ca\/producte\/abans-funda-de-coixi-lli-europeu\/#breadcrumb"},"inLanguage":"ca","potentialAction":[{"@type":"ReadAction","target":["https:\/\/www.teixidors.com\/ca\/producte\/abans-funda-de-coixi-lli-europeu\/"]}]},{"@type":"ImageObject","inLanguage":"ca","@id":"https:\/\/www.teixidors.com\/ca\/producte\/abans-funda-de-coixi-lli-europeu\/#primaryimage","url":"https:\/\/www.teixidors.com\/wp-content\/uploads\/2021\/10\/Abans-cushion-cover-in-european-certified-linen-handwoven-in-Barcelona-scaled.jpg","contentUrl":"https:\/\/www.teixidors.com\/wp-content\/uploads\/2021\/10\/Abans-cushion-cover-in-european-certified-linen-handwoven-in-Barcelona-scaled.jpg","width":1334,"height":2000,"caption":"Cushion from the ABANS collection in 100% European linen \"Masters of Linen\" \u00ae, featuring natural tones and subtle stitched lines, inspired by the art of basketry. Coj\u00edn Abans lino europeo certificado en tono crudo con franjas en negro"},{"@type":"BreadcrumbList","@id":"https:\/\/www.teixidors.com\/ca\/producte\/abans-funda-de-coixi-lli-europeu\/#breadcrumb","itemListElement":[{"@type":"ListItem","position":1,"name":"Home","item":"https:\/\/www.teixidors.com\/ca\/"},{"@type":"ListItem","position":2,"name":"Botiga","item":"https:\/\/www.teixidors.com\/tienda\/?lang=ca"},{"@type":"ListItem","position":3,"name":"Funda de Coix\u00ed ABANS"}]},{"@type":"WebSite","@id":"https:\/\/www.teixidors.com\/ca\/#website","url":"https:\/\/www.teixidors.com\/ca\/","name":"Teixidors","description":"Craftmanship fabrics since 1983 | Taller alta artesan\u00eda desde 1983","publisher":{"@id":"https:\/\/www.teixidors.com\/ca\/#organization"},"alternateName":"Teixidors craftmanship fabrics since 1983","potentialAction":[{"@type":"SearchAction","target":{"@type":"EntryPoint","urlTemplate":"https:\/\/www.teixidors.com\/ca\/?s={search_term_string}"},"query-input":{"@type":"PropertyValueSpecification","valueRequired":true,"valueName":"search_term_string"}}],"inLanguage":"ca"},{"@type":"Organization","@id":"https:\/\/www.teixidors.com\/ca\/#organization","name":"Teixidors","url":"https:\/\/www.teixidors.com\/ca\/","logo":{"@type":"ImageObject","inLanguage":"ca","@id":"https:\/\/www.teixidors.com\/ca\/#\/schema\/logo\/image\/","url":"https:\/\/www.teixidors.com\/wp-content\/uploads\/2021\/08\/logo-mobile.svg","contentUrl":"https:\/\/www.teixidors.com\/wp-content\/uploads\/2021\/08\/logo-mobile.svg","width":60,"height":84,"caption":"Teixidors"},"image":{"@id":"https:\/\/www.teixidors.com\/ca\/#\/schema\/logo\/image\/"},"sameAs":["http:\/\/www.facebook.com\/pages\/Teixidors\/195936563785628","https:\/\/x.com\/teixidors","http:\/\/www.pinterest.com\/teixidors\/","https:\/\/www.instagram.com\/teixidors\/"]}]}},"_links":{"self":[{"href":"https:\/\/www.teixidors.com\/ca\/wp-json\/wp\/v2\/product\/2479","targetHints":{"allow":["GET"]}}],"collection":[{"href":"https:\/\/www.teixidors.com\/ca\/wp-json\/wp\/v2\/product"}],"about":[{"href":"https:\/\/www.teixidors.com\/ca\/wp-json\/wp\/v2\/types\/product"}],"wp:featuredmedia":[{"embeddable":true,"href":"https:\/\/www.teixidors.com\/ca\/wp-json\/wp\/v2\/media\/11302"}],"wp:attachment":[{"href":"https:\/\/www.teixidors.com\/ca\/wp-json\/wp\/v2\/media?parent=2479"}],"wp:term":[{"taxonomy":"product_cat","embeddable":true,"href":"https:\/\/www.teixidors.com\/ca\/wp-json\/wp\/v2\/product_cat?post=2479"},{"taxonomy":"product_tag","embeddable":true,"href":"https:\/\/www.teixidors.com\/ca\/wp-json\/wp\/v2\/product_tag?post=2479"}],"curies":[{"name":"wp","href":"https:\/\/api.w.org\/{rel}","templated":true}]}}