{"id":2533,"date":"2021-10-26T07:28:10","date_gmt":"2021-10-26T07:28:10","guid":{"rendered":"https:\/\/www.teixidors.com\/product\/earth-cojin\/"},"modified":"2024-09-16T09:33:25","modified_gmt":"2024-09-16T09:33:25","slug":"earth-funda-de-coixi-coto-ecologic-i-seda","status":"publish","type":"product","link":"https:\/\/www.teixidors.com\/ca\/producte\/earth-funda-de-coixi-coto-ecologic-i-seda\/","title":{"rendered":"Funda de Coix\u00ed EARTH"},"content":{"rendered":"","protected":false},"excerpt":{"rendered":"","protected":false},"featured_media":11321,"template":"","meta":[],"product_cat":[79,81],"product_tag":[],"class_list":["post-2533","product","type-product","status-publish","has-post-thumbnail","hentry","product_cat-llar","product_cat-fundes-de-coixins","pa_colour-verd-clar","pa_colour-terracotta-cat","pa_colour-mostassa","pa_colour-blau-grisenc","pa_size-45-x-45-cm-18-x-18-ca","pa_size-45-x-30-cm-18-x-12-ca"],"acf":[],"yoast_head":"<!-- This site is optimized with the Yoast SEO plugin v27.4 - https:\/\/yoast.com\/product\/yoast-seo-wordpress\/ -->\n<title>Fundes de coixins de seda ecol\u00f2gica - Teixidors<\/title>\n<meta name=\"description\" content=\"Descobriu la composici\u00f3 exquisida d&#039;aquest coix\u00ed. Confeccionat amb 60% cot\u00f3 org\u00e0nic i 40% seda en teler manual. Coneix els colors i les mides disponibles\" \/>\n<meta name=\"robots\" content=\"index, follow, max-snippet:-1, max-image-preview:large, max-video-preview:-1\" \/>\n<link rel=\"canonical\" href=\"https:\/\/www.teixidors.com\/ca\/producte\/earth-funda-de-coixi-coto-ecologic-i-seda\/\" \/>\n<meta property=\"og:locale\" content=\"ca_ES\" \/>\n<meta property=\"og:type\" content=\"article\" \/>\n<meta property=\"og:title\" content=\"Fundes de coixins de seda ecol\u00f2gica - Teixidors\" \/>\n<meta property=\"og:description\" content=\"Descobriu la composici\u00f3 exquisida d&#039;aquest coix\u00ed. Confeccionat amb 60% cot\u00f3 org\u00e0nic i 40% seda en teler manual. Coneix els colors i les mides disponibles\" \/>\n<meta property=\"og:url\" content=\"https:\/\/www.teixidors.com\/ca\/producte\/earth-funda-de-coixi-coto-ecologic-i-seda\/\" \/>\n<meta property=\"og:site_name\" content=\"Teixidors\" \/>\n<meta property=\"article:publisher\" content=\"http:\/\/www.facebook.com\/pages\/Teixidors\/195936563785628\" \/>\n<meta property=\"article:modified_time\" content=\"2024-09-16T09:33:25+00:00\" \/>\n<meta property=\"og:image\" content=\"https:\/\/www.teixidors.com\/wp-content\/uploads\/2021\/10\/Teixidors_EARTH_cushion_mustard.png\" \/>\n\t<meta property=\"og:image:width\" content=\"1920\" \/>\n\t<meta property=\"og:image:height\" content=\"1920\" \/>\n\t<meta property=\"og:image:type\" content=\"image\/png\" \/>\n<script type=\"application\/ld+json\" class=\"yoast-schema-graph\">{\"@context\":\"https:\\\/\\\/schema.org\",\"@graph\":[{\"@type\":[\"WebPage\",\"ItemPage\"],\"@id\":\"https:\\\/\\\/www.teixidors.com\\\/ca\\\/producte\\\/earth-funda-de-coixi-coto-ecologic-i-seda\\\/\",\"url\":\"https:\\\/\\\/www.teixidors.com\\\/ca\\\/producte\\\/earth-funda-de-coixi-coto-ecologic-i-seda\\\/\",\"name\":\"Fundes de coixins de seda ecol\u00f2gica - Teixidors\",\"isPartOf\":{\"@id\":\"https:\\\/\\\/www.teixidors.com\\\/ca\\\/#website\"},\"primaryImageOfPage\":{\"@id\":\"https:\\\/\\\/www.teixidors.com\\\/ca\\\/producte\\\/earth-funda-de-coixi-coto-ecologic-i-seda\\\/#primaryimage\"},\"image\":{\"@id\":\"https:\\\/\\\/www.teixidors.com\\\/ca\\\/producte\\\/earth-funda-de-coixi-coto-ecologic-i-seda\\\/#primaryimage\"},\"thumbnailUrl\":\"https:\\\/\\\/www.teixidors.com\\\/wp-content\\\/uploads\\\/2021\\\/10\\\/EARTH-Cushion-cover-in-cotton-bamboo-and-silk-handwoven-scaled.jpg\",\"datePublished\":\"2021-10-26T07:28:10+00:00\",\"dateModified\":\"2024-09-16T09:33:25+00:00\",\"description\":\"Descobriu la composici\u00f3 exquisida d'aquest coix\u00ed. Confeccionat amb 60% cot\u00f3 org\u00e0nic i 40% seda en teler manual. Coneix els colors i les mides disponibles\",\"breadcrumb\":{\"@id\":\"https:\\\/\\\/www.teixidors.com\\\/ca\\\/producte\\\/earth-funda-de-coixi-coto-ecologic-i-seda\\\/#breadcrumb\"},\"inLanguage\":\"ca\",\"potentialAction\":[{\"@type\":\"ReadAction\",\"target\":[\"https:\\\/\\\/www.teixidors.com\\\/ca\\\/producte\\\/earth-funda-de-coixi-coto-ecologic-i-seda\\\/\"]}]},{\"@type\":\"ImageObject\",\"inLanguage\":\"ca\",\"@id\":\"https:\\\/\\\/www.teixidors.com\\\/ca\\\/producte\\\/earth-funda-de-coixi-coto-ecologic-i-seda\\\/#primaryimage\",\"url\":\"https:\\\/\\\/www.teixidors.com\\\/wp-content\\\/uploads\\\/2021\\\/10\\\/EARTH-Cushion-cover-in-cotton-bamboo-and-silk-handwoven-scaled.jpg\",\"contentUrl\":\"https:\\\/\\\/www.teixidors.com\\\/wp-content\\\/uploads\\\/2021\\\/10\\\/EARTH-Cushion-cover-in-cotton-bamboo-and-silk-handwoven-scaled.jpg\",\"width\":1334,\"height\":2000},{\"@type\":\"BreadcrumbList\",\"@id\":\"https:\\\/\\\/www.teixidors.com\\\/ca\\\/producte\\\/earth-funda-de-coixi-coto-ecologic-i-seda\\\/#breadcrumb\",\"itemListElement\":[{\"@type\":\"ListItem\",\"position\":1,\"name\":\"Home\",\"item\":\"https:\\\/\\\/www.teixidors.com\\\/ca\\\/\"},{\"@type\":\"ListItem\",\"position\":2,\"name\":\"Botiga\",\"item\":\"https:\\\/\\\/www.teixidors.com\\\/tienda\\\/?lang=ca\"},{\"@type\":\"ListItem\",\"position\":3,\"name\":\"Funda de Coix\u00ed EARTH\"}]},{\"@type\":\"WebSite\",\"@id\":\"https:\\\/\\\/www.teixidors.com\\\/ca\\\/#website\",\"url\":\"https:\\\/\\\/www.teixidors.com\\\/ca\\\/\",\"name\":\"Teixidors\",\"description\":\"Craftmanship fabrics since 1983 | Taller alta artesan\u00eda desde 1983\",\"publisher\":{\"@id\":\"https:\\\/\\\/www.teixidors.com\\\/ca\\\/#organization\"},\"alternateName\":\"Teixidors craftmanship fabrics since 1983\",\"potentialAction\":[{\"@type\":\"SearchAction\",\"target\":{\"@type\":\"EntryPoint\",\"urlTemplate\":\"https:\\\/\\\/www.teixidors.com\\\/ca\\\/?s={search_term_string}\"},\"query-input\":{\"@type\":\"PropertyValueSpecification\",\"valueRequired\":true,\"valueName\":\"search_term_string\"}}],\"inLanguage\":\"ca\"},{\"@type\":\"Organization\",\"@id\":\"https:\\\/\\\/www.teixidors.com\\\/ca\\\/#organization\",\"name\":\"Teixidors\",\"url\":\"https:\\\/\\\/www.teixidors.com\\\/ca\\\/\",\"logo\":{\"@type\":\"ImageObject\",\"inLanguage\":\"ca\",\"@id\":\"https:\\\/\\\/www.teixidors.com\\\/ca\\\/#\\\/schema\\\/logo\\\/image\\\/\",\"url\":\"https:\\\/\\\/www.teixidors.com\\\/wp-content\\\/uploads\\\/2021\\\/08\\\/logo-mobile.svg\",\"contentUrl\":\"https:\\\/\\\/www.teixidors.com\\\/wp-content\\\/uploads\\\/2021\\\/08\\\/logo-mobile.svg\",\"width\":60,\"height\":84,\"caption\":\"Teixidors\"},\"image\":{\"@id\":\"https:\\\/\\\/www.teixidors.com\\\/ca\\\/#\\\/schema\\\/logo\\\/image\\\/\"},\"sameAs\":[\"http:\\\/\\\/www.facebook.com\\\/pages\\\/Teixidors\\\/195936563785628\",\"https:\\\/\\\/x.com\\\/teixidors\",\"http:\\\/\\\/www.pinterest.com\\\/teixidors\\\/\",\"https:\\\/\\\/www.instagram.com\\\/teixidors\\\/\"]}]}<\/script>\n<!-- \/ Yoast SEO plugin. -->","yoast_head_json":{"title":"Fundes de coixins de seda ecol\u00f2gica - Teixidors","description":"Descobriu la composici\u00f3 exquisida d'aquest coix\u00ed. Confeccionat amb 60% cot\u00f3 org\u00e0nic i 40% seda en teler manual. Coneix els colors i les mides disponibles","robots":{"index":"index","follow":"follow","max-snippet":"max-snippet:-1","max-image-preview":"max-image-preview:large","max-video-preview":"max-video-preview:-1"},"canonical":"https:\/\/www.teixidors.com\/ca\/producte\/earth-funda-de-coixi-coto-ecologic-i-seda\/","og_locale":"ca_ES","og_type":"article","og_title":"Fundes de coixins de seda ecol\u00f2gica - Teixidors","og_description":"Descobriu la composici\u00f3 exquisida d'aquest coix\u00ed. Confeccionat amb 60% cot\u00f3 org\u00e0nic i 40% seda en teler manual. Coneix els colors i les mides disponibles","og_url":"https:\/\/www.teixidors.com\/ca\/producte\/earth-funda-de-coixi-coto-ecologic-i-seda\/","og_site_name":"Teixidors","article_publisher":"http:\/\/www.facebook.com\/pages\/Teixidors\/195936563785628","article_modified_time":"2024-09-16T09:33:25+00:00","og_image":[{"width":1920,"height":1920,"url":"https:\/\/www.teixidors.com\/wp-content\/uploads\/2021\/10\/Teixidors_EARTH_cushion_mustard.png","type":"image\/png"}],"schema":{"@context":"https:\/\/schema.org","@graph":[{"@type":["WebPage","ItemPage"],"@id":"https:\/\/www.teixidors.com\/ca\/producte\/earth-funda-de-coixi-coto-ecologic-i-seda\/","url":"https:\/\/www.teixidors.com\/ca\/producte\/earth-funda-de-coixi-coto-ecologic-i-seda\/","name":"Fundes de coixins de seda ecol\u00f2gica - Teixidors","isPartOf":{"@id":"https:\/\/www.teixidors.com\/ca\/#website"},"primaryImageOfPage":{"@id":"https:\/\/www.teixidors.com\/ca\/producte\/earth-funda-de-coixi-coto-ecologic-i-seda\/#primaryimage"},"image":{"@id":"https:\/\/www.teixidors.com\/ca\/producte\/earth-funda-de-coixi-coto-ecologic-i-seda\/#primaryimage"},"thumbnailUrl":"https:\/\/www.teixidors.com\/wp-content\/uploads\/2021\/10\/EARTH-Cushion-cover-in-cotton-bamboo-and-silk-handwoven-scaled.jpg","datePublished":"2021-10-26T07:28:10+00:00","dateModified":"2024-09-16T09:33:25+00:00","description":"Descobriu la composici\u00f3 exquisida d'aquest coix\u00ed. Confeccionat amb 60% cot\u00f3 org\u00e0nic i 40% seda en teler manual. Coneix els colors i les mides disponibles","breadcrumb":{"@id":"https:\/\/www.teixidors.com\/ca\/producte\/earth-funda-de-coixi-coto-ecologic-i-seda\/#breadcrumb"},"inLanguage":"ca","potentialAction":[{"@type":"ReadAction","target":["https:\/\/www.teixidors.com\/ca\/producte\/earth-funda-de-coixi-coto-ecologic-i-seda\/"]}]},{"@type":"ImageObject","inLanguage":"ca","@id":"https:\/\/www.teixidors.com\/ca\/producte\/earth-funda-de-coixi-coto-ecologic-i-seda\/#primaryimage","url":"https:\/\/www.teixidors.com\/wp-content\/uploads\/2021\/10\/EARTH-Cushion-cover-in-cotton-bamboo-and-silk-handwoven-scaled.jpg","contentUrl":"https:\/\/www.teixidors.com\/wp-content\/uploads\/2021\/10\/EARTH-Cushion-cover-in-cotton-bamboo-and-silk-handwoven-scaled.jpg","width":1334,"height":2000},{"@type":"BreadcrumbList","@id":"https:\/\/www.teixidors.com\/ca\/producte\/earth-funda-de-coixi-coto-ecologic-i-seda\/#breadcrumb","itemListElement":[{"@type":"ListItem","position":1,"name":"Home","item":"https:\/\/www.teixidors.com\/ca\/"},{"@type":"ListItem","position":2,"name":"Botiga","item":"https:\/\/www.teixidors.com\/tienda\/?lang=ca"},{"@type":"ListItem","position":3,"name":"Funda de Coix\u00ed EARTH"}]},{"@type":"WebSite","@id":"https:\/\/www.teixidors.com\/ca\/#website","url":"https:\/\/www.teixidors.com\/ca\/","name":"Teixidors","description":"Craftmanship fabrics since 1983 | Taller alta artesan\u00eda desde 1983","publisher":{"@id":"https:\/\/www.teixidors.com\/ca\/#organization"},"alternateName":"Teixidors craftmanship fabrics since 1983","potentialAction":[{"@type":"SearchAction","target":{"@type":"EntryPoint","urlTemplate":"https:\/\/www.teixidors.com\/ca\/?s={search_term_string}"},"query-input":{"@type":"PropertyValueSpecification","valueRequired":true,"valueName":"search_term_string"}}],"inLanguage":"ca"},{"@type":"Organization","@id":"https:\/\/www.teixidors.com\/ca\/#organization","name":"Teixidors","url":"https:\/\/www.teixidors.com\/ca\/","logo":{"@type":"ImageObject","inLanguage":"ca","@id":"https:\/\/www.teixidors.com\/ca\/#\/schema\/logo\/image\/","url":"https:\/\/www.teixidors.com\/wp-content\/uploads\/2021\/08\/logo-mobile.svg","contentUrl":"https:\/\/www.teixidors.com\/wp-content\/uploads\/2021\/08\/logo-mobile.svg","width":60,"height":84,"caption":"Teixidors"},"image":{"@id":"https:\/\/www.teixidors.com\/ca\/#\/schema\/logo\/image\/"},"sameAs":["http:\/\/www.facebook.com\/pages\/Teixidors\/195936563785628","https:\/\/x.com\/teixidors","http:\/\/www.pinterest.com\/teixidors\/","https:\/\/www.instagram.com\/teixidors\/"]}]}},"_links":{"self":[{"href":"https:\/\/www.teixidors.com\/ca\/wp-json\/wp\/v2\/product\/2533","targetHints":{"allow":["GET"]}}],"collection":[{"href":"https:\/\/www.teixidors.com\/ca\/wp-json\/wp\/v2\/product"}],"about":[{"href":"https:\/\/www.teixidors.com\/ca\/wp-json\/wp\/v2\/types\/product"}],"wp:featuredmedia":[{"embeddable":true,"href":"https:\/\/www.teixidors.com\/ca\/wp-json\/wp\/v2\/media\/11321"}],"wp:attachment":[{"href":"https:\/\/www.teixidors.com\/ca\/wp-json\/wp\/v2\/media?parent=2533"}],"wp:term":[{"taxonomy":"product_cat","embeddable":true,"href":"https:\/\/www.teixidors.com\/ca\/wp-json\/wp\/v2\/product_cat?post=2533"},{"taxonomy":"product_tag","embeddable":true,"href":"https:\/\/www.teixidors.com\/ca\/wp-json\/wp\/v2\/product_tag?post=2533"}],"curies":[{"name":"wp","href":"https:\/\/api.w.org\/{rel}","templated":true}]}}