{"id":2677,"date":"2021-10-26T10:05:08","date_gmt":"2021-10-26T10:05:08","guid":{"rendered":"https:\/\/www.teixidors.com\/?post_type=product&#038;p=2677"},"modified":"2024-05-03T11:37:25","modified_gmt":"2024-05-03T11:37:25","slug":"tile-funda-de-coixi-llana-merina-ecologica-i-llana-baby-yak-pentinada-a-ma","status":"publish","type":"product","link":"https:\/\/www.teixidors.com\/ca\/producte\/tile-funda-de-coixi-llana-merina-ecologica-i-llana-baby-yak-pentinada-a-ma\/","title":{"rendered":"Funda de coix\u00ed TILE  | by John Pawson"},"content":{"rendered":"","protected":false},"excerpt":{"rendered":"<p>Col\u00b7laboraci\u00f3 Teixidors x John Pawson<br \/>\nLlana ecol\u00f2gica de Fran\u00e7a<\/p>\n","protected":false},"featured_media":11284,"template":"","meta":[],"product_cat":[79,81],"product_tag":[],"class_list":["post-2677","product","type-product","status-publish","has-post-thumbnail","hentry","product_cat-llar","product_cat-fundes-de-coixins","pa_colour-marbre","pa_colour-pedra","pa_colour-pissarra","pa_size-50-x-30-cm-20-x-12-ca","pa_size-50-x-50-cm-20-x-20-ca","pa_size-60-x-35-cm-24-x-14-ca","pa_size-60-x-60-cm-24-x-24-ca"],"acf":[],"yoast_head":"<!-- This site is optimized with the Yoast SEO plugin v27.4 - https:\/\/yoast.com\/product\/yoast-seo-wordpress\/ -->\n<title>Funda de coix\u00ed llana merino i llana de iac - Teixidors<\/title>\n<meta name=\"description\" content=\"Distinci\u00f3 al teu sof\u00e0. Coixins de llana merino ecol\u00f2gica de Fran\u00e7a i baby iac. Tons marbre, pedra i pissarra. Descobreix-les i embelleix el teu espai!\" \/>\n<meta name=\"robots\" content=\"index, follow, max-snippet:-1, max-image-preview:large, max-video-preview:-1\" \/>\n<link rel=\"canonical\" href=\"https:\/\/www.teixidors.com\/ca\/producte\/tile-funda-de-coixi-llana-merina-ecologica-i-llana-baby-yak-pentinada-a-ma\/\" \/>\n<meta property=\"og:locale\" content=\"ca_ES\" \/>\n<meta property=\"og:type\" content=\"article\" \/>\n<meta property=\"og:title\" content=\"Funda de coix\u00ed llana merino i llana de iac - Teixidors\" \/>\n<meta property=\"og:description\" content=\"Distinci\u00f3 al teu sof\u00e0. Coixins de llana merino ecol\u00f2gica de Fran\u00e7a i baby iac. Tons marbre, pedra i pissarra. Descobreix-les i embelleix el teu espai!\" \/>\n<meta property=\"og:url\" content=\"https:\/\/www.teixidors.com\/ca\/producte\/tile-funda-de-coixi-llana-merina-ecologica-i-llana-baby-yak-pentinada-a-ma\/\" \/>\n<meta property=\"og:site_name\" content=\"Teixidors\" \/>\n<meta property=\"article:publisher\" content=\"http:\/\/www.facebook.com\/pages\/Teixidors\/195936563785628\" \/>\n<meta property=\"article:modified_time\" content=\"2024-05-03T11:37:25+00:00\" \/>\n<meta property=\"og:image\" content=\"https:\/\/www.teixidors.com\/wp-content\/uploads\/2021\/10\/Teixidors_TILE_cushion_Marble_50x50_50x30_2_HR.png\" \/>\n\t<meta property=\"og:image:width\" content=\"1920\" \/>\n\t<meta property=\"og:image:height\" content=\"1920\" \/>\n\t<meta property=\"og:image:type\" content=\"image\/png\" \/>\n<script type=\"application\/ld+json\" class=\"yoast-schema-graph\">{\"@context\":\"https:\\\/\\\/schema.org\",\"@graph\":[{\"@type\":[\"WebPage\",\"ItemPage\"],\"@id\":\"https:\\\/\\\/www.teixidors.com\\\/ca\\\/producte\\\/tile-funda-de-coixi-llana-merina-ecologica-i-llana-baby-yak-pentinada-a-ma\\\/\",\"url\":\"https:\\\/\\\/www.teixidors.com\\\/ca\\\/producte\\\/tile-funda-de-coixi-llana-merina-ecologica-i-llana-baby-yak-pentinada-a-ma\\\/\",\"name\":\"Funda de coix\u00ed llana merino i llana de iac - Teixidors\",\"isPartOf\":{\"@id\":\"https:\\\/\\\/www.teixidors.com\\\/ca\\\/#website\"},\"primaryImageOfPage\":{\"@id\":\"https:\\\/\\\/www.teixidors.com\\\/ca\\\/producte\\\/tile-funda-de-coixi-llana-merina-ecologica-i-llana-baby-yak-pentinada-a-ma\\\/#primaryimage\"},\"image\":{\"@id\":\"https:\\\/\\\/www.teixidors.com\\\/ca\\\/producte\\\/tile-funda-de-coixi-llana-merina-ecologica-i-llana-baby-yak-pentinada-a-ma\\\/#primaryimage\"},\"thumbnailUrl\":\"https:\\\/\\\/www.teixidors.com\\\/wp-content\\\/uploads\\\/2021\\\/10\\\/Cushion-from-the-Tile-collection-in-collaboration-with-British-architect-John-Pawson-featuring-rectangular-shapes-that-form-a-mosaic-in-three-shades-of-gray-inspired-by-stone-marble-and-tile-scaled.jpg\",\"datePublished\":\"2021-10-26T10:05:08+00:00\",\"dateModified\":\"2024-05-03T11:37:25+00:00\",\"description\":\"Distinci\u00f3 al teu sof\u00e0. Coixins de llana merino ecol\u00f2gica de Fran\u00e7a i baby iac. Tons marbre, pedra i pissarra. Descobreix-les i embelleix el teu espai!\",\"breadcrumb\":{\"@id\":\"https:\\\/\\\/www.teixidors.com\\\/ca\\\/producte\\\/tile-funda-de-coixi-llana-merina-ecologica-i-llana-baby-yak-pentinada-a-ma\\\/#breadcrumb\"},\"inLanguage\":\"ca\",\"potentialAction\":[{\"@type\":\"ReadAction\",\"target\":[\"https:\\\/\\\/www.teixidors.com\\\/ca\\\/producte\\\/tile-funda-de-coixi-llana-merina-ecologica-i-llana-baby-yak-pentinada-a-ma\\\/\"]}]},{\"@type\":\"ImageObject\",\"inLanguage\":\"ca\",\"@id\":\"https:\\\/\\\/www.teixidors.com\\\/ca\\\/producte\\\/tile-funda-de-coixi-llana-merina-ecologica-i-llana-baby-yak-pentinada-a-ma\\\/#primaryimage\",\"url\":\"https:\\\/\\\/www.teixidors.com\\\/wp-content\\\/uploads\\\/2021\\\/10\\\/Cushion-from-the-Tile-collection-in-collaboration-with-British-architect-John-Pawson-featuring-rectangular-shapes-that-form-a-mosaic-in-three-shades-of-gray-inspired-by-stone-marble-and-tile-scaled.jpg\",\"contentUrl\":\"https:\\\/\\\/www.teixidors.com\\\/wp-content\\\/uploads\\\/2021\\\/10\\\/Cushion-from-the-Tile-collection-in-collaboration-with-British-architect-John-Pawson-featuring-rectangular-shapes-that-form-a-mosaic-in-three-shades-of-gray-inspired-by-stone-marble-and-tile-scaled.jpg\",\"width\":1334,\"height\":2000,\"caption\":\"Cushion from the Tile collection in collaboration with British architect John Pawson, featuring rectangular shapes that form a mosaic in three shades of gray inspired by stone, marble, and tile. Coj\u00edn de dise\u00f1o de la colecci\u00f3n de John Pawson y Teixidors en lana merina y yak\"},{\"@type\":\"BreadcrumbList\",\"@id\":\"https:\\\/\\\/www.teixidors.com\\\/ca\\\/producte\\\/tile-funda-de-coixi-llana-merina-ecologica-i-llana-baby-yak-pentinada-a-ma\\\/#breadcrumb\",\"itemListElement\":[{\"@type\":\"ListItem\",\"position\":1,\"name\":\"Home\",\"item\":\"https:\\\/\\\/www.teixidors.com\\\/ca\\\/\"},{\"@type\":\"ListItem\",\"position\":2,\"name\":\"Botiga\",\"item\":\"https:\\\/\\\/www.teixidors.com\\\/tienda\\\/?lang=ca\"},{\"@type\":\"ListItem\",\"position\":3,\"name\":\"Funda de coix\u00ed TILE | by John Pawson\"}]},{\"@type\":\"WebSite\",\"@id\":\"https:\\\/\\\/www.teixidors.com\\\/ca\\\/#website\",\"url\":\"https:\\\/\\\/www.teixidors.com\\\/ca\\\/\",\"name\":\"Teixidors\",\"description\":\"Craftmanship fabrics since 1983 | Taller alta artesan\u00eda desde 1983\",\"publisher\":{\"@id\":\"https:\\\/\\\/www.teixidors.com\\\/ca\\\/#organization\"},\"alternateName\":\"Teixidors craftmanship fabrics since 1983\",\"potentialAction\":[{\"@type\":\"SearchAction\",\"target\":{\"@type\":\"EntryPoint\",\"urlTemplate\":\"https:\\\/\\\/www.teixidors.com\\\/ca\\\/?s={search_term_string}\"},\"query-input\":{\"@type\":\"PropertyValueSpecification\",\"valueRequired\":true,\"valueName\":\"search_term_string\"}}],\"inLanguage\":\"ca\"},{\"@type\":\"Organization\",\"@id\":\"https:\\\/\\\/www.teixidors.com\\\/ca\\\/#organization\",\"name\":\"Teixidors\",\"url\":\"https:\\\/\\\/www.teixidors.com\\\/ca\\\/\",\"logo\":{\"@type\":\"ImageObject\",\"inLanguage\":\"ca\",\"@id\":\"https:\\\/\\\/www.teixidors.com\\\/ca\\\/#\\\/schema\\\/logo\\\/image\\\/\",\"url\":\"https:\\\/\\\/www.teixidors.com\\\/wp-content\\\/uploads\\\/2021\\\/08\\\/logo-mobile.svg\",\"contentUrl\":\"https:\\\/\\\/www.teixidors.com\\\/wp-content\\\/uploads\\\/2021\\\/08\\\/logo-mobile.svg\",\"width\":60,\"height\":84,\"caption\":\"Teixidors\"},\"image\":{\"@id\":\"https:\\\/\\\/www.teixidors.com\\\/ca\\\/#\\\/schema\\\/logo\\\/image\\\/\"},\"sameAs\":[\"http:\\\/\\\/www.facebook.com\\\/pages\\\/Teixidors\\\/195936563785628\",\"https:\\\/\\\/x.com\\\/teixidors\",\"http:\\\/\\\/www.pinterest.com\\\/teixidors\\\/\",\"https:\\\/\\\/www.instagram.com\\\/teixidors\\\/\"]}]}<\/script>\n<!-- \/ Yoast SEO plugin. -->","yoast_head_json":{"title":"Funda de coix\u00ed llana merino i llana de iac - Teixidors","description":"Distinci\u00f3 al teu sof\u00e0. Coixins de llana merino ecol\u00f2gica de Fran\u00e7a i baby iac. Tons marbre, pedra i pissarra. Descobreix-les i embelleix el teu espai!","robots":{"index":"index","follow":"follow","max-snippet":"max-snippet:-1","max-image-preview":"max-image-preview:large","max-video-preview":"max-video-preview:-1"},"canonical":"https:\/\/www.teixidors.com\/ca\/producte\/tile-funda-de-coixi-llana-merina-ecologica-i-llana-baby-yak-pentinada-a-ma\/","og_locale":"ca_ES","og_type":"article","og_title":"Funda de coix\u00ed llana merino i llana de iac - Teixidors","og_description":"Distinci\u00f3 al teu sof\u00e0. Coixins de llana merino ecol\u00f2gica de Fran\u00e7a i baby iac. Tons marbre, pedra i pissarra. Descobreix-les i embelleix el teu espai!","og_url":"https:\/\/www.teixidors.com\/ca\/producte\/tile-funda-de-coixi-llana-merina-ecologica-i-llana-baby-yak-pentinada-a-ma\/","og_site_name":"Teixidors","article_publisher":"http:\/\/www.facebook.com\/pages\/Teixidors\/195936563785628","article_modified_time":"2024-05-03T11:37:25+00:00","og_image":[{"width":1920,"height":1920,"url":"https:\/\/www.teixidors.com\/wp-content\/uploads\/2021\/10\/Teixidors_TILE_cushion_Marble_50x50_50x30_2_HR.png","type":"image\/png"}],"schema":{"@context":"https:\/\/schema.org","@graph":[{"@type":["WebPage","ItemPage"],"@id":"https:\/\/www.teixidors.com\/ca\/producte\/tile-funda-de-coixi-llana-merina-ecologica-i-llana-baby-yak-pentinada-a-ma\/","url":"https:\/\/www.teixidors.com\/ca\/producte\/tile-funda-de-coixi-llana-merina-ecologica-i-llana-baby-yak-pentinada-a-ma\/","name":"Funda de coix\u00ed llana merino i llana de iac - Teixidors","isPartOf":{"@id":"https:\/\/www.teixidors.com\/ca\/#website"},"primaryImageOfPage":{"@id":"https:\/\/www.teixidors.com\/ca\/producte\/tile-funda-de-coixi-llana-merina-ecologica-i-llana-baby-yak-pentinada-a-ma\/#primaryimage"},"image":{"@id":"https:\/\/www.teixidors.com\/ca\/producte\/tile-funda-de-coixi-llana-merina-ecologica-i-llana-baby-yak-pentinada-a-ma\/#primaryimage"},"thumbnailUrl":"https:\/\/www.teixidors.com\/wp-content\/uploads\/2021\/10\/Cushion-from-the-Tile-collection-in-collaboration-with-British-architect-John-Pawson-featuring-rectangular-shapes-that-form-a-mosaic-in-three-shades-of-gray-inspired-by-stone-marble-and-tile-scaled.jpg","datePublished":"2021-10-26T10:05:08+00:00","dateModified":"2024-05-03T11:37:25+00:00","description":"Distinci\u00f3 al teu sof\u00e0. Coixins de llana merino ecol\u00f2gica de Fran\u00e7a i baby iac. Tons marbre, pedra i pissarra. Descobreix-les i embelleix el teu espai!","breadcrumb":{"@id":"https:\/\/www.teixidors.com\/ca\/producte\/tile-funda-de-coixi-llana-merina-ecologica-i-llana-baby-yak-pentinada-a-ma\/#breadcrumb"},"inLanguage":"ca","potentialAction":[{"@type":"ReadAction","target":["https:\/\/www.teixidors.com\/ca\/producte\/tile-funda-de-coixi-llana-merina-ecologica-i-llana-baby-yak-pentinada-a-ma\/"]}]},{"@type":"ImageObject","inLanguage":"ca","@id":"https:\/\/www.teixidors.com\/ca\/producte\/tile-funda-de-coixi-llana-merina-ecologica-i-llana-baby-yak-pentinada-a-ma\/#primaryimage","url":"https:\/\/www.teixidors.com\/wp-content\/uploads\/2021\/10\/Cushion-from-the-Tile-collection-in-collaboration-with-British-architect-John-Pawson-featuring-rectangular-shapes-that-form-a-mosaic-in-three-shades-of-gray-inspired-by-stone-marble-and-tile-scaled.jpg","contentUrl":"https:\/\/www.teixidors.com\/wp-content\/uploads\/2021\/10\/Cushion-from-the-Tile-collection-in-collaboration-with-British-architect-John-Pawson-featuring-rectangular-shapes-that-form-a-mosaic-in-three-shades-of-gray-inspired-by-stone-marble-and-tile-scaled.jpg","width":1334,"height":2000,"caption":"Cushion from the Tile collection in collaboration with British architect John Pawson, featuring rectangular shapes that form a mosaic in three shades of gray inspired by stone, marble, and tile. Coj\u00edn de dise\u00f1o de la colecci\u00f3n de John Pawson y Teixidors en lana merina y yak"},{"@type":"BreadcrumbList","@id":"https:\/\/www.teixidors.com\/ca\/producte\/tile-funda-de-coixi-llana-merina-ecologica-i-llana-baby-yak-pentinada-a-ma\/#breadcrumb","itemListElement":[{"@type":"ListItem","position":1,"name":"Home","item":"https:\/\/www.teixidors.com\/ca\/"},{"@type":"ListItem","position":2,"name":"Botiga","item":"https:\/\/www.teixidors.com\/tienda\/?lang=ca"},{"@type":"ListItem","position":3,"name":"Funda de coix\u00ed TILE | by John Pawson"}]},{"@type":"WebSite","@id":"https:\/\/www.teixidors.com\/ca\/#website","url":"https:\/\/www.teixidors.com\/ca\/","name":"Teixidors","description":"Craftmanship fabrics since 1983 | Taller alta artesan\u00eda desde 1983","publisher":{"@id":"https:\/\/www.teixidors.com\/ca\/#organization"},"alternateName":"Teixidors craftmanship fabrics since 1983","potentialAction":[{"@type":"SearchAction","target":{"@type":"EntryPoint","urlTemplate":"https:\/\/www.teixidors.com\/ca\/?s={search_term_string}"},"query-input":{"@type":"PropertyValueSpecification","valueRequired":true,"valueName":"search_term_string"}}],"inLanguage":"ca"},{"@type":"Organization","@id":"https:\/\/www.teixidors.com\/ca\/#organization","name":"Teixidors","url":"https:\/\/www.teixidors.com\/ca\/","logo":{"@type":"ImageObject","inLanguage":"ca","@id":"https:\/\/www.teixidors.com\/ca\/#\/schema\/logo\/image\/","url":"https:\/\/www.teixidors.com\/wp-content\/uploads\/2021\/08\/logo-mobile.svg","contentUrl":"https:\/\/www.teixidors.com\/wp-content\/uploads\/2021\/08\/logo-mobile.svg","width":60,"height":84,"caption":"Teixidors"},"image":{"@id":"https:\/\/www.teixidors.com\/ca\/#\/schema\/logo\/image\/"},"sameAs":["http:\/\/www.facebook.com\/pages\/Teixidors\/195936563785628","https:\/\/x.com\/teixidors","http:\/\/www.pinterest.com\/teixidors\/","https:\/\/www.instagram.com\/teixidors\/"]}]}},"_links":{"self":[{"href":"https:\/\/www.teixidors.com\/ca\/wp-json\/wp\/v2\/product\/2677","targetHints":{"allow":["GET"]}}],"collection":[{"href":"https:\/\/www.teixidors.com\/ca\/wp-json\/wp\/v2\/product"}],"about":[{"href":"https:\/\/www.teixidors.com\/ca\/wp-json\/wp\/v2\/types\/product"}],"wp:featuredmedia":[{"embeddable":true,"href":"https:\/\/www.teixidors.com\/ca\/wp-json\/wp\/v2\/media\/11284"}],"wp:attachment":[{"href":"https:\/\/www.teixidors.com\/ca\/wp-json\/wp\/v2\/media?parent=2677"}],"wp:term":[{"taxonomy":"product_cat","embeddable":true,"href":"https:\/\/www.teixidors.com\/ca\/wp-json\/wp\/v2\/product_cat?post=2677"},{"taxonomy":"product_tag","embeddable":true,"href":"https:\/\/www.teixidors.com\/ca\/wp-json\/wp\/v2\/product_tag?post=2677"}],"curies":[{"name":"wp","href":"https:\/\/api.w.org\/{rel}","templated":true}]}}