{"id":5042,"date":"2022-07-15T13:28:38","date_gmt":"2022-07-15T13:28:38","guid":{"rendered":"https:\/\/www.teixidors.com\/?post_type=product&#038;p=5042"},"modified":"2024-06-25T10:05:42","modified_gmt":"2024-06-25T10:05:42","slug":"nomad","status":"publish","type":"product","link":"https:\/\/www.teixidors.com\/ca\/producte\/nomad\/","title":{"rendered":"Maxi bufandes Nomad"},"content":{"rendered":"","protected":false},"excerpt":{"rendered":"<p>50% llana pentinada ecol\u00f2gica cria de iac<\/p>\n","protected":false},"featured_media":12959,"template":"","meta":[],"product_cat":[78,75],"product_tag":[],"class_list":["post-5042","product","type-product","status-publish","has-post-thumbnail","hentry","product_cat-maxibufandes","product_cat-complements","pa_colour-turquesa-ca","pa_colour-coure","pa_colour-rosa-pallid"],"acf":[],"yoast_head":"<!-- This site is optimized with the Yoast SEO plugin v27.3 - https:\/\/yoast.com\/product\/yoast-seo-wordpress\/ -->\n<title>Xal 100% ecol\u00f2gic, baby iac i llana merina - Teixidors<\/title>\n<meta name=\"description\" content=\"Xal llana merina i iac, suaus, vers\u00e0tils i duradors. Teixits 50% llana pentinada ecol\u00f2gica baby yak i 50% llana merina ecol\u00f2gica de Fran\u00e7a. Descobreix-los!\" \/>\n<meta name=\"robots\" content=\"index, follow, max-snippet:-1, max-image-preview:large, max-video-preview:-1\" \/>\n<link rel=\"canonical\" href=\"https:\/\/www.teixidors.com\/ca\/producte\/nomad\/\" \/>\n<meta property=\"og:locale\" content=\"ca_ES\" \/>\n<meta property=\"og:type\" content=\"article\" \/>\n<meta property=\"og:title\" content=\"Xal 100% ecol\u00f2gic, baby iac i llana merina - Teixidors\" \/>\n<meta property=\"og:description\" content=\"Xal llana merina i iac, suaus, vers\u00e0tils i duradors. Teixits 50% llana pentinada ecol\u00f2gica baby yak i 50% llana merina ecol\u00f2gica de Fran\u00e7a. Descobreix-los!\" \/>\n<meta property=\"og:url\" content=\"https:\/\/www.teixidors.com\/ca\/producte\/nomad\/\" \/>\n<meta property=\"og:site_name\" content=\"Teixidors\" \/>\n<meta property=\"article:publisher\" content=\"http:\/\/www.facebook.com\/pages\/Teixidors\/195936563785628\" \/>\n<meta property=\"article:modified_time\" content=\"2024-06-25T10:05:42+00:00\" \/>\n<meta property=\"og:image\" content=\"https:\/\/www.teixidors.com\/wp-content\/uploads\/2022\/07\/Teixidors_NOMAD_shawl_turquoise_4.jpg\" \/>\n\t<meta property=\"og:image:width\" content=\"900\" \/>\n\t<meta property=\"og:image:height\" content=\"1349\" \/>\n\t<meta property=\"og:image:type\" content=\"image\/jpeg\" \/>\n<script type=\"application\/ld+json\" class=\"yoast-schema-graph\">{\"@context\":\"https:\\\/\\\/schema.org\",\"@graph\":[{\"@type\":[\"WebPage\",\"ItemPage\"],\"@id\":\"https:\\\/\\\/www.teixidors.com\\\/ca\\\/producte\\\/nomad\\\/\",\"url\":\"https:\\\/\\\/www.teixidors.com\\\/ca\\\/producte\\\/nomad\\\/\",\"name\":\"Xal 100% ecol\u00f2gic, baby iac i llana merina - Teixidors\",\"isPartOf\":{\"@id\":\"https:\\\/\\\/www.teixidors.com\\\/ca\\\/#website\"},\"primaryImageOfPage\":{\"@id\":\"https:\\\/\\\/www.teixidors.com\\\/ca\\\/producte\\\/nomad\\\/#primaryimage\"},\"image\":{\"@id\":\"https:\\\/\\\/www.teixidors.com\\\/ca\\\/producte\\\/nomad\\\/#primaryimage\"},\"thumbnailUrl\":\"https:\\\/\\\/www.teixidors.com\\\/wp-content\\\/uploads\\\/2022\\\/07\\\/Nomad-chal-artesanal-lana-merino-y-baby-yak.webp\",\"datePublished\":\"2022-07-15T13:28:38+00:00\",\"dateModified\":\"2024-06-25T10:05:42+00:00\",\"description\":\"Xal llana merina i iac, suaus, vers\u00e0tils i duradors. Teixits 50% llana pentinada ecol\u00f2gica baby yak i 50% llana merina ecol\u00f2gica de Fran\u00e7a. Descobreix-los!\",\"breadcrumb\":{\"@id\":\"https:\\\/\\\/www.teixidors.com\\\/ca\\\/producte\\\/nomad\\\/#breadcrumb\"},\"inLanguage\":\"ca\",\"potentialAction\":[{\"@type\":\"ReadAction\",\"target\":[\"https:\\\/\\\/www.teixidors.com\\\/ca\\\/producte\\\/nomad\\\/\"]}]},{\"@type\":\"ImageObject\",\"inLanguage\":\"ca\",\"@id\":\"https:\\\/\\\/www.teixidors.com\\\/ca\\\/producte\\\/nomad\\\/#primaryimage\",\"url\":\"https:\\\/\\\/www.teixidors.com\\\/wp-content\\\/uploads\\\/2022\\\/07\\\/Nomad-chal-artesanal-lana-merino-y-baby-yak.webp\",\"contentUrl\":\"https:\\\/\\\/www.teixidors.com\\\/wp-content\\\/uploads\\\/2022\\\/07\\\/Nomad-chal-artesanal-lana-merino-y-baby-yak.webp\",\"width\":800,\"height\":1200,\"caption\":\"Nomad chal artesanal lana merino y baby yak\"},{\"@type\":\"BreadcrumbList\",\"@id\":\"https:\\\/\\\/www.teixidors.com\\\/ca\\\/producte\\\/nomad\\\/#breadcrumb\",\"itemListElement\":[{\"@type\":\"ListItem\",\"position\":1,\"name\":\"Home\",\"item\":\"https:\\\/\\\/www.teixidors.com\\\/ca\\\/\"},{\"@type\":\"ListItem\",\"position\":2,\"name\":\"Botiga\",\"item\":\"https:\\\/\\\/www.teixidors.com\\\/tienda\\\/?lang=ca\"},{\"@type\":\"ListItem\",\"position\":3,\"name\":\"Maxi bufandes Nomad\"}]},{\"@type\":\"WebSite\",\"@id\":\"https:\\\/\\\/www.teixidors.com\\\/ca\\\/#website\",\"url\":\"https:\\\/\\\/www.teixidors.com\\\/ca\\\/\",\"name\":\"Teixidors\",\"description\":\"Craftmanship fabrics since 1983 | Taller alta artesan\u00eda desde 1983\",\"publisher\":{\"@id\":\"https:\\\/\\\/www.teixidors.com\\\/ca\\\/#organization\"},\"alternateName\":\"Teixidors craftmanship fabrics since 1983\",\"potentialAction\":[{\"@type\":\"SearchAction\",\"target\":{\"@type\":\"EntryPoint\",\"urlTemplate\":\"https:\\\/\\\/www.teixidors.com\\\/ca\\\/?s={search_term_string}\"},\"query-input\":{\"@type\":\"PropertyValueSpecification\",\"valueRequired\":true,\"valueName\":\"search_term_string\"}}],\"inLanguage\":\"ca\"},{\"@type\":\"Organization\",\"@id\":\"https:\\\/\\\/www.teixidors.com\\\/ca\\\/#organization\",\"name\":\"Teixidors\",\"url\":\"https:\\\/\\\/www.teixidors.com\\\/ca\\\/\",\"logo\":{\"@type\":\"ImageObject\",\"inLanguage\":\"ca\",\"@id\":\"https:\\\/\\\/www.teixidors.com\\\/ca\\\/#\\\/schema\\\/logo\\\/image\\\/\",\"url\":\"https:\\\/\\\/www.teixidors.com\\\/wp-content\\\/uploads\\\/2021\\\/08\\\/logo-mobile.svg\",\"contentUrl\":\"https:\\\/\\\/www.teixidors.com\\\/wp-content\\\/uploads\\\/2021\\\/08\\\/logo-mobile.svg\",\"width\":60,\"height\":84,\"caption\":\"Teixidors\"},\"image\":{\"@id\":\"https:\\\/\\\/www.teixidors.com\\\/ca\\\/#\\\/schema\\\/logo\\\/image\\\/\"},\"sameAs\":[\"http:\\\/\\\/www.facebook.com\\\/pages\\\/Teixidors\\\/195936563785628\",\"https:\\\/\\\/x.com\\\/teixidors\",\"http:\\\/\\\/www.pinterest.com\\\/teixidors\\\/\",\"https:\\\/\\\/www.instagram.com\\\/teixidors\\\/\"]}]}<\/script>\n<!-- \/ Yoast SEO plugin. -->","yoast_head_json":{"title":"Xal 100% ecol\u00f2gic, baby iac i llana merina - Teixidors","description":"Xal llana merina i iac, suaus, vers\u00e0tils i duradors. Teixits 50% llana pentinada ecol\u00f2gica baby yak i 50% llana merina ecol\u00f2gica de Fran\u00e7a. Descobreix-los!","robots":{"index":"index","follow":"follow","max-snippet":"max-snippet:-1","max-image-preview":"max-image-preview:large","max-video-preview":"max-video-preview:-1"},"canonical":"https:\/\/www.teixidors.com\/ca\/producte\/nomad\/","og_locale":"ca_ES","og_type":"article","og_title":"Xal 100% ecol\u00f2gic, baby iac i llana merina - Teixidors","og_description":"Xal llana merina i iac, suaus, vers\u00e0tils i duradors. Teixits 50% llana pentinada ecol\u00f2gica baby yak i 50% llana merina ecol\u00f2gica de Fran\u00e7a. Descobreix-los!","og_url":"https:\/\/www.teixidors.com\/ca\/producte\/nomad\/","og_site_name":"Teixidors","article_publisher":"http:\/\/www.facebook.com\/pages\/Teixidors\/195936563785628","article_modified_time":"2024-06-25T10:05:42+00:00","og_image":[{"width":900,"height":1349,"url":"https:\/\/www.teixidors.com\/wp-content\/uploads\/2022\/07\/Teixidors_NOMAD_shawl_turquoise_4.jpg","type":"image\/jpeg"}],"schema":{"@context":"https:\/\/schema.org","@graph":[{"@type":["WebPage","ItemPage"],"@id":"https:\/\/www.teixidors.com\/ca\/producte\/nomad\/","url":"https:\/\/www.teixidors.com\/ca\/producte\/nomad\/","name":"Xal 100% ecol\u00f2gic, baby iac i llana merina - Teixidors","isPartOf":{"@id":"https:\/\/www.teixidors.com\/ca\/#website"},"primaryImageOfPage":{"@id":"https:\/\/www.teixidors.com\/ca\/producte\/nomad\/#primaryimage"},"image":{"@id":"https:\/\/www.teixidors.com\/ca\/producte\/nomad\/#primaryimage"},"thumbnailUrl":"https:\/\/www.teixidors.com\/wp-content\/uploads\/2022\/07\/Nomad-chal-artesanal-lana-merino-y-baby-yak.webp","datePublished":"2022-07-15T13:28:38+00:00","dateModified":"2024-06-25T10:05:42+00:00","description":"Xal llana merina i iac, suaus, vers\u00e0tils i duradors. Teixits 50% llana pentinada ecol\u00f2gica baby yak i 50% llana merina ecol\u00f2gica de Fran\u00e7a. Descobreix-los!","breadcrumb":{"@id":"https:\/\/www.teixidors.com\/ca\/producte\/nomad\/#breadcrumb"},"inLanguage":"ca","potentialAction":[{"@type":"ReadAction","target":["https:\/\/www.teixidors.com\/ca\/producte\/nomad\/"]}]},{"@type":"ImageObject","inLanguage":"ca","@id":"https:\/\/www.teixidors.com\/ca\/producte\/nomad\/#primaryimage","url":"https:\/\/www.teixidors.com\/wp-content\/uploads\/2022\/07\/Nomad-chal-artesanal-lana-merino-y-baby-yak.webp","contentUrl":"https:\/\/www.teixidors.com\/wp-content\/uploads\/2022\/07\/Nomad-chal-artesanal-lana-merino-y-baby-yak.webp","width":800,"height":1200,"caption":"Nomad chal artesanal lana merino y baby yak"},{"@type":"BreadcrumbList","@id":"https:\/\/www.teixidors.com\/ca\/producte\/nomad\/#breadcrumb","itemListElement":[{"@type":"ListItem","position":1,"name":"Home","item":"https:\/\/www.teixidors.com\/ca\/"},{"@type":"ListItem","position":2,"name":"Botiga","item":"https:\/\/www.teixidors.com\/tienda\/?lang=ca"},{"@type":"ListItem","position":3,"name":"Maxi bufandes Nomad"}]},{"@type":"WebSite","@id":"https:\/\/www.teixidors.com\/ca\/#website","url":"https:\/\/www.teixidors.com\/ca\/","name":"Teixidors","description":"Craftmanship fabrics since 1983 | Taller alta artesan\u00eda desde 1983","publisher":{"@id":"https:\/\/www.teixidors.com\/ca\/#organization"},"alternateName":"Teixidors craftmanship fabrics since 1983","potentialAction":[{"@type":"SearchAction","target":{"@type":"EntryPoint","urlTemplate":"https:\/\/www.teixidors.com\/ca\/?s={search_term_string}"},"query-input":{"@type":"PropertyValueSpecification","valueRequired":true,"valueName":"search_term_string"}}],"inLanguage":"ca"},{"@type":"Organization","@id":"https:\/\/www.teixidors.com\/ca\/#organization","name":"Teixidors","url":"https:\/\/www.teixidors.com\/ca\/","logo":{"@type":"ImageObject","inLanguage":"ca","@id":"https:\/\/www.teixidors.com\/ca\/#\/schema\/logo\/image\/","url":"https:\/\/www.teixidors.com\/wp-content\/uploads\/2021\/08\/logo-mobile.svg","contentUrl":"https:\/\/www.teixidors.com\/wp-content\/uploads\/2021\/08\/logo-mobile.svg","width":60,"height":84,"caption":"Teixidors"},"image":{"@id":"https:\/\/www.teixidors.com\/ca\/#\/schema\/logo\/image\/"},"sameAs":["http:\/\/www.facebook.com\/pages\/Teixidors\/195936563785628","https:\/\/x.com\/teixidors","http:\/\/www.pinterest.com\/teixidors\/","https:\/\/www.instagram.com\/teixidors\/"]}]}},"_links":{"self":[{"href":"https:\/\/www.teixidors.com\/ca\/wp-json\/wp\/v2\/product\/5042","targetHints":{"allow":["GET"]}}],"collection":[{"href":"https:\/\/www.teixidors.com\/ca\/wp-json\/wp\/v2\/product"}],"about":[{"href":"https:\/\/www.teixidors.com\/ca\/wp-json\/wp\/v2\/types\/product"}],"wp:featuredmedia":[{"embeddable":true,"href":"https:\/\/www.teixidors.com\/ca\/wp-json\/wp\/v2\/media\/12959"}],"wp:attachment":[{"href":"https:\/\/www.teixidors.com\/ca\/wp-json\/wp\/v2\/media?parent=5042"}],"wp:term":[{"taxonomy":"product_cat","embeddable":true,"href":"https:\/\/www.teixidors.com\/ca\/wp-json\/wp\/v2\/product_cat?post=5042"},{"taxonomy":"product_tag","embeddable":true,"href":"https:\/\/www.teixidors.com\/ca\/wp-json\/wp\/v2\/product_tag?post=5042"}],"curies":[{"name":"wp","href":"https:\/\/api.w.org\/{rel}","templated":true}]}}