{"id":6629,"date":"2023-10-18T14:35:54","date_gmt":"2023-10-18T14:35:54","guid":{"rendered":"https:\/\/www.teixidors.com\/product\/aspen-plaid\/"},"modified":"2024-04-17T13:27:02","modified_gmt":"2024-04-17T13:27:02","slug":"manta-de-sofa-cuadres-cashmere","status":"publish","type":"product","link":"https:\/\/www.teixidors.com\/ca\/producte\/manta-de-sofa-cuadres-cashmere\/","title":{"rendered":"Manta de Sof\u00e0 Aspen"},"content":{"rendered":"","protected":false},"excerpt":{"rendered":"","protected":false},"featured_media":10497,"template":"","meta":[],"product_cat":[82,79],"product_tag":[],"class_list":["post-6629","product","type-product","status-publish","has-post-thumbnail","hentry","product_cat-mantes-de-sofa","product_cat-llar","pa_size-140-x-180-cm-55-x-71-ca"],"acf":[],"yoast_head":"<!-- This site is optimized with the Yoast SEO plugin v27.4 - https:\/\/yoast.com\/product\/yoast-seo-wordpress\/ -->\n<title>Luxe inspirat en Aspen: manta de sof\u00e0 cuadres caixmir - Teixidors<\/title>\n<meta name=\"description\" content=\"Manta de sof\u00e0 cuadres caixmir. Gaudeix del luxe inspirat en Aspen amb la nostra manta de sof\u00e0 de caixir a quadres.Comoditat, suavitat i calidesa.\" \/>\n<meta name=\"robots\" content=\"index, follow, max-snippet:-1, max-image-preview:large, max-video-preview:-1\" \/>\n<link rel=\"canonical\" href=\"https:\/\/www.teixidors.com\/ca\/producte\/manta-de-sofa-cuadres-cashmere\/\" \/>\n<meta property=\"og:locale\" content=\"ca_ES\" \/>\n<meta property=\"og:type\" content=\"article\" \/>\n<meta property=\"og:title\" content=\"Luxe inspirat en Aspen: manta de sof\u00e0 cuadres caixmir - Teixidors\" \/>\n<meta property=\"og:description\" content=\"Manta de sof\u00e0 cuadres caixmir. Gaudeix del luxe inspirat en Aspen amb la nostra manta de sof\u00e0 de caixir a quadres.Comoditat, suavitat i calidesa.\" \/>\n<meta property=\"og:url\" content=\"https:\/\/www.teixidors.com\/ca\/producte\/manta-de-sofa-cuadres-cashmere\/\" \/>\n<meta property=\"og:site_name\" content=\"Teixidors\" \/>\n<meta property=\"article:publisher\" content=\"http:\/\/www.facebook.com\/pages\/Teixidors\/195936563785628\" \/>\n<meta property=\"article:modified_time\" content=\"2024-04-17T13:27:02+00:00\" \/>\n<meta property=\"og:image\" content=\"https:\/\/www.teixidors.com\/wp-content\/uploads\/2023\/10\/TEIX290ok-e1713358103296.jpg\" \/>\n\t<meta property=\"og:image:width\" content=\"969\" \/>\n\t<meta property=\"og:image:height\" content=\"1500\" \/>\n\t<meta property=\"og:image:type\" content=\"image\/jpeg\" \/>\n<script type=\"application\/ld+json\" class=\"yoast-schema-graph\">{\"@context\":\"https:\\\/\\\/schema.org\",\"@graph\":[{\"@type\":[\"WebPage\",\"ItemPage\"],\"@id\":\"https:\\\/\\\/www.teixidors.com\\\/ca\\\/producte\\\/manta-de-sofa-cuadres-cashmere\\\/\",\"url\":\"https:\\\/\\\/www.teixidors.com\\\/ca\\\/producte\\\/manta-de-sofa-cuadres-cashmere\\\/\",\"name\":\"Luxe inspirat en Aspen: manta de sof\u00e0 cuadres caixmir - Teixidors\",\"isPartOf\":{\"@id\":\"https:\\\/\\\/www.teixidors.com\\\/ca\\\/#website\"},\"primaryImageOfPage\":{\"@id\":\"https:\\\/\\\/www.teixidors.com\\\/ca\\\/producte\\\/manta-de-sofa-cuadres-cashmere\\\/#primaryimage\"},\"image\":{\"@id\":\"https:\\\/\\\/www.teixidors.com\\\/ca\\\/producte\\\/manta-de-sofa-cuadres-cashmere\\\/#primaryimage\"},\"thumbnailUrl\":\"https:\\\/\\\/www.teixidors.com\\\/wp-content\\\/uploads\\\/2024\\\/11\\\/ASPEN-italian-softest-cashmere-throw-scaled.jpg\",\"datePublished\":\"2023-10-18T14:35:54+00:00\",\"dateModified\":\"2024-04-17T13:27:02+00:00\",\"description\":\"Manta de sof\u00e0 cuadres caixmir. Gaudeix del luxe inspirat en Aspen amb la nostra manta de sof\u00e0 de caixir a quadres.Comoditat, suavitat i calidesa.\",\"breadcrumb\":{\"@id\":\"https:\\\/\\\/www.teixidors.com\\\/ca\\\/producte\\\/manta-de-sofa-cuadres-cashmere\\\/#breadcrumb\"},\"inLanguage\":\"ca\",\"potentialAction\":[{\"@type\":\"ReadAction\",\"target\":[\"https:\\\/\\\/www.teixidors.com\\\/ca\\\/producte\\\/manta-de-sofa-cuadres-cashmere\\\/\"]}]},{\"@type\":\"ImageObject\",\"inLanguage\":\"ca\",\"@id\":\"https:\\\/\\\/www.teixidors.com\\\/ca\\\/producte\\\/manta-de-sofa-cuadres-cashmere\\\/#primaryimage\",\"url\":\"https:\\\/\\\/www.teixidors.com\\\/wp-content\\\/uploads\\\/2024\\\/11\\\/ASPEN-italian-softest-cashmere-throw-scaled.jpg\",\"contentUrl\":\"https:\\\/\\\/www.teixidors.com\\\/wp-content\\\/uploads\\\/2024\\\/11\\\/ASPEN-italian-softest-cashmere-throw-scaled.jpg\",\"width\":1333,\"height\":2000},{\"@type\":\"BreadcrumbList\",\"@id\":\"https:\\\/\\\/www.teixidors.com\\\/ca\\\/producte\\\/manta-de-sofa-cuadres-cashmere\\\/#breadcrumb\",\"itemListElement\":[{\"@type\":\"ListItem\",\"position\":1,\"name\":\"Home\",\"item\":\"https:\\\/\\\/www.teixidors.com\\\/ca\\\/\"},{\"@type\":\"ListItem\",\"position\":2,\"name\":\"Botiga\",\"item\":\"https:\\\/\\\/www.teixidors.com\\\/tienda\\\/?lang=ca\"},{\"@type\":\"ListItem\",\"position\":3,\"name\":\"Manta de Sof\u00e0 Aspen\"}]},{\"@type\":\"WebSite\",\"@id\":\"https:\\\/\\\/www.teixidors.com\\\/ca\\\/#website\",\"url\":\"https:\\\/\\\/www.teixidors.com\\\/ca\\\/\",\"name\":\"Teixidors\",\"description\":\"Craftmanship fabrics since 1983 | Taller alta artesan\u00eda desde 1983\",\"publisher\":{\"@id\":\"https:\\\/\\\/www.teixidors.com\\\/ca\\\/#organization\"},\"alternateName\":\"Teixidors craftmanship fabrics since 1983\",\"potentialAction\":[{\"@type\":\"SearchAction\",\"target\":{\"@type\":\"EntryPoint\",\"urlTemplate\":\"https:\\\/\\\/www.teixidors.com\\\/ca\\\/?s={search_term_string}\"},\"query-input\":{\"@type\":\"PropertyValueSpecification\",\"valueRequired\":true,\"valueName\":\"search_term_string\"}}],\"inLanguage\":\"ca\"},{\"@type\":\"Organization\",\"@id\":\"https:\\\/\\\/www.teixidors.com\\\/ca\\\/#organization\",\"name\":\"Teixidors\",\"url\":\"https:\\\/\\\/www.teixidors.com\\\/ca\\\/\",\"logo\":{\"@type\":\"ImageObject\",\"inLanguage\":\"ca\",\"@id\":\"https:\\\/\\\/www.teixidors.com\\\/ca\\\/#\\\/schema\\\/logo\\\/image\\\/\",\"url\":\"https:\\\/\\\/www.teixidors.com\\\/wp-content\\\/uploads\\\/2021\\\/08\\\/logo-mobile.svg\",\"contentUrl\":\"https:\\\/\\\/www.teixidors.com\\\/wp-content\\\/uploads\\\/2021\\\/08\\\/logo-mobile.svg\",\"width\":60,\"height\":84,\"caption\":\"Teixidors\"},\"image\":{\"@id\":\"https:\\\/\\\/www.teixidors.com\\\/ca\\\/#\\\/schema\\\/logo\\\/image\\\/\"},\"sameAs\":[\"http:\\\/\\\/www.facebook.com\\\/pages\\\/Teixidors\\\/195936563785628\",\"https:\\\/\\\/x.com\\\/teixidors\",\"http:\\\/\\\/www.pinterest.com\\\/teixidors\\\/\",\"https:\\\/\\\/www.instagram.com\\\/teixidors\\\/\"]}]}<\/script>\n<!-- \/ Yoast SEO plugin. -->","yoast_head_json":{"title":"Luxe inspirat en Aspen: manta de sof\u00e0 cuadres caixmir - Teixidors","description":"Manta de sof\u00e0 cuadres caixmir. Gaudeix del luxe inspirat en Aspen amb la nostra manta de sof\u00e0 de caixir a quadres.Comoditat, suavitat i calidesa.","robots":{"index":"index","follow":"follow","max-snippet":"max-snippet:-1","max-image-preview":"max-image-preview:large","max-video-preview":"max-video-preview:-1"},"canonical":"https:\/\/www.teixidors.com\/ca\/producte\/manta-de-sofa-cuadres-cashmere\/","og_locale":"ca_ES","og_type":"article","og_title":"Luxe inspirat en Aspen: manta de sof\u00e0 cuadres caixmir - Teixidors","og_description":"Manta de sof\u00e0 cuadres caixmir. Gaudeix del luxe inspirat en Aspen amb la nostra manta de sof\u00e0 de caixir a quadres.Comoditat, suavitat i calidesa.","og_url":"https:\/\/www.teixidors.com\/ca\/producte\/manta-de-sofa-cuadres-cashmere\/","og_site_name":"Teixidors","article_publisher":"http:\/\/www.facebook.com\/pages\/Teixidors\/195936563785628","article_modified_time":"2024-04-17T13:27:02+00:00","og_image":[{"width":969,"height":1500,"url":"https:\/\/www.teixidors.com\/wp-content\/uploads\/2023\/10\/TEIX290ok-e1713358103296.jpg","type":"image\/jpeg"}],"schema":{"@context":"https:\/\/schema.org","@graph":[{"@type":["WebPage","ItemPage"],"@id":"https:\/\/www.teixidors.com\/ca\/producte\/manta-de-sofa-cuadres-cashmere\/","url":"https:\/\/www.teixidors.com\/ca\/producte\/manta-de-sofa-cuadres-cashmere\/","name":"Luxe inspirat en Aspen: manta de sof\u00e0 cuadres caixmir - Teixidors","isPartOf":{"@id":"https:\/\/www.teixidors.com\/ca\/#website"},"primaryImageOfPage":{"@id":"https:\/\/www.teixidors.com\/ca\/producte\/manta-de-sofa-cuadres-cashmere\/#primaryimage"},"image":{"@id":"https:\/\/www.teixidors.com\/ca\/producte\/manta-de-sofa-cuadres-cashmere\/#primaryimage"},"thumbnailUrl":"https:\/\/www.teixidors.com\/wp-content\/uploads\/2024\/11\/ASPEN-italian-softest-cashmere-throw-scaled.jpg","datePublished":"2023-10-18T14:35:54+00:00","dateModified":"2024-04-17T13:27:02+00:00","description":"Manta de sof\u00e0 cuadres caixmir. Gaudeix del luxe inspirat en Aspen amb la nostra manta de sof\u00e0 de caixir a quadres.Comoditat, suavitat i calidesa.","breadcrumb":{"@id":"https:\/\/www.teixidors.com\/ca\/producte\/manta-de-sofa-cuadres-cashmere\/#breadcrumb"},"inLanguage":"ca","potentialAction":[{"@type":"ReadAction","target":["https:\/\/www.teixidors.com\/ca\/producte\/manta-de-sofa-cuadres-cashmere\/"]}]},{"@type":"ImageObject","inLanguage":"ca","@id":"https:\/\/www.teixidors.com\/ca\/producte\/manta-de-sofa-cuadres-cashmere\/#primaryimage","url":"https:\/\/www.teixidors.com\/wp-content\/uploads\/2024\/11\/ASPEN-italian-softest-cashmere-throw-scaled.jpg","contentUrl":"https:\/\/www.teixidors.com\/wp-content\/uploads\/2024\/11\/ASPEN-italian-softest-cashmere-throw-scaled.jpg","width":1333,"height":2000},{"@type":"BreadcrumbList","@id":"https:\/\/www.teixidors.com\/ca\/producte\/manta-de-sofa-cuadres-cashmere\/#breadcrumb","itemListElement":[{"@type":"ListItem","position":1,"name":"Home","item":"https:\/\/www.teixidors.com\/ca\/"},{"@type":"ListItem","position":2,"name":"Botiga","item":"https:\/\/www.teixidors.com\/tienda\/?lang=ca"},{"@type":"ListItem","position":3,"name":"Manta de Sof\u00e0 Aspen"}]},{"@type":"WebSite","@id":"https:\/\/www.teixidors.com\/ca\/#website","url":"https:\/\/www.teixidors.com\/ca\/","name":"Teixidors","description":"Craftmanship fabrics since 1983 | Taller alta artesan\u00eda desde 1983","publisher":{"@id":"https:\/\/www.teixidors.com\/ca\/#organization"},"alternateName":"Teixidors craftmanship fabrics since 1983","potentialAction":[{"@type":"SearchAction","target":{"@type":"EntryPoint","urlTemplate":"https:\/\/www.teixidors.com\/ca\/?s={search_term_string}"},"query-input":{"@type":"PropertyValueSpecification","valueRequired":true,"valueName":"search_term_string"}}],"inLanguage":"ca"},{"@type":"Organization","@id":"https:\/\/www.teixidors.com\/ca\/#organization","name":"Teixidors","url":"https:\/\/www.teixidors.com\/ca\/","logo":{"@type":"ImageObject","inLanguage":"ca","@id":"https:\/\/www.teixidors.com\/ca\/#\/schema\/logo\/image\/","url":"https:\/\/www.teixidors.com\/wp-content\/uploads\/2021\/08\/logo-mobile.svg","contentUrl":"https:\/\/www.teixidors.com\/wp-content\/uploads\/2021\/08\/logo-mobile.svg","width":60,"height":84,"caption":"Teixidors"},"image":{"@id":"https:\/\/www.teixidors.com\/ca\/#\/schema\/logo\/image\/"},"sameAs":["http:\/\/www.facebook.com\/pages\/Teixidors\/195936563785628","https:\/\/x.com\/teixidors","http:\/\/www.pinterest.com\/teixidors\/","https:\/\/www.instagram.com\/teixidors\/"]}]}},"_links":{"self":[{"href":"https:\/\/www.teixidors.com\/ca\/wp-json\/wp\/v2\/product\/6629","targetHints":{"allow":["GET"]}}],"collection":[{"href":"https:\/\/www.teixidors.com\/ca\/wp-json\/wp\/v2\/product"}],"about":[{"href":"https:\/\/www.teixidors.com\/ca\/wp-json\/wp\/v2\/types\/product"}],"wp:featuredmedia":[{"embeddable":true,"href":"https:\/\/www.teixidors.com\/ca\/wp-json\/wp\/v2\/media\/10497"}],"wp:attachment":[{"href":"https:\/\/www.teixidors.com\/ca\/wp-json\/wp\/v2\/media?parent=6629"}],"wp:term":[{"taxonomy":"product_cat","embeddable":true,"href":"https:\/\/www.teixidors.com\/ca\/wp-json\/wp\/v2\/product_cat?post=6629"},{"taxonomy":"product_tag","embeddable":true,"href":"https:\/\/www.teixidors.com\/ca\/wp-json\/wp\/v2\/product_tag?post=6629"}],"curies":[{"name":"wp","href":"https:\/\/api.w.org\/{rel}","templated":true}]}}