{"id":7010,"date":"2023-11-23T16:05:18","date_gmt":"2023-11-23T16:05:18","guid":{"rendered":"https:\/\/www.teixidors.com\/?post_type=product&#038;p=7010"},"modified":"2024-02-23T13:18:36","modified_gmt":"2024-02-23T13:18:36","slug":"coixi-croquis-llana-merina","status":"publish","type":"product","link":"https:\/\/www.teixidors.com\/ca\/producte\/coixi-croquis-llana-merina\/","title":{"rendered":"Funda de coix\u00ed Croquis 40A"},"content":{"rendered":"","protected":false},"excerpt":{"rendered":"<p>Funda de coix\u00ed 40\u00aa aniversari<\/p>\n","protected":false},"featured_media":11238,"template":"","meta":[],"product_cat":[79,81],"product_tag":[],"class_list":["post-7010","product","type-product","status-publish","has-post-thumbnail","hentry","product_cat-llar","product_cat-fundes-de-coixins","pa_colour-gris-ca","pa_colour-blau","pa_colour-verd","pa_size-60-x-35-cm-24-x-14-ca"],"acf":[],"yoast_head":"<!-- This site is optimized with the Yoast SEO plugin v27.4 - https:\/\/yoast.com\/product\/yoast-seo-wordpress\/ -->\n<title>Funda de coix\u00ed Croquis 40A - Teixidors<\/title>\n<meta name=\"description\" content=\"La funda de coix\u00ed Croquis de llana merina, amb disseny de color block, \u00e9s l&#039;elecci\u00f3 perfecta per als que busquen una combinaci\u00f3 d&#039;eleg\u00e0ncia i funcionalitat als seus espais.\" \/>\n<meta name=\"robots\" content=\"index, follow, max-snippet:-1, max-image-preview:large, max-video-preview:-1\" \/>\n<link rel=\"canonical\" href=\"https:\/\/www.teixidors.com\/ca\/producte\/coixi-croquis-llana-merina\/\" \/>\n<meta property=\"og:locale\" content=\"ca_ES\" \/>\n<meta property=\"og:type\" content=\"article\" \/>\n<meta property=\"og:title\" content=\"Funda de coix\u00ed Croquis 40A - Teixidors\" \/>\n<meta property=\"og:description\" content=\"La funda de coix\u00ed Croquis de llana merina, amb disseny de color block, \u00e9s l&#039;elecci\u00f3 perfecta per als que busquen una combinaci\u00f3 d&#039;eleg\u00e0ncia i funcionalitat als seus espais.\" \/>\n<meta property=\"og:url\" content=\"https:\/\/www.teixidors.com\/ca\/producte\/coixi-croquis-llana-merina\/\" \/>\n<meta property=\"og:site_name\" content=\"Teixidors\" \/>\n<meta property=\"article:publisher\" content=\"http:\/\/www.facebook.com\/pages\/Teixidors\/195936563785628\" \/>\n<meta property=\"article:modified_time\" content=\"2024-02-23T13:18:36+00:00\" \/>\n<meta property=\"og:image\" content=\"https:\/\/www.teixidors.com\/wp-content\/uploads\/2023\/11\/TX_Cushion-Cover-Croquis_black_PRO081.jpg\" \/>\n\t<meta property=\"og:image:width\" content=\"900\" \/>\n\t<meta property=\"og:image:height\" content=\"1200\" \/>\n\t<meta property=\"og:image:type\" content=\"image\/jpeg\" \/>\n<script type=\"application\/ld+json\" class=\"yoast-schema-graph\">{\"@context\":\"https:\\\/\\\/schema.org\",\"@graph\":[{\"@type\":[\"WebPage\",\"ItemPage\"],\"@id\":\"https:\\\/\\\/www.teixidors.com\\\/ca\\\/producte\\\/coixi-croquis-llana-merina\\\/\",\"url\":\"https:\\\/\\\/www.teixidors.com\\\/ca\\\/producte\\\/coixi-croquis-llana-merina\\\/\",\"name\":\"Funda de coix\u00ed Croquis 40A - Teixidors\",\"isPartOf\":{\"@id\":\"https:\\\/\\\/www.teixidors.com\\\/ca\\\/#website\"},\"primaryImageOfPage\":{\"@id\":\"https:\\\/\\\/www.teixidors.com\\\/ca\\\/producte\\\/coixi-croquis-llana-merina\\\/#primaryimage\"},\"image\":{\"@id\":\"https:\\\/\\\/www.teixidors.com\\\/ca\\\/producte\\\/coixi-croquis-llana-merina\\\/#primaryimage\"},\"thumbnailUrl\":\"https:\\\/\\\/www.teixidors.com\\\/wp-content\\\/uploads\\\/2023\\\/11\\\/Cojines-suave-y-voluminosos-de-lana-merino-40-aniversario-coleccion-Croquis-en-azul-y-negro.jpg\",\"datePublished\":\"2023-11-23T16:05:18+00:00\",\"dateModified\":\"2024-02-23T13:18:36+00:00\",\"description\":\"La funda de coix\u00ed Croquis de llana merina, amb disseny de color block, \u00e9s l'elecci\u00f3 perfecta per als que busquen una combinaci\u00f3 d'eleg\u00e0ncia i funcionalitat als seus espais.\",\"breadcrumb\":{\"@id\":\"https:\\\/\\\/www.teixidors.com\\\/ca\\\/producte\\\/coixi-croquis-llana-merina\\\/#breadcrumb\"},\"inLanguage\":\"ca\",\"potentialAction\":[{\"@type\":\"ReadAction\",\"target\":[\"https:\\\/\\\/www.teixidors.com\\\/ca\\\/producte\\\/coixi-croquis-llana-merina\\\/\"]}]},{\"@type\":\"ImageObject\",\"inLanguage\":\"ca\",\"@id\":\"https:\\\/\\\/www.teixidors.com\\\/ca\\\/producte\\\/coixi-croquis-llana-merina\\\/#primaryimage\",\"url\":\"https:\\\/\\\/www.teixidors.com\\\/wp-content\\\/uploads\\\/2023\\\/11\\\/Cojines-suave-y-voluminosos-de-lana-merino-40-aniversario-coleccion-Croquis-en-azul-y-negro.jpg\",\"contentUrl\":\"https:\\\/\\\/www.teixidors.com\\\/wp-content\\\/uploads\\\/2023\\\/11\\\/Cojines-suave-y-voluminosos-de-lana-merino-40-aniversario-coleccion-Croquis-en-azul-y-negro.jpg\",\"width\":800,\"height\":1200},{\"@type\":\"BreadcrumbList\",\"@id\":\"https:\\\/\\\/www.teixidors.com\\\/ca\\\/producte\\\/coixi-croquis-llana-merina\\\/#breadcrumb\",\"itemListElement\":[{\"@type\":\"ListItem\",\"position\":1,\"name\":\"Home\",\"item\":\"https:\\\/\\\/www.teixidors.com\\\/ca\\\/\"},{\"@type\":\"ListItem\",\"position\":2,\"name\":\"Botiga\",\"item\":\"https:\\\/\\\/www.teixidors.com\\\/tienda\\\/?lang=ca\"},{\"@type\":\"ListItem\",\"position\":3,\"name\":\"Funda de coix\u00ed Croquis 40A\"}]},{\"@type\":\"WebSite\",\"@id\":\"https:\\\/\\\/www.teixidors.com\\\/ca\\\/#website\",\"url\":\"https:\\\/\\\/www.teixidors.com\\\/ca\\\/\",\"name\":\"Teixidors\",\"description\":\"Craftmanship fabrics since 1983 | Taller alta artesan\u00eda desde 1983\",\"publisher\":{\"@id\":\"https:\\\/\\\/www.teixidors.com\\\/ca\\\/#organization\"},\"alternateName\":\"Teixidors craftmanship fabrics since 1983\",\"potentialAction\":[{\"@type\":\"SearchAction\",\"target\":{\"@type\":\"EntryPoint\",\"urlTemplate\":\"https:\\\/\\\/www.teixidors.com\\\/ca\\\/?s={search_term_string}\"},\"query-input\":{\"@type\":\"PropertyValueSpecification\",\"valueRequired\":true,\"valueName\":\"search_term_string\"}}],\"inLanguage\":\"ca\"},{\"@type\":\"Organization\",\"@id\":\"https:\\\/\\\/www.teixidors.com\\\/ca\\\/#organization\",\"name\":\"Teixidors\",\"url\":\"https:\\\/\\\/www.teixidors.com\\\/ca\\\/\",\"logo\":{\"@type\":\"ImageObject\",\"inLanguage\":\"ca\",\"@id\":\"https:\\\/\\\/www.teixidors.com\\\/ca\\\/#\\\/schema\\\/logo\\\/image\\\/\",\"url\":\"https:\\\/\\\/www.teixidors.com\\\/wp-content\\\/uploads\\\/2021\\\/08\\\/logo-mobile.svg\",\"contentUrl\":\"https:\\\/\\\/www.teixidors.com\\\/wp-content\\\/uploads\\\/2021\\\/08\\\/logo-mobile.svg\",\"width\":60,\"height\":84,\"caption\":\"Teixidors\"},\"image\":{\"@id\":\"https:\\\/\\\/www.teixidors.com\\\/ca\\\/#\\\/schema\\\/logo\\\/image\\\/\"},\"sameAs\":[\"http:\\\/\\\/www.facebook.com\\\/pages\\\/Teixidors\\\/195936563785628\",\"https:\\\/\\\/x.com\\\/teixidors\",\"http:\\\/\\\/www.pinterest.com\\\/teixidors\\\/\",\"https:\\\/\\\/www.instagram.com\\\/teixidors\\\/\"]}]}<\/script>\n<!-- \/ Yoast SEO plugin. -->","yoast_head_json":{"title":"Funda de coix\u00ed Croquis 40A - Teixidors","description":"La funda de coix\u00ed Croquis de llana merina, amb disseny de color block, \u00e9s l'elecci\u00f3 perfecta per als que busquen una combinaci\u00f3 d'eleg\u00e0ncia i funcionalitat als seus espais.","robots":{"index":"index","follow":"follow","max-snippet":"max-snippet:-1","max-image-preview":"max-image-preview:large","max-video-preview":"max-video-preview:-1"},"canonical":"https:\/\/www.teixidors.com\/ca\/producte\/coixi-croquis-llana-merina\/","og_locale":"ca_ES","og_type":"article","og_title":"Funda de coix\u00ed Croquis 40A - Teixidors","og_description":"La funda de coix\u00ed Croquis de llana merina, amb disseny de color block, \u00e9s l'elecci\u00f3 perfecta per als que busquen una combinaci\u00f3 d'eleg\u00e0ncia i funcionalitat als seus espais.","og_url":"https:\/\/www.teixidors.com\/ca\/producte\/coixi-croquis-llana-merina\/","og_site_name":"Teixidors","article_publisher":"http:\/\/www.facebook.com\/pages\/Teixidors\/195936563785628","article_modified_time":"2024-02-23T13:18:36+00:00","og_image":[{"width":900,"height":1200,"url":"https:\/\/www.teixidors.com\/wp-content\/uploads\/2023\/11\/TX_Cushion-Cover-Croquis_black_PRO081.jpg","type":"image\/jpeg"}],"schema":{"@context":"https:\/\/schema.org","@graph":[{"@type":["WebPage","ItemPage"],"@id":"https:\/\/www.teixidors.com\/ca\/producte\/coixi-croquis-llana-merina\/","url":"https:\/\/www.teixidors.com\/ca\/producte\/coixi-croquis-llana-merina\/","name":"Funda de coix\u00ed Croquis 40A - Teixidors","isPartOf":{"@id":"https:\/\/www.teixidors.com\/ca\/#website"},"primaryImageOfPage":{"@id":"https:\/\/www.teixidors.com\/ca\/producte\/coixi-croquis-llana-merina\/#primaryimage"},"image":{"@id":"https:\/\/www.teixidors.com\/ca\/producte\/coixi-croquis-llana-merina\/#primaryimage"},"thumbnailUrl":"https:\/\/www.teixidors.com\/wp-content\/uploads\/2023\/11\/Cojines-suave-y-voluminosos-de-lana-merino-40-aniversario-coleccion-Croquis-en-azul-y-negro.jpg","datePublished":"2023-11-23T16:05:18+00:00","dateModified":"2024-02-23T13:18:36+00:00","description":"La funda de coix\u00ed Croquis de llana merina, amb disseny de color block, \u00e9s l'elecci\u00f3 perfecta per als que busquen una combinaci\u00f3 d'eleg\u00e0ncia i funcionalitat als seus espais.","breadcrumb":{"@id":"https:\/\/www.teixidors.com\/ca\/producte\/coixi-croquis-llana-merina\/#breadcrumb"},"inLanguage":"ca","potentialAction":[{"@type":"ReadAction","target":["https:\/\/www.teixidors.com\/ca\/producte\/coixi-croquis-llana-merina\/"]}]},{"@type":"ImageObject","inLanguage":"ca","@id":"https:\/\/www.teixidors.com\/ca\/producte\/coixi-croquis-llana-merina\/#primaryimage","url":"https:\/\/www.teixidors.com\/wp-content\/uploads\/2023\/11\/Cojines-suave-y-voluminosos-de-lana-merino-40-aniversario-coleccion-Croquis-en-azul-y-negro.jpg","contentUrl":"https:\/\/www.teixidors.com\/wp-content\/uploads\/2023\/11\/Cojines-suave-y-voluminosos-de-lana-merino-40-aniversario-coleccion-Croquis-en-azul-y-negro.jpg","width":800,"height":1200},{"@type":"BreadcrumbList","@id":"https:\/\/www.teixidors.com\/ca\/producte\/coixi-croquis-llana-merina\/#breadcrumb","itemListElement":[{"@type":"ListItem","position":1,"name":"Home","item":"https:\/\/www.teixidors.com\/ca\/"},{"@type":"ListItem","position":2,"name":"Botiga","item":"https:\/\/www.teixidors.com\/tienda\/?lang=ca"},{"@type":"ListItem","position":3,"name":"Funda de coix\u00ed Croquis 40A"}]},{"@type":"WebSite","@id":"https:\/\/www.teixidors.com\/ca\/#website","url":"https:\/\/www.teixidors.com\/ca\/","name":"Teixidors","description":"Craftmanship fabrics since 1983 | Taller alta artesan\u00eda desde 1983","publisher":{"@id":"https:\/\/www.teixidors.com\/ca\/#organization"},"alternateName":"Teixidors craftmanship fabrics since 1983","potentialAction":[{"@type":"SearchAction","target":{"@type":"EntryPoint","urlTemplate":"https:\/\/www.teixidors.com\/ca\/?s={search_term_string}"},"query-input":{"@type":"PropertyValueSpecification","valueRequired":true,"valueName":"search_term_string"}}],"inLanguage":"ca"},{"@type":"Organization","@id":"https:\/\/www.teixidors.com\/ca\/#organization","name":"Teixidors","url":"https:\/\/www.teixidors.com\/ca\/","logo":{"@type":"ImageObject","inLanguage":"ca","@id":"https:\/\/www.teixidors.com\/ca\/#\/schema\/logo\/image\/","url":"https:\/\/www.teixidors.com\/wp-content\/uploads\/2021\/08\/logo-mobile.svg","contentUrl":"https:\/\/www.teixidors.com\/wp-content\/uploads\/2021\/08\/logo-mobile.svg","width":60,"height":84,"caption":"Teixidors"},"image":{"@id":"https:\/\/www.teixidors.com\/ca\/#\/schema\/logo\/image\/"},"sameAs":["http:\/\/www.facebook.com\/pages\/Teixidors\/195936563785628","https:\/\/x.com\/teixidors","http:\/\/www.pinterest.com\/teixidors\/","https:\/\/www.instagram.com\/teixidors\/"]}]}},"_links":{"self":[{"href":"https:\/\/www.teixidors.com\/ca\/wp-json\/wp\/v2\/product\/7010","targetHints":{"allow":["GET"]}}],"collection":[{"href":"https:\/\/www.teixidors.com\/ca\/wp-json\/wp\/v2\/product"}],"about":[{"href":"https:\/\/www.teixidors.com\/ca\/wp-json\/wp\/v2\/types\/product"}],"wp:featuredmedia":[{"embeddable":true,"href":"https:\/\/www.teixidors.com\/ca\/wp-json\/wp\/v2\/media\/11238"}],"wp:attachment":[{"href":"https:\/\/www.teixidors.com\/ca\/wp-json\/wp\/v2\/media?parent=7010"}],"wp:term":[{"taxonomy":"product_cat","embeddable":true,"href":"https:\/\/www.teixidors.com\/ca\/wp-json\/wp\/v2\/product_cat?post=7010"},{"taxonomy":"product_tag","embeddable":true,"href":"https:\/\/www.teixidors.com\/ca\/wp-json\/wp\/v2\/product_tag?post=7010"}],"curies":[{"name":"wp","href":"https:\/\/api.w.org\/{rel}","templated":true}]}}