{"id":7941,"date":"2024-04-15T14:19:44","date_gmt":"2024-04-15T14:19:44","guid":{"rendered":"https:\/\/www.teixidors.com\/product\/funda-de-cojin-meraki\/"},"modified":"2024-11-21T10:34:46","modified_gmt":"2024-11-21T10:34:46","slug":"funda-coixi-de-100-lli-europeu","status":"publish","type":"product","link":"https:\/\/www.teixidors.com\/ca\/producte\/funda-coixi-de-100-lli-europeu\/","title":{"rendered":"Funda de coix\u00ed Meraki"},"content":{"rendered":"","protected":false},"excerpt":{"rendered":"","protected":false},"featured_media":11244,"template":"","meta":[],"product_cat":[79,81],"product_tag":[],"class_list":["post-7941","product","type-product","status-publish","has-post-thumbnail","hentry","product_cat-llar","product_cat-fundes-de-coixins","pa_colour-negre","pa_colour-sorra","pa_size-50-x-30-cm-20-x-12-ca","pa_size-50-x-50-cm-20-x-20-ca"],"acf":[],"yoast_head":"<!-- This site is optimized with the Yoast SEO plugin v27.4 - https:\/\/yoast.com\/product\/yoast-seo-wordpress\/ -->\n<title>Funda de coix\u00ed Meraki 100% lli europeu - Teixidors<\/title>\n<meta name=\"description\" content=\"Meraki una funda de coix\u00ed 100% lli europeu , la s\u00edntesi mediterr\u00e0nia m\u00e9s pura i la seva arquitectura m\u00e9s avantguardista.\" \/>\n<meta name=\"robots\" content=\"index, follow, max-snippet:-1, max-image-preview:large, max-video-preview:-1\" \/>\n<link rel=\"canonical\" href=\"https:\/\/www.teixidors.com\/ca\/producte\/funda-coixi-de-100-lli-europeu\/\" \/>\n<meta property=\"og:locale\" content=\"ca_ES\" \/>\n<meta property=\"og:type\" content=\"article\" \/>\n<meta property=\"og:title\" content=\"Funda de coix\u00ed Meraki 100% lli europeu - Teixidors\" \/>\n<meta property=\"og:description\" content=\"Meraki una funda de coix\u00ed 100% lli europeu , la s\u00edntesi mediterr\u00e0nia m\u00e9s pura i la seva arquitectura m\u00e9s avantguardista.\" \/>\n<meta property=\"og:url\" content=\"https:\/\/www.teixidors.com\/ca\/producte\/funda-coixi-de-100-lli-europeu\/\" \/>\n<meta property=\"og:site_name\" content=\"Teixidors\" \/>\n<meta property=\"article:publisher\" content=\"http:\/\/www.facebook.com\/pages\/Teixidors\/195936563785628\" \/>\n<meta property=\"article:modified_time\" content=\"2024-11-21T10:34:46+00:00\" \/>\n<meta property=\"og:image\" content=\"https:\/\/www.teixidors.com\/wp-content\/uploads\/2024\/11\/MERAKI-european-traceable-linen-cushion-cover.jpg\" \/>\n\t<meta property=\"og:image:width\" content=\"800\" \/>\n\t<meta property=\"og:image:height\" content=\"1200\" \/>\n\t<meta property=\"og:image:type\" content=\"image\/jpeg\" \/>\n<script type=\"application\/ld+json\" class=\"yoast-schema-graph\">{\"@context\":\"https:\\\/\\\/schema.org\",\"@graph\":[{\"@type\":[\"WebPage\",\"ItemPage\"],\"@id\":\"https:\\\/\\\/www.teixidors.com\\\/ca\\\/producte\\\/funda-coixi-de-100-lli-europeu\\\/\",\"url\":\"https:\\\/\\\/www.teixidors.com\\\/ca\\\/producte\\\/funda-coixi-de-100-lli-europeu\\\/\",\"name\":\"Funda de coix\u00ed Meraki 100% lli europeu - Teixidors\",\"isPartOf\":{\"@id\":\"https:\\\/\\\/www.teixidors.com\\\/ca\\\/#website\"},\"primaryImageOfPage\":{\"@id\":\"https:\\\/\\\/www.teixidors.com\\\/ca\\\/producte\\\/funda-coixi-de-100-lli-europeu\\\/#primaryimage\"},\"image\":{\"@id\":\"https:\\\/\\\/www.teixidors.com\\\/ca\\\/producte\\\/funda-coixi-de-100-lli-europeu\\\/#primaryimage\"},\"thumbnailUrl\":\"https:\\\/\\\/www.teixidors.com\\\/wp-content\\\/uploads\\\/2024\\\/04\\\/Cojines-coleccion-Meraki-de-lino-100-europeo-certificado-tejido-en-telar-manual.jpg\",\"datePublished\":\"2024-04-15T14:19:44+00:00\",\"dateModified\":\"2024-11-21T10:34:46+00:00\",\"description\":\"Meraki una funda de coix\u00ed 100% lli europeu , la s\u00edntesi mediterr\u00e0nia m\u00e9s pura i la seva arquitectura m\u00e9s avantguardista.\",\"breadcrumb\":{\"@id\":\"https:\\\/\\\/www.teixidors.com\\\/ca\\\/producte\\\/funda-coixi-de-100-lli-europeu\\\/#breadcrumb\"},\"inLanguage\":\"ca\",\"potentialAction\":[{\"@type\":\"ReadAction\",\"target\":[\"https:\\\/\\\/www.teixidors.com\\\/ca\\\/producte\\\/funda-coixi-de-100-lli-europeu\\\/\"]}]},{\"@type\":\"ImageObject\",\"inLanguage\":\"ca\",\"@id\":\"https:\\\/\\\/www.teixidors.com\\\/ca\\\/producte\\\/funda-coixi-de-100-lli-europeu\\\/#primaryimage\",\"url\":\"https:\\\/\\\/www.teixidors.com\\\/wp-content\\\/uploads\\\/2024\\\/04\\\/Cojines-coleccion-Meraki-de-lino-100-europeo-certificado-tejido-en-telar-manual.jpg\",\"contentUrl\":\"https:\\\/\\\/www.teixidors.com\\\/wp-content\\\/uploads\\\/2024\\\/04\\\/Cojines-coleccion-Meraki-de-lino-100-europeo-certificado-tejido-en-telar-manual.jpg\",\"width\":800,\"height\":1200},{\"@type\":\"BreadcrumbList\",\"@id\":\"https:\\\/\\\/www.teixidors.com\\\/ca\\\/producte\\\/funda-coixi-de-100-lli-europeu\\\/#breadcrumb\",\"itemListElement\":[{\"@type\":\"ListItem\",\"position\":1,\"name\":\"Home\",\"item\":\"https:\\\/\\\/www.teixidors.com\\\/ca\\\/\"},{\"@type\":\"ListItem\",\"position\":2,\"name\":\"Botiga\",\"item\":\"https:\\\/\\\/www.teixidors.com\\\/tienda\\\/?lang=ca\"},{\"@type\":\"ListItem\",\"position\":3,\"name\":\"Funda de coix\u00ed Meraki\"}]},{\"@type\":\"WebSite\",\"@id\":\"https:\\\/\\\/www.teixidors.com\\\/ca\\\/#website\",\"url\":\"https:\\\/\\\/www.teixidors.com\\\/ca\\\/\",\"name\":\"Teixidors\",\"description\":\"Craftmanship fabrics since 1983 | Taller alta artesan\u00eda desde 1983\",\"publisher\":{\"@id\":\"https:\\\/\\\/www.teixidors.com\\\/ca\\\/#organization\"},\"alternateName\":\"Teixidors craftmanship fabrics since 1983\",\"potentialAction\":[{\"@type\":\"SearchAction\",\"target\":{\"@type\":\"EntryPoint\",\"urlTemplate\":\"https:\\\/\\\/www.teixidors.com\\\/ca\\\/?s={search_term_string}\"},\"query-input\":{\"@type\":\"PropertyValueSpecification\",\"valueRequired\":true,\"valueName\":\"search_term_string\"}}],\"inLanguage\":\"ca\"},{\"@type\":\"Organization\",\"@id\":\"https:\\\/\\\/www.teixidors.com\\\/ca\\\/#organization\",\"name\":\"Teixidors\",\"url\":\"https:\\\/\\\/www.teixidors.com\\\/ca\\\/\",\"logo\":{\"@type\":\"ImageObject\",\"inLanguage\":\"ca\",\"@id\":\"https:\\\/\\\/www.teixidors.com\\\/ca\\\/#\\\/schema\\\/logo\\\/image\\\/\",\"url\":\"https:\\\/\\\/www.teixidors.com\\\/wp-content\\\/uploads\\\/2021\\\/08\\\/logo-mobile.svg\",\"contentUrl\":\"https:\\\/\\\/www.teixidors.com\\\/wp-content\\\/uploads\\\/2021\\\/08\\\/logo-mobile.svg\",\"width\":60,\"height\":84,\"caption\":\"Teixidors\"},\"image\":{\"@id\":\"https:\\\/\\\/www.teixidors.com\\\/ca\\\/#\\\/schema\\\/logo\\\/image\\\/\"},\"sameAs\":[\"http:\\\/\\\/www.facebook.com\\\/pages\\\/Teixidors\\\/195936563785628\",\"https:\\\/\\\/x.com\\\/teixidors\",\"http:\\\/\\\/www.pinterest.com\\\/teixidors\\\/\",\"https:\\\/\\\/www.instagram.com\\\/teixidors\\\/\"]}]}<\/script>\n<!-- \/ Yoast SEO plugin. -->","yoast_head_json":{"title":"Funda de coix\u00ed Meraki 100% lli europeu - Teixidors","description":"Meraki una funda de coix\u00ed 100% lli europeu , la s\u00edntesi mediterr\u00e0nia m\u00e9s pura i la seva arquitectura m\u00e9s avantguardista.","robots":{"index":"index","follow":"follow","max-snippet":"max-snippet:-1","max-image-preview":"max-image-preview:large","max-video-preview":"max-video-preview:-1"},"canonical":"https:\/\/www.teixidors.com\/ca\/producte\/funda-coixi-de-100-lli-europeu\/","og_locale":"ca_ES","og_type":"article","og_title":"Funda de coix\u00ed Meraki 100% lli europeu - Teixidors","og_description":"Meraki una funda de coix\u00ed 100% lli europeu , la s\u00edntesi mediterr\u00e0nia m\u00e9s pura i la seva arquitectura m\u00e9s avantguardista.","og_url":"https:\/\/www.teixidors.com\/ca\/producte\/funda-coixi-de-100-lli-europeu\/","og_site_name":"Teixidors","article_publisher":"http:\/\/www.facebook.com\/pages\/Teixidors\/195936563785628","article_modified_time":"2024-11-21T10:34:46+00:00","og_image":[{"width":800,"height":1200,"url":"https:\/\/www.teixidors.com\/wp-content\/uploads\/2024\/11\/MERAKI-european-traceable-linen-cushion-cover.jpg","type":"image\/jpeg"}],"schema":{"@context":"https:\/\/schema.org","@graph":[{"@type":["WebPage","ItemPage"],"@id":"https:\/\/www.teixidors.com\/ca\/producte\/funda-coixi-de-100-lli-europeu\/","url":"https:\/\/www.teixidors.com\/ca\/producte\/funda-coixi-de-100-lli-europeu\/","name":"Funda de coix\u00ed Meraki 100% lli europeu - Teixidors","isPartOf":{"@id":"https:\/\/www.teixidors.com\/ca\/#website"},"primaryImageOfPage":{"@id":"https:\/\/www.teixidors.com\/ca\/producte\/funda-coixi-de-100-lli-europeu\/#primaryimage"},"image":{"@id":"https:\/\/www.teixidors.com\/ca\/producte\/funda-coixi-de-100-lli-europeu\/#primaryimage"},"thumbnailUrl":"https:\/\/www.teixidors.com\/wp-content\/uploads\/2024\/04\/Cojines-coleccion-Meraki-de-lino-100-europeo-certificado-tejido-en-telar-manual.jpg","datePublished":"2024-04-15T14:19:44+00:00","dateModified":"2024-11-21T10:34:46+00:00","description":"Meraki una funda de coix\u00ed 100% lli europeu , la s\u00edntesi mediterr\u00e0nia m\u00e9s pura i la seva arquitectura m\u00e9s avantguardista.","breadcrumb":{"@id":"https:\/\/www.teixidors.com\/ca\/producte\/funda-coixi-de-100-lli-europeu\/#breadcrumb"},"inLanguage":"ca","potentialAction":[{"@type":"ReadAction","target":["https:\/\/www.teixidors.com\/ca\/producte\/funda-coixi-de-100-lli-europeu\/"]}]},{"@type":"ImageObject","inLanguage":"ca","@id":"https:\/\/www.teixidors.com\/ca\/producte\/funda-coixi-de-100-lli-europeu\/#primaryimage","url":"https:\/\/www.teixidors.com\/wp-content\/uploads\/2024\/04\/Cojines-coleccion-Meraki-de-lino-100-europeo-certificado-tejido-en-telar-manual.jpg","contentUrl":"https:\/\/www.teixidors.com\/wp-content\/uploads\/2024\/04\/Cojines-coleccion-Meraki-de-lino-100-europeo-certificado-tejido-en-telar-manual.jpg","width":800,"height":1200},{"@type":"BreadcrumbList","@id":"https:\/\/www.teixidors.com\/ca\/producte\/funda-coixi-de-100-lli-europeu\/#breadcrumb","itemListElement":[{"@type":"ListItem","position":1,"name":"Home","item":"https:\/\/www.teixidors.com\/ca\/"},{"@type":"ListItem","position":2,"name":"Botiga","item":"https:\/\/www.teixidors.com\/tienda\/?lang=ca"},{"@type":"ListItem","position":3,"name":"Funda de coix\u00ed Meraki"}]},{"@type":"WebSite","@id":"https:\/\/www.teixidors.com\/ca\/#website","url":"https:\/\/www.teixidors.com\/ca\/","name":"Teixidors","description":"Craftmanship fabrics since 1983 | Taller alta artesan\u00eda desde 1983","publisher":{"@id":"https:\/\/www.teixidors.com\/ca\/#organization"},"alternateName":"Teixidors craftmanship fabrics since 1983","potentialAction":[{"@type":"SearchAction","target":{"@type":"EntryPoint","urlTemplate":"https:\/\/www.teixidors.com\/ca\/?s={search_term_string}"},"query-input":{"@type":"PropertyValueSpecification","valueRequired":true,"valueName":"search_term_string"}}],"inLanguage":"ca"},{"@type":"Organization","@id":"https:\/\/www.teixidors.com\/ca\/#organization","name":"Teixidors","url":"https:\/\/www.teixidors.com\/ca\/","logo":{"@type":"ImageObject","inLanguage":"ca","@id":"https:\/\/www.teixidors.com\/ca\/#\/schema\/logo\/image\/","url":"https:\/\/www.teixidors.com\/wp-content\/uploads\/2021\/08\/logo-mobile.svg","contentUrl":"https:\/\/www.teixidors.com\/wp-content\/uploads\/2021\/08\/logo-mobile.svg","width":60,"height":84,"caption":"Teixidors"},"image":{"@id":"https:\/\/www.teixidors.com\/ca\/#\/schema\/logo\/image\/"},"sameAs":["http:\/\/www.facebook.com\/pages\/Teixidors\/195936563785628","https:\/\/x.com\/teixidors","http:\/\/www.pinterest.com\/teixidors\/","https:\/\/www.instagram.com\/teixidors\/"]}]}},"_links":{"self":[{"href":"https:\/\/www.teixidors.com\/ca\/wp-json\/wp\/v2\/product\/7941","targetHints":{"allow":["GET"]}}],"collection":[{"href":"https:\/\/www.teixidors.com\/ca\/wp-json\/wp\/v2\/product"}],"about":[{"href":"https:\/\/www.teixidors.com\/ca\/wp-json\/wp\/v2\/types\/product"}],"wp:featuredmedia":[{"embeddable":true,"href":"https:\/\/www.teixidors.com\/ca\/wp-json\/wp\/v2\/media\/11244"}],"wp:attachment":[{"href":"https:\/\/www.teixidors.com\/ca\/wp-json\/wp\/v2\/media?parent=7941"}],"wp:term":[{"taxonomy":"product_cat","embeddable":true,"href":"https:\/\/www.teixidors.com\/ca\/wp-json\/wp\/v2\/product_cat?post=7941"},{"taxonomy":"product_tag","embeddable":true,"href":"https:\/\/www.teixidors.com\/ca\/wp-json\/wp\/v2\/product_tag?post=7941"}],"curies":[{"name":"wp","href":"https:\/\/api.w.org\/{rel}","templated":true}]}}