{"id":8176,"date":"2024-04-16T08:07:18","date_gmt":"2024-04-16T08:07:18","guid":{"rendered":"https:\/\/www.teixidors.com\/product\/plaid-tejido-en-lino-europeo-eunoia\/"},"modified":"2025-10-08T10:49:51","modified_gmt":"2025-10-08T10:49:51","slug":"manta-sofa-teixit-lli-europeu-eunoia","status":"publish","type":"product","link":"https:\/\/www.teixidors.com\/ca\/producte\/manta-sofa-teixit-lli-europeu-eunoia\/","title":{"rendered":"Manta de sof\u00e0 Eunoia"},"content":{"rendered":"","protected":false},"excerpt":{"rendered":"","protected":false},"featured_media":10515,"template":"","meta":[],"product_cat":[82,79],"product_tag":[],"class_list":["post-8176","product","type-product","status-publish","has-post-thumbnail","hentry","product_cat-mantes-de-sofa","product_cat-llar","pa_colour-blau"],"acf":[],"yoast_head":"<!-- This site is optimized with the Yoast SEO plugin v27.4 - https:\/\/yoast.com\/product\/yoast-seo-wordpress\/ -->\n<title>Manta de sof\u00e0 Eunoia teixit lli europeu- Teixidors<\/title>\n<meta name=\"description\" content=\"Eunoia manta sof\u00e0 texit lli europeu. Les mantes, plaids i coixins d&#039;aquesta s\u00e8rie no es perdran en el temps. S\u00f3n peces que s&#039;hereten, es cuiden.\" \/>\n<meta name=\"robots\" content=\"index, follow, max-snippet:-1, max-image-preview:large, max-video-preview:-1\" \/>\n<link rel=\"canonical\" href=\"https:\/\/www.teixidors.com\/ca\/producte\/manta-sofa-teixit-lli-europeu-eunoia\/\" \/>\n<meta property=\"og:locale\" content=\"ca_ES\" \/>\n<meta property=\"og:type\" content=\"article\" \/>\n<meta property=\"og:title\" content=\"Manta de sof\u00e0 Eunoia teixit lli europeu- Teixidors\" \/>\n<meta property=\"og:description\" content=\"Eunoia manta sof\u00e0 texit lli europeu. Les mantes, plaids i coixins d&#039;aquesta s\u00e8rie no es perdran en el temps. S\u00f3n peces que s&#039;hereten, es cuiden.\" \/>\n<meta property=\"og:url\" content=\"https:\/\/www.teixidors.com\/ca\/producte\/manta-sofa-teixit-lli-europeu-eunoia\/\" \/>\n<meta property=\"og:site_name\" content=\"Teixidors\" \/>\n<meta property=\"article:publisher\" content=\"http:\/\/www.facebook.com\/pages\/Teixidors\/195936563785628\" \/>\n<meta property=\"article:modified_time\" content=\"2025-10-08T10:49:51+00:00\" \/>\n<meta property=\"og:image\" content=\"https:\/\/www.teixidors.com\/wp-content\/uploads\/2024\/11\/EUNOIA-european-linen-certificated-throw-scaled.jpg\" \/>\n\t<meta property=\"og:image:width\" content=\"1333\" \/>\n\t<meta property=\"og:image:height\" content=\"2000\" \/>\n\t<meta property=\"og:image:type\" content=\"image\/jpeg\" \/>\n<script type=\"application\/ld+json\" class=\"yoast-schema-graph\">{\"@context\":\"https:\\\/\\\/schema.org\",\"@graph\":[{\"@type\":[\"WebPage\",\"ItemPage\"],\"@id\":\"https:\\\/\\\/www.teixidors.com\\\/ca\\\/producte\\\/manta-sofa-teixit-lli-europeu-eunoia\\\/\",\"url\":\"https:\\\/\\\/www.teixidors.com\\\/ca\\\/producte\\\/manta-sofa-teixit-lli-europeu-eunoia\\\/\",\"name\":\"Manta de sof\u00e0 Eunoia teixit lli europeu- Teixidors\",\"isPartOf\":{\"@id\":\"https:\\\/\\\/www.teixidors.com\\\/ca\\\/#website\"},\"primaryImageOfPage\":{\"@id\":\"https:\\\/\\\/www.teixidors.com\\\/ca\\\/producte\\\/manta-sofa-teixit-lli-europeu-eunoia\\\/#primaryimage\"},\"image\":{\"@id\":\"https:\\\/\\\/www.teixidors.com\\\/ca\\\/producte\\\/manta-sofa-teixit-lli-europeu-eunoia\\\/#primaryimage\"},\"thumbnailUrl\":\"https:\\\/\\\/www.teixidors.com\\\/wp-content\\\/uploads\\\/2024\\\/11\\\/EUNOIA-european-linen-certificated-throw-scaled.jpg\",\"datePublished\":\"2024-04-16T08:07:18+00:00\",\"dateModified\":\"2025-10-08T10:49:51+00:00\",\"description\":\"Eunoia manta sof\u00e0 texit lli europeu. Les mantes, plaids i coixins d'aquesta s\u00e8rie no es perdran en el temps. S\u00f3n peces que s'hereten, es cuiden.\",\"breadcrumb\":{\"@id\":\"https:\\\/\\\/www.teixidors.com\\\/ca\\\/producte\\\/manta-sofa-teixit-lli-europeu-eunoia\\\/#breadcrumb\"},\"inLanguage\":\"ca\",\"potentialAction\":[{\"@type\":\"ReadAction\",\"target\":[\"https:\\\/\\\/www.teixidors.com\\\/ca\\\/producte\\\/manta-sofa-teixit-lli-europeu-eunoia\\\/\"]}]},{\"@type\":\"ImageObject\",\"inLanguage\":\"ca\",\"@id\":\"https:\\\/\\\/www.teixidors.com\\\/ca\\\/producte\\\/manta-sofa-teixit-lli-europeu-eunoia\\\/#primaryimage\",\"url\":\"https:\\\/\\\/www.teixidors.com\\\/wp-content\\\/uploads\\\/2024\\\/11\\\/EUNOIA-european-linen-certificated-throw-scaled.jpg\",\"contentUrl\":\"https:\\\/\\\/www.teixidors.com\\\/wp-content\\\/uploads\\\/2024\\\/11\\\/EUNOIA-european-linen-certificated-throw-scaled.jpg\",\"width\":1333,\"height\":2000},{\"@type\":\"BreadcrumbList\",\"@id\":\"https:\\\/\\\/www.teixidors.com\\\/ca\\\/producte\\\/manta-sofa-teixit-lli-europeu-eunoia\\\/#breadcrumb\",\"itemListElement\":[{\"@type\":\"ListItem\",\"position\":1,\"name\":\"Home\",\"item\":\"https:\\\/\\\/www.teixidors.com\\\/ca\\\/\"},{\"@type\":\"ListItem\",\"position\":2,\"name\":\"Botiga\",\"item\":\"https:\\\/\\\/www.teixidors.com\\\/tienda\\\/?lang=ca\"},{\"@type\":\"ListItem\",\"position\":3,\"name\":\"Manta de sof\u00e0 Eunoia\"}]},{\"@type\":\"WebSite\",\"@id\":\"https:\\\/\\\/www.teixidors.com\\\/ca\\\/#website\",\"url\":\"https:\\\/\\\/www.teixidors.com\\\/ca\\\/\",\"name\":\"Teixidors\",\"description\":\"Craftmanship fabrics since 1983 | Taller alta artesan\u00eda desde 1983\",\"publisher\":{\"@id\":\"https:\\\/\\\/www.teixidors.com\\\/ca\\\/#organization\"},\"alternateName\":\"Teixidors craftmanship fabrics since 1983\",\"potentialAction\":[{\"@type\":\"SearchAction\",\"target\":{\"@type\":\"EntryPoint\",\"urlTemplate\":\"https:\\\/\\\/www.teixidors.com\\\/ca\\\/?s={search_term_string}\"},\"query-input\":{\"@type\":\"PropertyValueSpecification\",\"valueRequired\":true,\"valueName\":\"search_term_string\"}}],\"inLanguage\":\"ca\"},{\"@type\":\"Organization\",\"@id\":\"https:\\\/\\\/www.teixidors.com\\\/ca\\\/#organization\",\"name\":\"Teixidors\",\"url\":\"https:\\\/\\\/www.teixidors.com\\\/ca\\\/\",\"logo\":{\"@type\":\"ImageObject\",\"inLanguage\":\"ca\",\"@id\":\"https:\\\/\\\/www.teixidors.com\\\/ca\\\/#\\\/schema\\\/logo\\\/image\\\/\",\"url\":\"https:\\\/\\\/www.teixidors.com\\\/wp-content\\\/uploads\\\/2021\\\/08\\\/logo-mobile.svg\",\"contentUrl\":\"https:\\\/\\\/www.teixidors.com\\\/wp-content\\\/uploads\\\/2021\\\/08\\\/logo-mobile.svg\",\"width\":60,\"height\":84,\"caption\":\"Teixidors\"},\"image\":{\"@id\":\"https:\\\/\\\/www.teixidors.com\\\/ca\\\/#\\\/schema\\\/logo\\\/image\\\/\"},\"sameAs\":[\"http:\\\/\\\/www.facebook.com\\\/pages\\\/Teixidors\\\/195936563785628\",\"https:\\\/\\\/x.com\\\/teixidors\",\"http:\\\/\\\/www.pinterest.com\\\/teixidors\\\/\",\"https:\\\/\\\/www.instagram.com\\\/teixidors\\\/\"]}]}<\/script>\n<!-- \/ Yoast SEO plugin. -->","yoast_head_json":{"title":"Manta de sof\u00e0 Eunoia teixit lli europeu- Teixidors","description":"Eunoia manta sof\u00e0 texit lli europeu. Les mantes, plaids i coixins d'aquesta s\u00e8rie no es perdran en el temps. S\u00f3n peces que s'hereten, es cuiden.","robots":{"index":"index","follow":"follow","max-snippet":"max-snippet:-1","max-image-preview":"max-image-preview:large","max-video-preview":"max-video-preview:-1"},"canonical":"https:\/\/www.teixidors.com\/ca\/producte\/manta-sofa-teixit-lli-europeu-eunoia\/","og_locale":"ca_ES","og_type":"article","og_title":"Manta de sof\u00e0 Eunoia teixit lli europeu- Teixidors","og_description":"Eunoia manta sof\u00e0 texit lli europeu. Les mantes, plaids i coixins d'aquesta s\u00e8rie no es perdran en el temps. S\u00f3n peces que s'hereten, es cuiden.","og_url":"https:\/\/www.teixidors.com\/ca\/producte\/manta-sofa-teixit-lli-europeu-eunoia\/","og_site_name":"Teixidors","article_publisher":"http:\/\/www.facebook.com\/pages\/Teixidors\/195936563785628","article_modified_time":"2025-10-08T10:49:51+00:00","og_image":[{"width":1333,"height":2000,"url":"https:\/\/www.teixidors.com\/wp-content\/uploads\/2024\/11\/EUNOIA-european-linen-certificated-throw-scaled.jpg","type":"image\/jpeg"}],"schema":{"@context":"https:\/\/schema.org","@graph":[{"@type":["WebPage","ItemPage"],"@id":"https:\/\/www.teixidors.com\/ca\/producte\/manta-sofa-teixit-lli-europeu-eunoia\/","url":"https:\/\/www.teixidors.com\/ca\/producte\/manta-sofa-teixit-lli-europeu-eunoia\/","name":"Manta de sof\u00e0 Eunoia teixit lli europeu- Teixidors","isPartOf":{"@id":"https:\/\/www.teixidors.com\/ca\/#website"},"primaryImageOfPage":{"@id":"https:\/\/www.teixidors.com\/ca\/producte\/manta-sofa-teixit-lli-europeu-eunoia\/#primaryimage"},"image":{"@id":"https:\/\/www.teixidors.com\/ca\/producte\/manta-sofa-teixit-lli-europeu-eunoia\/#primaryimage"},"thumbnailUrl":"https:\/\/www.teixidors.com\/wp-content\/uploads\/2024\/11\/EUNOIA-european-linen-certificated-throw-scaled.jpg","datePublished":"2024-04-16T08:07:18+00:00","dateModified":"2025-10-08T10:49:51+00:00","description":"Eunoia manta sof\u00e0 texit lli europeu. Les mantes, plaids i coixins d'aquesta s\u00e8rie no es perdran en el temps. S\u00f3n peces que s'hereten, es cuiden.","breadcrumb":{"@id":"https:\/\/www.teixidors.com\/ca\/producte\/manta-sofa-teixit-lli-europeu-eunoia\/#breadcrumb"},"inLanguage":"ca","potentialAction":[{"@type":"ReadAction","target":["https:\/\/www.teixidors.com\/ca\/producte\/manta-sofa-teixit-lli-europeu-eunoia\/"]}]},{"@type":"ImageObject","inLanguage":"ca","@id":"https:\/\/www.teixidors.com\/ca\/producte\/manta-sofa-teixit-lli-europeu-eunoia\/#primaryimage","url":"https:\/\/www.teixidors.com\/wp-content\/uploads\/2024\/11\/EUNOIA-european-linen-certificated-throw-scaled.jpg","contentUrl":"https:\/\/www.teixidors.com\/wp-content\/uploads\/2024\/11\/EUNOIA-european-linen-certificated-throw-scaled.jpg","width":1333,"height":2000},{"@type":"BreadcrumbList","@id":"https:\/\/www.teixidors.com\/ca\/producte\/manta-sofa-teixit-lli-europeu-eunoia\/#breadcrumb","itemListElement":[{"@type":"ListItem","position":1,"name":"Home","item":"https:\/\/www.teixidors.com\/ca\/"},{"@type":"ListItem","position":2,"name":"Botiga","item":"https:\/\/www.teixidors.com\/tienda\/?lang=ca"},{"@type":"ListItem","position":3,"name":"Manta de sof\u00e0 Eunoia"}]},{"@type":"WebSite","@id":"https:\/\/www.teixidors.com\/ca\/#website","url":"https:\/\/www.teixidors.com\/ca\/","name":"Teixidors","description":"Craftmanship fabrics since 1983 | Taller alta artesan\u00eda desde 1983","publisher":{"@id":"https:\/\/www.teixidors.com\/ca\/#organization"},"alternateName":"Teixidors craftmanship fabrics since 1983","potentialAction":[{"@type":"SearchAction","target":{"@type":"EntryPoint","urlTemplate":"https:\/\/www.teixidors.com\/ca\/?s={search_term_string}"},"query-input":{"@type":"PropertyValueSpecification","valueRequired":true,"valueName":"search_term_string"}}],"inLanguage":"ca"},{"@type":"Organization","@id":"https:\/\/www.teixidors.com\/ca\/#organization","name":"Teixidors","url":"https:\/\/www.teixidors.com\/ca\/","logo":{"@type":"ImageObject","inLanguage":"ca","@id":"https:\/\/www.teixidors.com\/ca\/#\/schema\/logo\/image\/","url":"https:\/\/www.teixidors.com\/wp-content\/uploads\/2021\/08\/logo-mobile.svg","contentUrl":"https:\/\/www.teixidors.com\/wp-content\/uploads\/2021\/08\/logo-mobile.svg","width":60,"height":84,"caption":"Teixidors"},"image":{"@id":"https:\/\/www.teixidors.com\/ca\/#\/schema\/logo\/image\/"},"sameAs":["http:\/\/www.facebook.com\/pages\/Teixidors\/195936563785628","https:\/\/x.com\/teixidors","http:\/\/www.pinterest.com\/teixidors\/","https:\/\/www.instagram.com\/teixidors\/"]}]}},"_links":{"self":[{"href":"https:\/\/www.teixidors.com\/ca\/wp-json\/wp\/v2\/product\/8176","targetHints":{"allow":["GET"]}}],"collection":[{"href":"https:\/\/www.teixidors.com\/ca\/wp-json\/wp\/v2\/product"}],"about":[{"href":"https:\/\/www.teixidors.com\/ca\/wp-json\/wp\/v2\/types\/product"}],"wp:featuredmedia":[{"embeddable":true,"href":"https:\/\/www.teixidors.com\/ca\/wp-json\/wp\/v2\/media\/10515"}],"wp:attachment":[{"href":"https:\/\/www.teixidors.com\/ca\/wp-json\/wp\/v2\/media?parent=8176"}],"wp:term":[{"taxonomy":"product_cat","embeddable":true,"href":"https:\/\/www.teixidors.com\/ca\/wp-json\/wp\/v2\/product_cat?post=8176"},{"taxonomy":"product_tag","embeddable":true,"href":"https:\/\/www.teixidors.com\/ca\/wp-json\/wp\/v2\/product_tag?post=8176"}],"curies":[{"name":"wp","href":"https:\/\/api.w.org\/{rel}","templated":true}]}}