{"id":8777,"date":"2024-07-08T08:59:28","date_gmt":"2024-07-08T08:59:30","guid":{"rendered":"https:\/\/www.teixidors.com\/?post_type=product&#038;p=8777"},"modified":"2024-07-11T07:52:33","modified_gmt":"2024-07-11T07:52:33","slug":"mant-de-sofa-veneto-llana-merino-amb-tracabilitat","status":"publish","type":"product","link":"https:\/\/www.teixidors.com\/ca\/producte\/mant-de-sofa-veneto-llana-merino-amb-tracabilitat\/","title":{"rendered":"Manta De Sof\u00e0 V\u00c9NETO"},"content":{"rendered":"","protected":false},"excerpt":{"rendered":"","protected":false},"featured_media":10560,"template":"","meta":[],"product_cat":[82,79],"product_tag":[],"class_list":["post-8777","product","type-product","status-publish","has-post-thumbnail","hentry","product_cat-mantes-de-sofa","product_cat-llar","pa_colour-marro-fosc"],"acf":[],"yoast_head":"<!-- This site is optimized with the Yoast SEO plugin v27.4 - https:\/\/yoast.com\/product\/yoast-seo-wordpress\/ -->\n<title>Manta De Sof\u00e0 Veneto 100% llana merino tra\u00e7abilitat - Teixidor<\/title>\n<meta name=\"description\" content=\"Un manta de sof\u00e0 de llana merino amb tra\u00e7abilitat. La s\u00e8rie Veneto est\u00e0 inspirada en la serenitat i calidesa de les cabanyes d&#039;alta muntanya. Descobreix la l\u00ednia de coixins per complementar la col\u00b7lecci\u00f3 de plaids.\" \/>\n<meta name=\"robots\" content=\"index, follow, max-snippet:-1, max-image-preview:large, max-video-preview:-1\" \/>\n<link rel=\"canonical\" href=\"https:\/\/www.teixidors.com\/ca\/producte\/mant-de-sofa-veneto-llana-merino-amb-tracabilitat\/\" \/>\n<meta property=\"og:locale\" content=\"ca_ES\" \/>\n<meta property=\"og:type\" content=\"article\" \/>\n<meta property=\"og:title\" content=\"Manta De Sof\u00e0 Veneto 100% llana merino tra\u00e7abilitat - Teixidor\" \/>\n<meta property=\"og:description\" content=\"Un manta de sof\u00e0 de llana merino amb tra\u00e7abilitat. La s\u00e8rie Veneto est\u00e0 inspirada en la serenitat i calidesa de les cabanyes d&#039;alta muntanya. Descobreix la l\u00ednia de coixins per complementar la col\u00b7lecci\u00f3 de plaids.\" \/>\n<meta property=\"og:url\" content=\"https:\/\/www.teixidors.com\/ca\/producte\/mant-de-sofa-veneto-llana-merino-amb-tracabilitat\/\" \/>\n<meta property=\"og:site_name\" content=\"Teixidors\" \/>\n<meta property=\"article:publisher\" content=\"http:\/\/www.facebook.com\/pages\/Teixidors\/195936563785628\" \/>\n<meta property=\"article:modified_time\" content=\"2024-07-11T07:52:33+00:00\" \/>\n<meta property=\"og:image\" content=\"https:\/\/www.teixidors.com\/wp-content\/uploads\/2024\/11\/VENETO-local-merino-wool-throw.jpg\" \/>\n\t<meta property=\"og:image:width\" content=\"800\" \/>\n\t<meta property=\"og:image:height\" content=\"1200\" \/>\n\t<meta property=\"og:image:type\" content=\"image\/jpeg\" \/>\n<script type=\"application\/ld+json\" class=\"yoast-schema-graph\">{\"@context\":\"https:\\\/\\\/schema.org\",\"@graph\":[{\"@type\":[\"WebPage\",\"ItemPage\"],\"@id\":\"https:\\\/\\\/www.teixidors.com\\\/ca\\\/producte\\\/mant-de-sofa-veneto-llana-merino-amb-tracabilitat\\\/\",\"url\":\"https:\\\/\\\/www.teixidors.com\\\/ca\\\/producte\\\/mant-de-sofa-veneto-llana-merino-amb-tracabilitat\\\/\",\"name\":\"Manta De Sof\u00e0 Veneto 100% llana merino tra\u00e7abilitat - Teixidor\",\"isPartOf\":{\"@id\":\"https:\\\/\\\/www.teixidors.com\\\/ca\\\/#website\"},\"primaryImageOfPage\":{\"@id\":\"https:\\\/\\\/www.teixidors.com\\\/ca\\\/producte\\\/mant-de-sofa-veneto-llana-merino-amb-tracabilitat\\\/#primaryimage\"},\"image\":{\"@id\":\"https:\\\/\\\/www.teixidors.com\\\/ca\\\/producte\\\/mant-de-sofa-veneto-llana-merino-amb-tracabilitat\\\/#primaryimage\"},\"thumbnailUrl\":\"https:\\\/\\\/www.teixidors.com\\\/wp-content\\\/uploads\\\/2024\\\/11\\\/VENETO-local-merino-wool-throw-1-scaled.jpg\",\"datePublished\":\"2024-07-08T08:59:30+00:00\",\"dateModified\":\"2024-07-11T07:52:33+00:00\",\"description\":\"Un manta de sof\u00e0 de llana merino amb tra\u00e7abilitat. La s\u00e8rie Veneto est\u00e0 inspirada en la serenitat i calidesa de les cabanyes d'alta muntanya. Descobreix la l\u00ednia de coixins per complementar la col\u00b7lecci\u00f3 de plaids.\",\"breadcrumb\":{\"@id\":\"https:\\\/\\\/www.teixidors.com\\\/ca\\\/producte\\\/mant-de-sofa-veneto-llana-merino-amb-tracabilitat\\\/#breadcrumb\"},\"inLanguage\":\"ca\",\"potentialAction\":[{\"@type\":\"ReadAction\",\"target\":[\"https:\\\/\\\/www.teixidors.com\\\/ca\\\/producte\\\/mant-de-sofa-veneto-llana-merino-amb-tracabilitat\\\/\"]}]},{\"@type\":\"ImageObject\",\"inLanguage\":\"ca\",\"@id\":\"https:\\\/\\\/www.teixidors.com\\\/ca\\\/producte\\\/mant-de-sofa-veneto-llana-merino-amb-tracabilitat\\\/#primaryimage\",\"url\":\"https:\\\/\\\/www.teixidors.com\\\/wp-content\\\/uploads\\\/2024\\\/11\\\/VENETO-local-merino-wool-throw-1-scaled.jpg\",\"contentUrl\":\"https:\\\/\\\/www.teixidors.com\\\/wp-content\\\/uploads\\\/2024\\\/11\\\/VENETO-local-merino-wool-throw-1-scaled.jpg\",\"width\":1333,\"height\":2000,\"caption\":\"manta lana merino dise\u00f1o monta\u00f1a\"},{\"@type\":\"BreadcrumbList\",\"@id\":\"https:\\\/\\\/www.teixidors.com\\\/ca\\\/producte\\\/mant-de-sofa-veneto-llana-merino-amb-tracabilitat\\\/#breadcrumb\",\"itemListElement\":[{\"@type\":\"ListItem\",\"position\":1,\"name\":\"Home\",\"item\":\"https:\\\/\\\/www.teixidors.com\\\/ca\\\/\"},{\"@type\":\"ListItem\",\"position\":2,\"name\":\"Botiga\",\"item\":\"https:\\\/\\\/www.teixidors.com\\\/tienda\\\/?lang=ca\"},{\"@type\":\"ListItem\",\"position\":3,\"name\":\"Manta De Sof\u00e0 V\u00c9NETO\"}]},{\"@type\":\"WebSite\",\"@id\":\"https:\\\/\\\/www.teixidors.com\\\/ca\\\/#website\",\"url\":\"https:\\\/\\\/www.teixidors.com\\\/ca\\\/\",\"name\":\"Teixidors\",\"description\":\"Craftmanship fabrics since 1983 | Taller alta artesan\u00eda desde 1983\",\"publisher\":{\"@id\":\"https:\\\/\\\/www.teixidors.com\\\/ca\\\/#organization\"},\"alternateName\":\"Teixidors craftmanship fabrics since 1983\",\"potentialAction\":[{\"@type\":\"SearchAction\",\"target\":{\"@type\":\"EntryPoint\",\"urlTemplate\":\"https:\\\/\\\/www.teixidors.com\\\/ca\\\/?s={search_term_string}\"},\"query-input\":{\"@type\":\"PropertyValueSpecification\",\"valueRequired\":true,\"valueName\":\"search_term_string\"}}],\"inLanguage\":\"ca\"},{\"@type\":\"Organization\",\"@id\":\"https:\\\/\\\/www.teixidors.com\\\/ca\\\/#organization\",\"name\":\"Teixidors\",\"url\":\"https:\\\/\\\/www.teixidors.com\\\/ca\\\/\",\"logo\":{\"@type\":\"ImageObject\",\"inLanguage\":\"ca\",\"@id\":\"https:\\\/\\\/www.teixidors.com\\\/ca\\\/#\\\/schema\\\/logo\\\/image\\\/\",\"url\":\"https:\\\/\\\/www.teixidors.com\\\/wp-content\\\/uploads\\\/2021\\\/08\\\/logo-mobile.svg\",\"contentUrl\":\"https:\\\/\\\/www.teixidors.com\\\/wp-content\\\/uploads\\\/2021\\\/08\\\/logo-mobile.svg\",\"width\":60,\"height\":84,\"caption\":\"Teixidors\"},\"image\":{\"@id\":\"https:\\\/\\\/www.teixidors.com\\\/ca\\\/#\\\/schema\\\/logo\\\/image\\\/\"},\"sameAs\":[\"http:\\\/\\\/www.facebook.com\\\/pages\\\/Teixidors\\\/195936563785628\",\"https:\\\/\\\/x.com\\\/teixidors\",\"http:\\\/\\\/www.pinterest.com\\\/teixidors\\\/\",\"https:\\\/\\\/www.instagram.com\\\/teixidors\\\/\"]}]}<\/script>\n<!-- \/ Yoast SEO plugin. -->","yoast_head_json":{"title":"Manta De Sof\u00e0 Veneto 100% llana merino tra\u00e7abilitat - Teixidor","description":"Un manta de sof\u00e0 de llana merino amb tra\u00e7abilitat. La s\u00e8rie Veneto est\u00e0 inspirada en la serenitat i calidesa de les cabanyes d'alta muntanya. Descobreix la l\u00ednia de coixins per complementar la col\u00b7lecci\u00f3 de plaids.","robots":{"index":"index","follow":"follow","max-snippet":"max-snippet:-1","max-image-preview":"max-image-preview:large","max-video-preview":"max-video-preview:-1"},"canonical":"https:\/\/www.teixidors.com\/ca\/producte\/mant-de-sofa-veneto-llana-merino-amb-tracabilitat\/","og_locale":"ca_ES","og_type":"article","og_title":"Manta De Sof\u00e0 Veneto 100% llana merino tra\u00e7abilitat - Teixidor","og_description":"Un manta de sof\u00e0 de llana merino amb tra\u00e7abilitat. La s\u00e8rie Veneto est\u00e0 inspirada en la serenitat i calidesa de les cabanyes d'alta muntanya. Descobreix la l\u00ednia de coixins per complementar la col\u00b7lecci\u00f3 de plaids.","og_url":"https:\/\/www.teixidors.com\/ca\/producte\/mant-de-sofa-veneto-llana-merino-amb-tracabilitat\/","og_site_name":"Teixidors","article_publisher":"http:\/\/www.facebook.com\/pages\/Teixidors\/195936563785628","article_modified_time":"2024-07-11T07:52:33+00:00","og_image":[{"width":800,"height":1200,"url":"https:\/\/www.teixidors.com\/wp-content\/uploads\/2024\/11\/VENETO-local-merino-wool-throw.jpg","type":"image\/jpeg"}],"schema":{"@context":"https:\/\/schema.org","@graph":[{"@type":["WebPage","ItemPage"],"@id":"https:\/\/www.teixidors.com\/ca\/producte\/mant-de-sofa-veneto-llana-merino-amb-tracabilitat\/","url":"https:\/\/www.teixidors.com\/ca\/producte\/mant-de-sofa-veneto-llana-merino-amb-tracabilitat\/","name":"Manta De Sof\u00e0 Veneto 100% llana merino tra\u00e7abilitat - Teixidor","isPartOf":{"@id":"https:\/\/www.teixidors.com\/ca\/#website"},"primaryImageOfPage":{"@id":"https:\/\/www.teixidors.com\/ca\/producte\/mant-de-sofa-veneto-llana-merino-amb-tracabilitat\/#primaryimage"},"image":{"@id":"https:\/\/www.teixidors.com\/ca\/producte\/mant-de-sofa-veneto-llana-merino-amb-tracabilitat\/#primaryimage"},"thumbnailUrl":"https:\/\/www.teixidors.com\/wp-content\/uploads\/2024\/11\/VENETO-local-merino-wool-throw-1-scaled.jpg","datePublished":"2024-07-08T08:59:30+00:00","dateModified":"2024-07-11T07:52:33+00:00","description":"Un manta de sof\u00e0 de llana merino amb tra\u00e7abilitat. La s\u00e8rie Veneto est\u00e0 inspirada en la serenitat i calidesa de les cabanyes d'alta muntanya. Descobreix la l\u00ednia de coixins per complementar la col\u00b7lecci\u00f3 de plaids.","breadcrumb":{"@id":"https:\/\/www.teixidors.com\/ca\/producte\/mant-de-sofa-veneto-llana-merino-amb-tracabilitat\/#breadcrumb"},"inLanguage":"ca","potentialAction":[{"@type":"ReadAction","target":["https:\/\/www.teixidors.com\/ca\/producte\/mant-de-sofa-veneto-llana-merino-amb-tracabilitat\/"]}]},{"@type":"ImageObject","inLanguage":"ca","@id":"https:\/\/www.teixidors.com\/ca\/producte\/mant-de-sofa-veneto-llana-merino-amb-tracabilitat\/#primaryimage","url":"https:\/\/www.teixidors.com\/wp-content\/uploads\/2024\/11\/VENETO-local-merino-wool-throw-1-scaled.jpg","contentUrl":"https:\/\/www.teixidors.com\/wp-content\/uploads\/2024\/11\/VENETO-local-merino-wool-throw-1-scaled.jpg","width":1333,"height":2000,"caption":"manta lana merino dise\u00f1o monta\u00f1a"},{"@type":"BreadcrumbList","@id":"https:\/\/www.teixidors.com\/ca\/producte\/mant-de-sofa-veneto-llana-merino-amb-tracabilitat\/#breadcrumb","itemListElement":[{"@type":"ListItem","position":1,"name":"Home","item":"https:\/\/www.teixidors.com\/ca\/"},{"@type":"ListItem","position":2,"name":"Botiga","item":"https:\/\/www.teixidors.com\/tienda\/?lang=ca"},{"@type":"ListItem","position":3,"name":"Manta De Sof\u00e0 V\u00c9NETO"}]},{"@type":"WebSite","@id":"https:\/\/www.teixidors.com\/ca\/#website","url":"https:\/\/www.teixidors.com\/ca\/","name":"Teixidors","description":"Craftmanship fabrics since 1983 | Taller alta artesan\u00eda desde 1983","publisher":{"@id":"https:\/\/www.teixidors.com\/ca\/#organization"},"alternateName":"Teixidors craftmanship fabrics since 1983","potentialAction":[{"@type":"SearchAction","target":{"@type":"EntryPoint","urlTemplate":"https:\/\/www.teixidors.com\/ca\/?s={search_term_string}"},"query-input":{"@type":"PropertyValueSpecification","valueRequired":true,"valueName":"search_term_string"}}],"inLanguage":"ca"},{"@type":"Organization","@id":"https:\/\/www.teixidors.com\/ca\/#organization","name":"Teixidors","url":"https:\/\/www.teixidors.com\/ca\/","logo":{"@type":"ImageObject","inLanguage":"ca","@id":"https:\/\/www.teixidors.com\/ca\/#\/schema\/logo\/image\/","url":"https:\/\/www.teixidors.com\/wp-content\/uploads\/2021\/08\/logo-mobile.svg","contentUrl":"https:\/\/www.teixidors.com\/wp-content\/uploads\/2021\/08\/logo-mobile.svg","width":60,"height":84,"caption":"Teixidors"},"image":{"@id":"https:\/\/www.teixidors.com\/ca\/#\/schema\/logo\/image\/"},"sameAs":["http:\/\/www.facebook.com\/pages\/Teixidors\/195936563785628","https:\/\/x.com\/teixidors","http:\/\/www.pinterest.com\/teixidors\/","https:\/\/www.instagram.com\/teixidors\/"]}]}},"_links":{"self":[{"href":"https:\/\/www.teixidors.com\/ca\/wp-json\/wp\/v2\/product\/8777","targetHints":{"allow":["GET"]}}],"collection":[{"href":"https:\/\/www.teixidors.com\/ca\/wp-json\/wp\/v2\/product"}],"about":[{"href":"https:\/\/www.teixidors.com\/ca\/wp-json\/wp\/v2\/types\/product"}],"wp:featuredmedia":[{"embeddable":true,"href":"https:\/\/www.teixidors.com\/ca\/wp-json\/wp\/v2\/media\/10560"}],"wp:attachment":[{"href":"https:\/\/www.teixidors.com\/ca\/wp-json\/wp\/v2\/media?parent=8777"}],"wp:term":[{"taxonomy":"product_cat","embeddable":true,"href":"https:\/\/www.teixidors.com\/ca\/wp-json\/wp\/v2\/product_cat?post=8777"},{"taxonomy":"product_tag","embeddable":true,"href":"https:\/\/www.teixidors.com\/ca\/wp-json\/wp\/v2\/product_tag?post=8777"}],"curies":[{"name":"wp","href":"https:\/\/api.w.org\/{rel}","templated":true}]}}