{"id":9404,"date":"2024-09-16T10:08:08","date_gmt":"2024-09-16T10:08:08","guid":{"rendered":"https:\/\/www.teixidors.com\/product\/earth-coverlet-organic-cotton-silk-and-bamboo\/"},"modified":"2024-09-17T08:20:29","modified_gmt":"2024-09-17T08:20:29","slug":"earth-vanova-organic-coto-seda-i-bamboo","status":"publish","type":"product","link":"https:\/\/www.teixidors.com\/ca\/producte\/earth-vanova-organic-coto-seda-i-bamboo\/","title":{"rendered":"V\u00e0nova Earth"},"content":{"rendered":"","protected":false},"excerpt":{"rendered":"<p>39% seda 41.5% cot\u00f3 19.5% bamboo<\/p>\n","protected":false},"featured_media":10287,"template":"","meta":[],"product_cat":[80,79],"product_tag":[],"class_list":["post-9404","product","type-product","status-publish","has-post-thumbnail","hentry","product_cat-mantes-de-llit","product_cat-llar","pa_colour-verd-clar","pa_colour-terracotta-cat","pa_size-180-x-220-cm-71-x-87-ca","pa_size-280-x-220-cm-110-x-87-ca"],"acf":[],"yoast_head":"<!-- This site is optimized with the Yoast SEO plugin v27.4 - https:\/\/yoast.com\/product\/yoast-seo-wordpress\/ -->\n<title>V\u00e0nova Earth organic cot\u00f3, seda i bamboo- Teixidors<\/title>\n<meta name=\"description\" content=\"Una v\u00e0nova ideal de cot\u00f3, seda i bamboo per a la temporada de primavera-estiu. Un cobrellit d&#039;estiu de fibres naturales d&#039;origen vegetal i animal pot ser la millor opci\u00f3\" \/>\n<meta name=\"robots\" content=\"index, follow, max-snippet:-1, max-image-preview:large, max-video-preview:-1\" \/>\n<link rel=\"canonical\" href=\"https:\/\/www.teixidors.com\/ca\/producte\/earth-vanova-organic-coto-seda-i-bamboo\/\" \/>\n<meta property=\"og:locale\" content=\"ca_ES\" \/>\n<meta property=\"og:type\" content=\"article\" \/>\n<meta property=\"og:title\" content=\"V\u00e0nova Earth organic cot\u00f3, seda i bamboo- Teixidors\" \/>\n<meta property=\"og:description\" content=\"Una v\u00e0nova ideal de cot\u00f3, seda i bamboo per a la temporada de primavera-estiu. Un cobrellit d&#039;estiu de fibres naturales d&#039;origen vegetal i animal pot ser la millor opci\u00f3\" \/>\n<meta property=\"og:url\" content=\"https:\/\/www.teixidors.com\/ca\/producte\/earth-vanova-organic-coto-seda-i-bamboo\/\" \/>\n<meta property=\"og:site_name\" content=\"Teixidors\" \/>\n<meta property=\"article:publisher\" content=\"http:\/\/www.facebook.com\/pages\/Teixidors\/195936563785628\" \/>\n<meta property=\"article:modified_time\" content=\"2024-09-17T08:20:29+00:00\" \/>\n<meta property=\"og:image\" content=\"https:\/\/www.teixidors.com\/wp-content\/uploads\/2021\/10\/Cushion-and-Throw-EARTH-silk-cotton-bamboo-light-green-e1726481268799.jpg\" \/>\n\t<meta property=\"og:image:width\" content=\"1200\" \/>\n\t<meta property=\"og:image:height\" content=\"1200\" \/>\n\t<meta property=\"og:image:type\" content=\"image\/jpeg\" \/>\n<script type=\"application\/ld+json\" class=\"yoast-schema-graph\">{\"@context\":\"https:\\\/\\\/schema.org\",\"@graph\":[{\"@type\":[\"WebPage\",\"ItemPage\"],\"@id\":\"https:\\\/\\\/www.teixidors.com\\\/ca\\\/producte\\\/earth-vanova-organic-coto-seda-i-bamboo\\\/\",\"url\":\"https:\\\/\\\/www.teixidors.com\\\/ca\\\/producte\\\/earth-vanova-organic-coto-seda-i-bamboo\\\/\",\"name\":\"V\u00e0nova Earth organic cot\u00f3, seda i bamboo- Teixidors\",\"isPartOf\":{\"@id\":\"https:\\\/\\\/www.teixidors.com\\\/ca\\\/#website\"},\"primaryImageOfPage\":{\"@id\":\"https:\\\/\\\/www.teixidors.com\\\/ca\\\/producte\\\/earth-vanova-organic-coto-seda-i-bamboo\\\/#primaryimage\"},\"image\":{\"@id\":\"https:\\\/\\\/www.teixidors.com\\\/ca\\\/producte\\\/earth-vanova-organic-coto-seda-i-bamboo\\\/#primaryimage\"},\"thumbnailUrl\":\"https:\\\/\\\/www.teixidors.com\\\/wp-content\\\/uploads\\\/2024\\\/11\\\/EARTH-cotton-bamboo-and-silk-throw.jpg\",\"datePublished\":\"2024-09-16T10:08:08+00:00\",\"dateModified\":\"2024-09-17T08:20:29+00:00\",\"description\":\"Una v\u00e0nova ideal de cot\u00f3, seda i bamboo per a la temporada de primavera-estiu. Un cobrellit d'estiu de fibres naturales d'origen vegetal i animal pot ser la millor opci\u00f3\",\"breadcrumb\":{\"@id\":\"https:\\\/\\\/www.teixidors.com\\\/ca\\\/producte\\\/earth-vanova-organic-coto-seda-i-bamboo\\\/#breadcrumb\"},\"inLanguage\":\"ca\",\"potentialAction\":[{\"@type\":\"ReadAction\",\"target\":[\"https:\\\/\\\/www.teixidors.com\\\/ca\\\/producte\\\/earth-vanova-organic-coto-seda-i-bamboo\\\/\"]}]},{\"@type\":\"ImageObject\",\"inLanguage\":\"ca\",\"@id\":\"https:\\\/\\\/www.teixidors.com\\\/ca\\\/producte\\\/earth-vanova-organic-coto-seda-i-bamboo\\\/#primaryimage\",\"url\":\"https:\\\/\\\/www.teixidors.com\\\/wp-content\\\/uploads\\\/2024\\\/11\\\/EARTH-cotton-bamboo-and-silk-throw.jpg\",\"contentUrl\":\"https:\\\/\\\/www.teixidors.com\\\/wp-content\\\/uploads\\\/2024\\\/11\\\/EARTH-cotton-bamboo-and-silk-throw.jpg\",\"width\":800,\"height\":1200},{\"@type\":\"BreadcrumbList\",\"@id\":\"https:\\\/\\\/www.teixidors.com\\\/ca\\\/producte\\\/earth-vanova-organic-coto-seda-i-bamboo\\\/#breadcrumb\",\"itemListElement\":[{\"@type\":\"ListItem\",\"position\":1,\"name\":\"Home\",\"item\":\"https:\\\/\\\/www.teixidors.com\\\/ca\\\/\"},{\"@type\":\"ListItem\",\"position\":2,\"name\":\"Botiga\",\"item\":\"https:\\\/\\\/www.teixidors.com\\\/tienda\\\/?lang=ca\"},{\"@type\":\"ListItem\",\"position\":3,\"name\":\"V\u00e0nova Earth\"}]},{\"@type\":\"WebSite\",\"@id\":\"https:\\\/\\\/www.teixidors.com\\\/ca\\\/#website\",\"url\":\"https:\\\/\\\/www.teixidors.com\\\/ca\\\/\",\"name\":\"Teixidors\",\"description\":\"Craftmanship fabrics since 1983 | Taller alta artesan\u00eda desde 1983\",\"publisher\":{\"@id\":\"https:\\\/\\\/www.teixidors.com\\\/ca\\\/#organization\"},\"alternateName\":\"Teixidors craftmanship fabrics since 1983\",\"potentialAction\":[{\"@type\":\"SearchAction\",\"target\":{\"@type\":\"EntryPoint\",\"urlTemplate\":\"https:\\\/\\\/www.teixidors.com\\\/ca\\\/?s={search_term_string}\"},\"query-input\":{\"@type\":\"PropertyValueSpecification\",\"valueRequired\":true,\"valueName\":\"search_term_string\"}}],\"inLanguage\":\"ca\"},{\"@type\":\"Organization\",\"@id\":\"https:\\\/\\\/www.teixidors.com\\\/ca\\\/#organization\",\"name\":\"Teixidors\",\"url\":\"https:\\\/\\\/www.teixidors.com\\\/ca\\\/\",\"logo\":{\"@type\":\"ImageObject\",\"inLanguage\":\"ca\",\"@id\":\"https:\\\/\\\/www.teixidors.com\\\/ca\\\/#\\\/schema\\\/logo\\\/image\\\/\",\"url\":\"https:\\\/\\\/www.teixidors.com\\\/wp-content\\\/uploads\\\/2021\\\/08\\\/logo-mobile.svg\",\"contentUrl\":\"https:\\\/\\\/www.teixidors.com\\\/wp-content\\\/uploads\\\/2021\\\/08\\\/logo-mobile.svg\",\"width\":60,\"height\":84,\"caption\":\"Teixidors\"},\"image\":{\"@id\":\"https:\\\/\\\/www.teixidors.com\\\/ca\\\/#\\\/schema\\\/logo\\\/image\\\/\"},\"sameAs\":[\"http:\\\/\\\/www.facebook.com\\\/pages\\\/Teixidors\\\/195936563785628\",\"https:\\\/\\\/x.com\\\/teixidors\",\"http:\\\/\\\/www.pinterest.com\\\/teixidors\\\/\",\"https:\\\/\\\/www.instagram.com\\\/teixidors\\\/\"]}]}<\/script>\n<!-- \/ Yoast SEO plugin. -->","yoast_head_json":{"title":"V\u00e0nova Earth organic cot\u00f3, seda i bamboo- Teixidors","description":"Una v\u00e0nova ideal de cot\u00f3, seda i bamboo per a la temporada de primavera-estiu. Un cobrellit d'estiu de fibres naturales d'origen vegetal i animal pot ser la millor opci\u00f3","robots":{"index":"index","follow":"follow","max-snippet":"max-snippet:-1","max-image-preview":"max-image-preview:large","max-video-preview":"max-video-preview:-1"},"canonical":"https:\/\/www.teixidors.com\/ca\/producte\/earth-vanova-organic-coto-seda-i-bamboo\/","og_locale":"ca_ES","og_type":"article","og_title":"V\u00e0nova Earth organic cot\u00f3, seda i bamboo- Teixidors","og_description":"Una v\u00e0nova ideal de cot\u00f3, seda i bamboo per a la temporada de primavera-estiu. Un cobrellit d'estiu de fibres naturales d'origen vegetal i animal pot ser la millor opci\u00f3","og_url":"https:\/\/www.teixidors.com\/ca\/producte\/earth-vanova-organic-coto-seda-i-bamboo\/","og_site_name":"Teixidors","article_publisher":"http:\/\/www.facebook.com\/pages\/Teixidors\/195936563785628","article_modified_time":"2024-09-17T08:20:29+00:00","og_image":[{"width":1200,"height":1200,"url":"https:\/\/www.teixidors.com\/wp-content\/uploads\/2021\/10\/Cushion-and-Throw-EARTH-silk-cotton-bamboo-light-green-e1726481268799.jpg","type":"image\/jpeg"}],"schema":{"@context":"https:\/\/schema.org","@graph":[{"@type":["WebPage","ItemPage"],"@id":"https:\/\/www.teixidors.com\/ca\/producte\/earth-vanova-organic-coto-seda-i-bamboo\/","url":"https:\/\/www.teixidors.com\/ca\/producte\/earth-vanova-organic-coto-seda-i-bamboo\/","name":"V\u00e0nova Earth organic cot\u00f3, seda i bamboo- Teixidors","isPartOf":{"@id":"https:\/\/www.teixidors.com\/ca\/#website"},"primaryImageOfPage":{"@id":"https:\/\/www.teixidors.com\/ca\/producte\/earth-vanova-organic-coto-seda-i-bamboo\/#primaryimage"},"image":{"@id":"https:\/\/www.teixidors.com\/ca\/producte\/earth-vanova-organic-coto-seda-i-bamboo\/#primaryimage"},"thumbnailUrl":"https:\/\/www.teixidors.com\/wp-content\/uploads\/2024\/11\/EARTH-cotton-bamboo-and-silk-throw.jpg","datePublished":"2024-09-16T10:08:08+00:00","dateModified":"2024-09-17T08:20:29+00:00","description":"Una v\u00e0nova ideal de cot\u00f3, seda i bamboo per a la temporada de primavera-estiu. Un cobrellit d'estiu de fibres naturales d'origen vegetal i animal pot ser la millor opci\u00f3","breadcrumb":{"@id":"https:\/\/www.teixidors.com\/ca\/producte\/earth-vanova-organic-coto-seda-i-bamboo\/#breadcrumb"},"inLanguage":"ca","potentialAction":[{"@type":"ReadAction","target":["https:\/\/www.teixidors.com\/ca\/producte\/earth-vanova-organic-coto-seda-i-bamboo\/"]}]},{"@type":"ImageObject","inLanguage":"ca","@id":"https:\/\/www.teixidors.com\/ca\/producte\/earth-vanova-organic-coto-seda-i-bamboo\/#primaryimage","url":"https:\/\/www.teixidors.com\/wp-content\/uploads\/2024\/11\/EARTH-cotton-bamboo-and-silk-throw.jpg","contentUrl":"https:\/\/www.teixidors.com\/wp-content\/uploads\/2024\/11\/EARTH-cotton-bamboo-and-silk-throw.jpg","width":800,"height":1200},{"@type":"BreadcrumbList","@id":"https:\/\/www.teixidors.com\/ca\/producte\/earth-vanova-organic-coto-seda-i-bamboo\/#breadcrumb","itemListElement":[{"@type":"ListItem","position":1,"name":"Home","item":"https:\/\/www.teixidors.com\/ca\/"},{"@type":"ListItem","position":2,"name":"Botiga","item":"https:\/\/www.teixidors.com\/tienda\/?lang=ca"},{"@type":"ListItem","position":3,"name":"V\u00e0nova Earth"}]},{"@type":"WebSite","@id":"https:\/\/www.teixidors.com\/ca\/#website","url":"https:\/\/www.teixidors.com\/ca\/","name":"Teixidors","description":"Craftmanship fabrics since 1983 | Taller alta artesan\u00eda desde 1983","publisher":{"@id":"https:\/\/www.teixidors.com\/ca\/#organization"},"alternateName":"Teixidors craftmanship fabrics since 1983","potentialAction":[{"@type":"SearchAction","target":{"@type":"EntryPoint","urlTemplate":"https:\/\/www.teixidors.com\/ca\/?s={search_term_string}"},"query-input":{"@type":"PropertyValueSpecification","valueRequired":true,"valueName":"search_term_string"}}],"inLanguage":"ca"},{"@type":"Organization","@id":"https:\/\/www.teixidors.com\/ca\/#organization","name":"Teixidors","url":"https:\/\/www.teixidors.com\/ca\/","logo":{"@type":"ImageObject","inLanguage":"ca","@id":"https:\/\/www.teixidors.com\/ca\/#\/schema\/logo\/image\/","url":"https:\/\/www.teixidors.com\/wp-content\/uploads\/2021\/08\/logo-mobile.svg","contentUrl":"https:\/\/www.teixidors.com\/wp-content\/uploads\/2021\/08\/logo-mobile.svg","width":60,"height":84,"caption":"Teixidors"},"image":{"@id":"https:\/\/www.teixidors.com\/ca\/#\/schema\/logo\/image\/"},"sameAs":["http:\/\/www.facebook.com\/pages\/Teixidors\/195936563785628","https:\/\/x.com\/teixidors","http:\/\/www.pinterest.com\/teixidors\/","https:\/\/www.instagram.com\/teixidors\/"]}]}},"_links":{"self":[{"href":"https:\/\/www.teixidors.com\/ca\/wp-json\/wp\/v2\/product\/9404","targetHints":{"allow":["GET"]}}],"collection":[{"href":"https:\/\/www.teixidors.com\/ca\/wp-json\/wp\/v2\/product"}],"about":[{"href":"https:\/\/www.teixidors.com\/ca\/wp-json\/wp\/v2\/types\/product"}],"wp:featuredmedia":[{"embeddable":true,"href":"https:\/\/www.teixidors.com\/ca\/wp-json\/wp\/v2\/media\/10287"}],"wp:attachment":[{"href":"https:\/\/www.teixidors.com\/ca\/wp-json\/wp\/v2\/media?parent=9404"}],"wp:term":[{"taxonomy":"product_cat","embeddable":true,"href":"https:\/\/www.teixidors.com\/ca\/wp-json\/wp\/v2\/product_cat?post=9404"},{"taxonomy":"product_tag","embeddable":true,"href":"https:\/\/www.teixidors.com\/ca\/wp-json\/wp\/v2\/product_tag?post=9404"}],"curies":[{"name":"wp","href":"https:\/\/api.w.org\/{rel}","templated":true}]}}