{"id":9521,"date":"2024-09-04T10:08:47","date_gmt":"2024-09-04T10:08:47","guid":{"rendered":"https:\/\/www.teixidors.com\/product\/hera-cojin-lana-merina-local-y-seda\/"},"modified":"2024-11-07T18:05:02","modified_gmt":"2024-11-07T18:05:02","slug":"hera-coixi-llana-merina-i-seda","status":"publish","type":"product","link":"https:\/\/www.teixidors.com\/ca\/producte\/hera-coixi-llana-merina-i-seda\/","title":{"rendered":"Funda de coix\u00ed Hera"},"content":{"rendered":"","protected":false},"excerpt":{"rendered":"","protected":false},"featured_media":11241,"template":"","meta":[],"product_cat":[79,81],"product_tag":[],"class_list":["post-9521","product","type-product","status-publish","has-post-thumbnail","hentry","product_cat-llar","product_cat-fundes-de-coixins","pa_colour-blau","pa_colour-negre","pa_colour-marron-claro-ca","pa_colour-gris-fosc","pa_colour-verd","pa_colour-cru","pa_colour-gris-ca","pa_colour-mostassa","pa_colour-verd-clar","pa_size-45-x-45-cm-18-x-18-ca","pa_size-60-x-35-cm-24-x-14-ca","pa_size-60-x-60-cm-24-x-24-ca","pa_size-45-x-30-cm-18-x-12-ca"],"acf":[],"yoast_head":"<!-- This site is optimized with the Yoast SEO plugin v27.4 - https:\/\/yoast.com\/product\/yoast-seo-wordpress\/ -->\n<title>Funda de coix\u00ed Hera llana merina i seda - Teixidors<\/title>\n<meta name=\"description\" content=\"La col\u00b7lecci\u00f3 Hera coixi de llana merina i seda un imprescindible dins de Teixidors, on la tradici\u00f3 es troba amb el disseny contemporani. Alta artesan\u00eda.\" \/>\n<meta name=\"robots\" content=\"index, follow, max-snippet:-1, max-image-preview:large, max-video-preview:-1\" \/>\n<link rel=\"canonical\" href=\"https:\/\/www.teixidors.com\/ca\/producte\/hera-coixi-llana-merina-i-seda\/\" \/>\n<meta property=\"og:locale\" content=\"ca_ES\" \/>\n<meta property=\"og:type\" content=\"article\" \/>\n<meta property=\"og:title\" content=\"Funda de coix\u00ed Hera llana merina i seda - Teixidors\" \/>\n<meta property=\"og:description\" content=\"La col\u00b7lecci\u00f3 Hera coixi de llana merina i seda un imprescindible dins de Teixidors, on la tradici\u00f3 es troba amb el disseny contemporani. Alta artesan\u00eda.\" \/>\n<meta property=\"og:url\" content=\"https:\/\/www.teixidors.com\/ca\/producte\/hera-coixi-llana-merina-i-seda\/\" \/>\n<meta property=\"og:site_name\" content=\"Teixidors\" \/>\n<meta property=\"article:publisher\" content=\"http:\/\/www.facebook.com\/pages\/Teixidors\/195936563785628\" \/>\n<meta property=\"article:modified_time\" content=\"2024-11-07T18:05:02+00:00\" \/>\n<meta property=\"og:image\" content=\"https:\/\/www.teixidors.com\/wp-content\/uploads\/2024\/09\/Hera-Merino-and-Silk-cushion-cover-blue-color-white-edge-1-1.jpg\" \/>\n\t<meta property=\"og:image:width\" content=\"800\" \/>\n\t<meta property=\"og:image:height\" content=\"1200\" \/>\n\t<meta property=\"og:image:type\" content=\"image\/jpeg\" \/>\n<script type=\"application\/ld+json\" class=\"yoast-schema-graph\">{\"@context\":\"https:\\\/\\\/schema.org\",\"@graph\":[{\"@type\":[\"WebPage\",\"ItemPage\"],\"@id\":\"https:\\\/\\\/www.teixidors.com\\\/ca\\\/producte\\\/hera-coixi-llana-merina-i-seda\\\/\",\"url\":\"https:\\\/\\\/www.teixidors.com\\\/ca\\\/producte\\\/hera-coixi-llana-merina-i-seda\\\/\",\"name\":\"Funda de coix\u00ed Hera llana merina i seda - Teixidors\",\"isPartOf\":{\"@id\":\"https:\\\/\\\/www.teixidors.com\\\/ca\\\/#website\"},\"primaryImageOfPage\":{\"@id\":\"https:\\\/\\\/www.teixidors.com\\\/ca\\\/producte\\\/hera-coixi-llana-merina-i-seda\\\/#primaryimage\"},\"image\":{\"@id\":\"https:\\\/\\\/www.teixidors.com\\\/ca\\\/producte\\\/hera-coixi-llana-merina-i-seda\\\/#primaryimage\"},\"thumbnailUrl\":\"https:\\\/\\\/www.teixidors.com\\\/wp-content\\\/uploads\\\/2024\\\/09\\\/Cojines-coleccion-Hera-de-lana-merina-y-seda-en-varios-colores-y-medidas.jpg\",\"datePublished\":\"2024-09-04T10:08:47+00:00\",\"dateModified\":\"2024-11-07T18:05:02+00:00\",\"description\":\"La col\u00b7lecci\u00f3 Hera coixi de llana merina i seda un imprescindible dins de Teixidors, on la tradici\u00f3 es troba amb el disseny contemporani. Alta artesan\u00eda.\",\"breadcrumb\":{\"@id\":\"https:\\\/\\\/www.teixidors.com\\\/ca\\\/producte\\\/hera-coixi-llana-merina-i-seda\\\/#breadcrumb\"},\"inLanguage\":\"ca\",\"potentialAction\":[{\"@type\":\"ReadAction\",\"target\":[\"https:\\\/\\\/www.teixidors.com\\\/ca\\\/producte\\\/hera-coixi-llana-merina-i-seda\\\/\"]}]},{\"@type\":\"ImageObject\",\"inLanguage\":\"ca\",\"@id\":\"https:\\\/\\\/www.teixidors.com\\\/ca\\\/producte\\\/hera-coixi-llana-merina-i-seda\\\/#primaryimage\",\"url\":\"https:\\\/\\\/www.teixidors.com\\\/wp-content\\\/uploads\\\/2024\\\/09\\\/Cojines-coleccion-Hera-de-lana-merina-y-seda-en-varios-colores-y-medidas.jpg\",\"contentUrl\":\"https:\\\/\\\/www.teixidors.com\\\/wp-content\\\/uploads\\\/2024\\\/09\\\/Cojines-coleccion-Hera-de-lana-merina-y-seda-en-varios-colores-y-medidas.jpg\",\"width\":800,\"height\":1200,\"caption\":\"Cojines coleccion Hera de lana merina y seda en varios colores y medidas. Hera merino silk designer collection handwoven in Barcelona. Available in several colours and dimensions\"},{\"@type\":\"BreadcrumbList\",\"@id\":\"https:\\\/\\\/www.teixidors.com\\\/ca\\\/producte\\\/hera-coixi-llana-merina-i-seda\\\/#breadcrumb\",\"itemListElement\":[{\"@type\":\"ListItem\",\"position\":1,\"name\":\"Home\",\"item\":\"https:\\\/\\\/www.teixidors.com\\\/ca\\\/\"},{\"@type\":\"ListItem\",\"position\":2,\"name\":\"Botiga\",\"item\":\"https:\\\/\\\/www.teixidors.com\\\/tienda\\\/?lang=ca\"},{\"@type\":\"ListItem\",\"position\":3,\"name\":\"Funda de coix\u00ed Hera\"}]},{\"@type\":\"WebSite\",\"@id\":\"https:\\\/\\\/www.teixidors.com\\\/ca\\\/#website\",\"url\":\"https:\\\/\\\/www.teixidors.com\\\/ca\\\/\",\"name\":\"Teixidors\",\"description\":\"Craftmanship fabrics since 1983 | Taller alta artesan\u00eda desde 1983\",\"publisher\":{\"@id\":\"https:\\\/\\\/www.teixidors.com\\\/ca\\\/#organization\"},\"alternateName\":\"Teixidors craftmanship fabrics since 1983\",\"potentialAction\":[{\"@type\":\"SearchAction\",\"target\":{\"@type\":\"EntryPoint\",\"urlTemplate\":\"https:\\\/\\\/www.teixidors.com\\\/ca\\\/?s={search_term_string}\"},\"query-input\":{\"@type\":\"PropertyValueSpecification\",\"valueRequired\":true,\"valueName\":\"search_term_string\"}}],\"inLanguage\":\"ca\"},{\"@type\":\"Organization\",\"@id\":\"https:\\\/\\\/www.teixidors.com\\\/ca\\\/#organization\",\"name\":\"Teixidors\",\"url\":\"https:\\\/\\\/www.teixidors.com\\\/ca\\\/\",\"logo\":{\"@type\":\"ImageObject\",\"inLanguage\":\"ca\",\"@id\":\"https:\\\/\\\/www.teixidors.com\\\/ca\\\/#\\\/schema\\\/logo\\\/image\\\/\",\"url\":\"https:\\\/\\\/www.teixidors.com\\\/wp-content\\\/uploads\\\/2021\\\/08\\\/logo-mobile.svg\",\"contentUrl\":\"https:\\\/\\\/www.teixidors.com\\\/wp-content\\\/uploads\\\/2021\\\/08\\\/logo-mobile.svg\",\"width\":60,\"height\":84,\"caption\":\"Teixidors\"},\"image\":{\"@id\":\"https:\\\/\\\/www.teixidors.com\\\/ca\\\/#\\\/schema\\\/logo\\\/image\\\/\"},\"sameAs\":[\"http:\\\/\\\/www.facebook.com\\\/pages\\\/Teixidors\\\/195936563785628\",\"https:\\\/\\\/x.com\\\/teixidors\",\"http:\\\/\\\/www.pinterest.com\\\/teixidors\\\/\",\"https:\\\/\\\/www.instagram.com\\\/teixidors\\\/\"]}]}<\/script>\n<!-- \/ Yoast SEO plugin. -->","yoast_head_json":{"title":"Funda de coix\u00ed Hera llana merina i seda - Teixidors","description":"La col\u00b7lecci\u00f3 Hera coixi de llana merina i seda un imprescindible dins de Teixidors, on la tradici\u00f3 es troba amb el disseny contemporani. Alta artesan\u00eda.","robots":{"index":"index","follow":"follow","max-snippet":"max-snippet:-1","max-image-preview":"max-image-preview:large","max-video-preview":"max-video-preview:-1"},"canonical":"https:\/\/www.teixidors.com\/ca\/producte\/hera-coixi-llana-merina-i-seda\/","og_locale":"ca_ES","og_type":"article","og_title":"Funda de coix\u00ed Hera llana merina i seda - Teixidors","og_description":"La col\u00b7lecci\u00f3 Hera coixi de llana merina i seda un imprescindible dins de Teixidors, on la tradici\u00f3 es troba amb el disseny contemporani. Alta artesan\u00eda.","og_url":"https:\/\/www.teixidors.com\/ca\/producte\/hera-coixi-llana-merina-i-seda\/","og_site_name":"Teixidors","article_publisher":"http:\/\/www.facebook.com\/pages\/Teixidors\/195936563785628","article_modified_time":"2024-11-07T18:05:02+00:00","og_image":[{"width":800,"height":1200,"url":"https:\/\/www.teixidors.com\/wp-content\/uploads\/2024\/09\/Hera-Merino-and-Silk-cushion-cover-blue-color-white-edge-1-1.jpg","type":"image\/jpeg"}],"schema":{"@context":"https:\/\/schema.org","@graph":[{"@type":["WebPage","ItemPage"],"@id":"https:\/\/www.teixidors.com\/ca\/producte\/hera-coixi-llana-merina-i-seda\/","url":"https:\/\/www.teixidors.com\/ca\/producte\/hera-coixi-llana-merina-i-seda\/","name":"Funda de coix\u00ed Hera llana merina i seda - Teixidors","isPartOf":{"@id":"https:\/\/www.teixidors.com\/ca\/#website"},"primaryImageOfPage":{"@id":"https:\/\/www.teixidors.com\/ca\/producte\/hera-coixi-llana-merina-i-seda\/#primaryimage"},"image":{"@id":"https:\/\/www.teixidors.com\/ca\/producte\/hera-coixi-llana-merina-i-seda\/#primaryimage"},"thumbnailUrl":"https:\/\/www.teixidors.com\/wp-content\/uploads\/2024\/09\/Cojines-coleccion-Hera-de-lana-merina-y-seda-en-varios-colores-y-medidas.jpg","datePublished":"2024-09-04T10:08:47+00:00","dateModified":"2024-11-07T18:05:02+00:00","description":"La col\u00b7lecci\u00f3 Hera coixi de llana merina i seda un imprescindible dins de Teixidors, on la tradici\u00f3 es troba amb el disseny contemporani. Alta artesan\u00eda.","breadcrumb":{"@id":"https:\/\/www.teixidors.com\/ca\/producte\/hera-coixi-llana-merina-i-seda\/#breadcrumb"},"inLanguage":"ca","potentialAction":[{"@type":"ReadAction","target":["https:\/\/www.teixidors.com\/ca\/producte\/hera-coixi-llana-merina-i-seda\/"]}]},{"@type":"ImageObject","inLanguage":"ca","@id":"https:\/\/www.teixidors.com\/ca\/producte\/hera-coixi-llana-merina-i-seda\/#primaryimage","url":"https:\/\/www.teixidors.com\/wp-content\/uploads\/2024\/09\/Cojines-coleccion-Hera-de-lana-merina-y-seda-en-varios-colores-y-medidas.jpg","contentUrl":"https:\/\/www.teixidors.com\/wp-content\/uploads\/2024\/09\/Cojines-coleccion-Hera-de-lana-merina-y-seda-en-varios-colores-y-medidas.jpg","width":800,"height":1200,"caption":"Cojines coleccion Hera de lana merina y seda en varios colores y medidas. Hera merino silk designer collection handwoven in Barcelona. Available in several colours and dimensions"},{"@type":"BreadcrumbList","@id":"https:\/\/www.teixidors.com\/ca\/producte\/hera-coixi-llana-merina-i-seda\/#breadcrumb","itemListElement":[{"@type":"ListItem","position":1,"name":"Home","item":"https:\/\/www.teixidors.com\/ca\/"},{"@type":"ListItem","position":2,"name":"Botiga","item":"https:\/\/www.teixidors.com\/tienda\/?lang=ca"},{"@type":"ListItem","position":3,"name":"Funda de coix\u00ed Hera"}]},{"@type":"WebSite","@id":"https:\/\/www.teixidors.com\/ca\/#website","url":"https:\/\/www.teixidors.com\/ca\/","name":"Teixidors","description":"Craftmanship fabrics since 1983 | Taller alta artesan\u00eda desde 1983","publisher":{"@id":"https:\/\/www.teixidors.com\/ca\/#organization"},"alternateName":"Teixidors craftmanship fabrics since 1983","potentialAction":[{"@type":"SearchAction","target":{"@type":"EntryPoint","urlTemplate":"https:\/\/www.teixidors.com\/ca\/?s={search_term_string}"},"query-input":{"@type":"PropertyValueSpecification","valueRequired":true,"valueName":"search_term_string"}}],"inLanguage":"ca"},{"@type":"Organization","@id":"https:\/\/www.teixidors.com\/ca\/#organization","name":"Teixidors","url":"https:\/\/www.teixidors.com\/ca\/","logo":{"@type":"ImageObject","inLanguage":"ca","@id":"https:\/\/www.teixidors.com\/ca\/#\/schema\/logo\/image\/","url":"https:\/\/www.teixidors.com\/wp-content\/uploads\/2021\/08\/logo-mobile.svg","contentUrl":"https:\/\/www.teixidors.com\/wp-content\/uploads\/2021\/08\/logo-mobile.svg","width":60,"height":84,"caption":"Teixidors"},"image":{"@id":"https:\/\/www.teixidors.com\/ca\/#\/schema\/logo\/image\/"},"sameAs":["http:\/\/www.facebook.com\/pages\/Teixidors\/195936563785628","https:\/\/x.com\/teixidors","http:\/\/www.pinterest.com\/teixidors\/","https:\/\/www.instagram.com\/teixidors\/"]}]}},"_links":{"self":[{"href":"https:\/\/www.teixidors.com\/ca\/wp-json\/wp\/v2\/product\/9521","targetHints":{"allow":["GET"]}}],"collection":[{"href":"https:\/\/www.teixidors.com\/ca\/wp-json\/wp\/v2\/product"}],"about":[{"href":"https:\/\/www.teixidors.com\/ca\/wp-json\/wp\/v2\/types\/product"}],"wp:featuredmedia":[{"embeddable":true,"href":"https:\/\/www.teixidors.com\/ca\/wp-json\/wp\/v2\/media\/11241"}],"wp:attachment":[{"href":"https:\/\/www.teixidors.com\/ca\/wp-json\/wp\/v2\/media?parent=9521"}],"wp:term":[{"taxonomy":"product_cat","embeddable":true,"href":"https:\/\/www.teixidors.com\/ca\/wp-json\/wp\/v2\/product_cat?post=9521"},{"taxonomy":"product_tag","embeddable":true,"href":"https:\/\/www.teixidors.com\/ca\/wp-json\/wp\/v2\/product_tag?post=9521"}],"curies":[{"name":"wp","href":"https:\/\/api.w.org\/{rel}","templated":true}]}}