{"id":9840,"date":"2024-10-23T08:48:37","date_gmt":"2024-10-23T08:48:37","guid":{"rendered":"https:\/\/www.teixidors.com\/product\/set-alpha-chal-cashmere-oveja-porcelana\/"},"modified":"2024-11-11T16:33:28","modified_gmt":"2024-11-11T16:33:28","slug":"set-alpha-xal-caixmir-oveja-porcellana","status":"publish","type":"product","link":"https:\/\/www.teixidors.com\/ca\/producte\/set-alpha-xal-caixmir-oveja-porcellana\/","title":{"rendered":"Set Alpha, xal caixmir + pin porcellana"},"content":{"rendered":"","protected":false},"excerpt":{"rendered":"<p><span class=\"TextRun SCXW32541653 BCX8\" lang=\"ES-ES\" xml:lang=\"ES-ES\" data-contrast=\"auto\"><span class=\"NormalTextRun SpellingErrorV2Themed SCXW32541653 BCX8\">C<\/span><\/span><span class=\"TextRun SCXW32541653 BCX8\" lang=\"ES-ES\" xml:lang=\"ES-ES\" data-contrast=\"auto\"><span class=\"NormalTextRun SpellingErrorV2Themed SCXW32541653 BCX8\">ol\u00b7laboraci\u00f3<\/span> <span class=\"NormalTextRun SpellingErrorV2Themed SCXW32541653 BCX8\">amb<\/span> <span class=\"NormalTextRun SpellingErrorV2Themed SCXW32541653 BCX8\">l\u2019artista<\/span> <span class=\"NormalTextRun SpellingErrorV2Themed SCXW32541653 BCX8\">Yukiko<\/span> <span class=\"NormalTextRun SpellingErrorV2Themed SCXW32541653 BCX8\">Kitahara<\/span><span class=\"NormalTextRun SCXW32541653 BCX8\">, una <\/span><span class=\"NormalTextRun SpellingErrorV2Themed SCXW32541653 BCX8\">reconeguda<\/span><span class=\"NormalTextRun SCXW32541653 BCX8\"> ceramista japonesa <\/span><span class=\"NormalTextRun SpellingErrorV2Themed SCXW32541653 BCX8\">establerta<\/span><span class=\"NormalTextRun SCXW32541653 BCX8\"> a Sevilla. <\/span><span class=\"NormalTextRun SpellingErrorV2Themed SCXW32541653 BCX8\">Premi<\/span><span class=\"NormalTextRun SCXW32541653 BCX8\"> Nacional <\/span><span class=\"NormalTextRun SpellingErrorV2Themed SCXW32541653 BCX8\">d\u2019Artesania<\/span><span class=\"NormalTextRun SCXW32541653 BCX8\"> 2016.<\/span><\/span><span class=\"EOP SCXW32541653 BCX8\" data-ccp-props=\"{&quot;134233117&quot;:false,&quot;134233118&quot;:false,&quot;201341983&quot;:0,&quot;335551550&quot;:1,&quot;335551620&quot;:1,&quot;335559685&quot;:720,&quot;335559738&quot;:0,&quot;335559739&quot;:0,&quot;335559740&quot;:240}\">\u00a0<\/span><\/p>\n","protected":false},"featured_media":12856,"template":"","meta":[],"product_cat":[78,75],"product_tag":[],"class_list":["post-9840","product","type-product","status-publish","has-post-thumbnail","hentry","product_cat-maxibufandes","product_cat-complements","pa_colour-rosella-nacar","pa_colour-verd-oscur-turquesa","pa_colour-siena-beix"],"acf":[],"yoast_head":"<!-- This site is optimized with the Yoast SEO plugin v27.4 - https:\/\/yoast.com\/product\/yoast-seo-wordpress\/ -->\n<title>Set Alpha, xal caixmir + pin porcellana - Teixidors<\/title>\n<meta name=\"description\" content=\"Un xal de caixmir itali\u00e0 volumin\u00f3s i suau, aquest xal \u00e9s ideal per a ocasions especials en qu\u00e8 volem destacar amb una pe\u00e7a de gran personalitat\" \/>\n<meta name=\"robots\" content=\"index, follow, max-snippet:-1, max-image-preview:large, max-video-preview:-1\" \/>\n<link rel=\"canonical\" href=\"https:\/\/www.teixidors.com\/ca\/producte\/set-alpha-xal-caixmir-oveja-porcellana\/\" \/>\n<meta property=\"og:locale\" content=\"ca_ES\" \/>\n<meta property=\"og:type\" content=\"article\" \/>\n<meta property=\"og:title\" content=\"Set Alpha, xal caixmir + pin porcellana - Teixidors\" \/>\n<meta property=\"og:description\" content=\"Un xal de caixmir itali\u00e0 volumin\u00f3s i suau, aquest xal \u00e9s ideal per a ocasions especials en qu\u00e8 volem destacar amb una pe\u00e7a de gran personalitat\" \/>\n<meta property=\"og:url\" content=\"https:\/\/www.teixidors.com\/ca\/producte\/set-alpha-xal-caixmir-oveja-porcellana\/\" \/>\n<meta property=\"og:site_name\" content=\"Teixidors\" \/>\n<meta property=\"article:publisher\" content=\"http:\/\/www.facebook.com\/pages\/Teixidors\/195936563785628\" \/>\n<meta property=\"article:modified_time\" content=\"2024-11-11T16:33:28+00:00\" \/>\n<meta property=\"og:image\" content=\"https:\/\/www.teixidors.com\/wp-content\/uploads\/2024\/10\/012-scaled.jpg\" \/>\n\t<meta property=\"og:image:width\" content=\"2000\" \/>\n\t<meta property=\"og:image:height\" content=\"2000\" \/>\n\t<meta property=\"og:image:type\" content=\"image\/jpeg\" \/>\n<script type=\"application\/ld+json\" class=\"yoast-schema-graph\">{\"@context\":\"https:\\\/\\\/schema.org\",\"@graph\":[{\"@type\":[\"WebPage\",\"ItemPage\"],\"@id\":\"https:\\\/\\\/www.teixidors.com\\\/ca\\\/producte\\\/set-alpha-xal-caixmir-oveja-porcellana\\\/\",\"url\":\"https:\\\/\\\/www.teixidors.com\\\/ca\\\/producte\\\/set-alpha-xal-caixmir-oveja-porcellana\\\/\",\"name\":\"Set Alpha, xal caixmir + pin porcellana - Teixidors\",\"isPartOf\":{\"@id\":\"https:\\\/\\\/www.teixidors.com\\\/ca\\\/#website\"},\"primaryImageOfPage\":{\"@id\":\"https:\\\/\\\/www.teixidors.com\\\/ca\\\/producte\\\/set-alpha-xal-caixmir-oveja-porcellana\\\/#primaryimage\"},\"image\":{\"@id\":\"https:\\\/\\\/www.teixidors.com\\\/ca\\\/producte\\\/set-alpha-xal-caixmir-oveja-porcellana\\\/#primaryimage\"},\"thumbnailUrl\":\"https:\\\/\\\/www.teixidors.com\\\/wp-content\\\/uploads\\\/2024\\\/10\\\/012-scaled.jpg\",\"datePublished\":\"2024-10-23T08:48:37+00:00\",\"dateModified\":\"2024-11-11T16:33:28+00:00\",\"description\":\"Un xal de caixmir itali\u00e0 volumin\u00f3s i suau, aquest xal \u00e9s ideal per a ocasions especials en qu\u00e8 volem destacar amb una pe\u00e7a de gran personalitat\",\"breadcrumb\":{\"@id\":\"https:\\\/\\\/www.teixidors.com\\\/ca\\\/producte\\\/set-alpha-xal-caixmir-oveja-porcellana\\\/#breadcrumb\"},\"inLanguage\":\"ca\",\"potentialAction\":[{\"@type\":\"ReadAction\",\"target\":[\"https:\\\/\\\/www.teixidors.com\\\/ca\\\/producte\\\/set-alpha-xal-caixmir-oveja-porcellana\\\/\"]}]},{\"@type\":\"ImageObject\",\"inLanguage\":\"ca\",\"@id\":\"https:\\\/\\\/www.teixidors.com\\\/ca\\\/producte\\\/set-alpha-xal-caixmir-oveja-porcellana\\\/#primaryimage\",\"url\":\"https:\\\/\\\/www.teixidors.com\\\/wp-content\\\/uploads\\\/2024\\\/10\\\/012-scaled.jpg\",\"contentUrl\":\"https:\\\/\\\/www.teixidors.com\\\/wp-content\\\/uploads\\\/2024\\\/10\\\/012-scaled.jpg\",\"width\":2000,\"height\":2000,\"caption\":\"Chal cashmere\"},{\"@type\":\"BreadcrumbList\",\"@id\":\"https:\\\/\\\/www.teixidors.com\\\/ca\\\/producte\\\/set-alpha-xal-caixmir-oveja-porcellana\\\/#breadcrumb\",\"itemListElement\":[{\"@type\":\"ListItem\",\"position\":1,\"name\":\"Home\",\"item\":\"https:\\\/\\\/www.teixidors.com\\\/ca\\\/\"},{\"@type\":\"ListItem\",\"position\":2,\"name\":\"Botiga\",\"item\":\"https:\\\/\\\/www.teixidors.com\\\/tienda\\\/?lang=ca\"},{\"@type\":\"ListItem\",\"position\":3,\"name\":\"Set Alpha, xal caixmir + pin porcellana\"}]},{\"@type\":\"WebSite\",\"@id\":\"https:\\\/\\\/www.teixidors.com\\\/ca\\\/#website\",\"url\":\"https:\\\/\\\/www.teixidors.com\\\/ca\\\/\",\"name\":\"Teixidors\",\"description\":\"Craftmanship fabrics since 1983 | Taller alta artesan\u00eda desde 1983\",\"publisher\":{\"@id\":\"https:\\\/\\\/www.teixidors.com\\\/ca\\\/#organization\"},\"alternateName\":\"Teixidors craftmanship fabrics since 1983\",\"potentialAction\":[{\"@type\":\"SearchAction\",\"target\":{\"@type\":\"EntryPoint\",\"urlTemplate\":\"https:\\\/\\\/www.teixidors.com\\\/ca\\\/?s={search_term_string}\"},\"query-input\":{\"@type\":\"PropertyValueSpecification\",\"valueRequired\":true,\"valueName\":\"search_term_string\"}}],\"inLanguage\":\"ca\"},{\"@type\":\"Organization\",\"@id\":\"https:\\\/\\\/www.teixidors.com\\\/ca\\\/#organization\",\"name\":\"Teixidors\",\"url\":\"https:\\\/\\\/www.teixidors.com\\\/ca\\\/\",\"logo\":{\"@type\":\"ImageObject\",\"inLanguage\":\"ca\",\"@id\":\"https:\\\/\\\/www.teixidors.com\\\/ca\\\/#\\\/schema\\\/logo\\\/image\\\/\",\"url\":\"https:\\\/\\\/www.teixidors.com\\\/wp-content\\\/uploads\\\/2021\\\/08\\\/logo-mobile.svg\",\"contentUrl\":\"https:\\\/\\\/www.teixidors.com\\\/wp-content\\\/uploads\\\/2021\\\/08\\\/logo-mobile.svg\",\"width\":60,\"height\":84,\"caption\":\"Teixidors\"},\"image\":{\"@id\":\"https:\\\/\\\/www.teixidors.com\\\/ca\\\/#\\\/schema\\\/logo\\\/image\\\/\"},\"sameAs\":[\"http:\\\/\\\/www.facebook.com\\\/pages\\\/Teixidors\\\/195936563785628\",\"https:\\\/\\\/x.com\\\/teixidors\",\"http:\\\/\\\/www.pinterest.com\\\/teixidors\\\/\",\"https:\\\/\\\/www.instagram.com\\\/teixidors\\\/\"]}]}<\/script>\n<!-- \/ Yoast SEO plugin. -->","yoast_head_json":{"title":"Set Alpha, xal caixmir + pin porcellana - Teixidors","description":"Un xal de caixmir itali\u00e0 volumin\u00f3s i suau, aquest xal \u00e9s ideal per a ocasions especials en qu\u00e8 volem destacar amb una pe\u00e7a de gran personalitat","robots":{"index":"index","follow":"follow","max-snippet":"max-snippet:-1","max-image-preview":"max-image-preview:large","max-video-preview":"max-video-preview:-1"},"canonical":"https:\/\/www.teixidors.com\/ca\/producte\/set-alpha-xal-caixmir-oveja-porcellana\/","og_locale":"ca_ES","og_type":"article","og_title":"Set Alpha, xal caixmir + pin porcellana - Teixidors","og_description":"Un xal de caixmir itali\u00e0 volumin\u00f3s i suau, aquest xal \u00e9s ideal per a ocasions especials en qu\u00e8 volem destacar amb una pe\u00e7a de gran personalitat","og_url":"https:\/\/www.teixidors.com\/ca\/producte\/set-alpha-xal-caixmir-oveja-porcellana\/","og_site_name":"Teixidors","article_publisher":"http:\/\/www.facebook.com\/pages\/Teixidors\/195936563785628","article_modified_time":"2024-11-11T16:33:28+00:00","og_image":[{"width":2000,"height":2000,"url":"https:\/\/www.teixidors.com\/wp-content\/uploads\/2024\/10\/012-scaled.jpg","type":"image\/jpeg"}],"schema":{"@context":"https:\/\/schema.org","@graph":[{"@type":["WebPage","ItemPage"],"@id":"https:\/\/www.teixidors.com\/ca\/producte\/set-alpha-xal-caixmir-oveja-porcellana\/","url":"https:\/\/www.teixidors.com\/ca\/producte\/set-alpha-xal-caixmir-oveja-porcellana\/","name":"Set Alpha, xal caixmir + pin porcellana - Teixidors","isPartOf":{"@id":"https:\/\/www.teixidors.com\/ca\/#website"},"primaryImageOfPage":{"@id":"https:\/\/www.teixidors.com\/ca\/producte\/set-alpha-xal-caixmir-oveja-porcellana\/#primaryimage"},"image":{"@id":"https:\/\/www.teixidors.com\/ca\/producte\/set-alpha-xal-caixmir-oveja-porcellana\/#primaryimage"},"thumbnailUrl":"https:\/\/www.teixidors.com\/wp-content\/uploads\/2024\/10\/012-scaled.jpg","datePublished":"2024-10-23T08:48:37+00:00","dateModified":"2024-11-11T16:33:28+00:00","description":"Un xal de caixmir itali\u00e0 volumin\u00f3s i suau, aquest xal \u00e9s ideal per a ocasions especials en qu\u00e8 volem destacar amb una pe\u00e7a de gran personalitat","breadcrumb":{"@id":"https:\/\/www.teixidors.com\/ca\/producte\/set-alpha-xal-caixmir-oveja-porcellana\/#breadcrumb"},"inLanguage":"ca","potentialAction":[{"@type":"ReadAction","target":["https:\/\/www.teixidors.com\/ca\/producte\/set-alpha-xal-caixmir-oveja-porcellana\/"]}]},{"@type":"ImageObject","inLanguage":"ca","@id":"https:\/\/www.teixidors.com\/ca\/producte\/set-alpha-xal-caixmir-oveja-porcellana\/#primaryimage","url":"https:\/\/www.teixidors.com\/wp-content\/uploads\/2024\/10\/012-scaled.jpg","contentUrl":"https:\/\/www.teixidors.com\/wp-content\/uploads\/2024\/10\/012-scaled.jpg","width":2000,"height":2000,"caption":"Chal cashmere"},{"@type":"BreadcrumbList","@id":"https:\/\/www.teixidors.com\/ca\/producte\/set-alpha-xal-caixmir-oveja-porcellana\/#breadcrumb","itemListElement":[{"@type":"ListItem","position":1,"name":"Home","item":"https:\/\/www.teixidors.com\/ca\/"},{"@type":"ListItem","position":2,"name":"Botiga","item":"https:\/\/www.teixidors.com\/tienda\/?lang=ca"},{"@type":"ListItem","position":3,"name":"Set Alpha, xal caixmir + pin porcellana"}]},{"@type":"WebSite","@id":"https:\/\/www.teixidors.com\/ca\/#website","url":"https:\/\/www.teixidors.com\/ca\/","name":"Teixidors","description":"Craftmanship fabrics since 1983 | Taller alta artesan\u00eda desde 1983","publisher":{"@id":"https:\/\/www.teixidors.com\/ca\/#organization"},"alternateName":"Teixidors craftmanship fabrics since 1983","potentialAction":[{"@type":"SearchAction","target":{"@type":"EntryPoint","urlTemplate":"https:\/\/www.teixidors.com\/ca\/?s={search_term_string}"},"query-input":{"@type":"PropertyValueSpecification","valueRequired":true,"valueName":"search_term_string"}}],"inLanguage":"ca"},{"@type":"Organization","@id":"https:\/\/www.teixidors.com\/ca\/#organization","name":"Teixidors","url":"https:\/\/www.teixidors.com\/ca\/","logo":{"@type":"ImageObject","inLanguage":"ca","@id":"https:\/\/www.teixidors.com\/ca\/#\/schema\/logo\/image\/","url":"https:\/\/www.teixidors.com\/wp-content\/uploads\/2021\/08\/logo-mobile.svg","contentUrl":"https:\/\/www.teixidors.com\/wp-content\/uploads\/2021\/08\/logo-mobile.svg","width":60,"height":84,"caption":"Teixidors"},"image":{"@id":"https:\/\/www.teixidors.com\/ca\/#\/schema\/logo\/image\/"},"sameAs":["http:\/\/www.facebook.com\/pages\/Teixidors\/195936563785628","https:\/\/x.com\/teixidors","http:\/\/www.pinterest.com\/teixidors\/","https:\/\/www.instagram.com\/teixidors\/"]}]}},"_links":{"self":[{"href":"https:\/\/www.teixidors.com\/ca\/wp-json\/wp\/v2\/product\/9840","targetHints":{"allow":["GET"]}}],"collection":[{"href":"https:\/\/www.teixidors.com\/ca\/wp-json\/wp\/v2\/product"}],"about":[{"href":"https:\/\/www.teixidors.com\/ca\/wp-json\/wp\/v2\/types\/product"}],"wp:featuredmedia":[{"embeddable":true,"href":"https:\/\/www.teixidors.com\/ca\/wp-json\/wp\/v2\/media\/12856"}],"wp:attachment":[{"href":"https:\/\/www.teixidors.com\/ca\/wp-json\/wp\/v2\/media?parent=9840"}],"wp:term":[{"taxonomy":"product_cat","embeddable":true,"href":"https:\/\/www.teixidors.com\/ca\/wp-json\/wp\/v2\/product_cat?post=9840"},{"taxonomy":"product_tag","embeddable":true,"href":"https:\/\/www.teixidors.com\/ca\/wp-json\/wp\/v2\/product_tag?post=9840"}],"curies":[{"name":"wp","href":"https:\/\/api.w.org\/{rel}","templated":true}]}}