{"id":9996,"date":"2024-10-23T10:15:10","date_gmt":"2024-10-23T10:15:10","guid":{"rendered":"https:\/\/www.teixidors.com\/product\/set-aventura-bebe-manta-cashmere-juguete-mordedor\/"},"modified":"2024-11-12T11:19:21","modified_gmt":"2024-11-12T11:19:21","slug":"set-aventura-bebe-manta-caixmir-joguina-mordedor","status":"publish","type":"product","link":"https:\/\/www.teixidors.com\/ca\/producte\/set-aventura-bebe-manta-caixmir-joguina-mordedor\/","title":{"rendered":"Set Aventura Beb\u00e8; manta caixmir i joguina de bany"},"content":{"rendered":"","protected":false},"excerpt":{"rendered":"<p>Col\u00b7laboraci\u00f3 Pack Oli &amp; Carol<\/p>\n","protected":false},"featured_media":9987,"template":"","meta":[],"product_cat":[15],"product_tag":[],"class_list":["post-9996","product","type-product","status-publish","has-post-thumbnail","hentry","product_cat-uncategorized"],"acf":[],"yoast_head":"<!-- This site is optimized with the Yoast SEO plugin v27.3 - https:\/\/yoast.com\/product\/yoast-seo-wordpress\/ -->\n<title>Set Aventura Beb\u00e8; manta caixmir i joguina de bany - Teixidors<\/title>\n<meta name=\"description\" content=\"Un set de beb\u00e9 que inclou una manta de caixmir en tons beix i cru i un mossegador de disseny en cautx\u00fa natura. Dona-li una bona benviguda!\" \/>\n<meta name=\"robots\" content=\"index, follow, max-snippet:-1, max-image-preview:large, max-video-preview:-1\" \/>\n<link rel=\"canonical\" href=\"https:\/\/www.teixidors.com\/ca\/producte\/set-aventura-bebe-manta-caixmir-joguina-mordedor\/\" \/>\n<meta property=\"og:locale\" content=\"ca_ES\" \/>\n<meta property=\"og:type\" content=\"article\" \/>\n<meta property=\"og:title\" content=\"Set Aventura Beb\u00e8; manta caixmir i joguina de bany - Teixidors\" \/>\n<meta property=\"og:description\" content=\"Un set de beb\u00e9 que inclou una manta de caixmir en tons beix i cru i un mossegador de disseny en cautx\u00fa natura. Dona-li una bona benviguda!\" \/>\n<meta property=\"og:url\" content=\"https:\/\/www.teixidors.com\/ca\/producte\/set-aventura-bebe-manta-caixmir-joguina-mordedor\/\" \/>\n<meta property=\"og:site_name\" content=\"Teixidors\" \/>\n<meta property=\"article:publisher\" content=\"http:\/\/www.facebook.com\/pages\/Teixidors\/195936563785628\" \/>\n<meta property=\"article:modified_time\" content=\"2024-11-12T11:19:21+00:00\" \/>\n<meta property=\"og:image\" content=\"https:\/\/www.teixidors.com\/wp-content\/uploads\/2024\/10\/Pagina-categoria-Manta-cashmere-barquito-caucho-mordedor-scaled.jpg\" \/>\n\t<meta property=\"og:image:width\" content=\"1333\" \/>\n\t<meta property=\"og:image:height\" content=\"2000\" \/>\n\t<meta property=\"og:image:type\" content=\"image\/jpeg\" \/>\n<script type=\"application\/ld+json\" class=\"yoast-schema-graph\">{\"@context\":\"https:\\\/\\\/schema.org\",\"@graph\":[{\"@type\":[\"WebPage\",\"ItemPage\"],\"@id\":\"https:\\\/\\\/www.teixidors.com\\\/ca\\\/producte\\\/set-aventura-bebe-manta-caixmir-joguina-mordedor\\\/\",\"url\":\"https:\\\/\\\/www.teixidors.com\\\/ca\\\/producte\\\/set-aventura-bebe-manta-caixmir-joguina-mordedor\\\/\",\"name\":\"Set Aventura Beb\u00e8; manta caixmir i joguina de bany - Teixidors\",\"isPartOf\":{\"@id\":\"https:\\\/\\\/www.teixidors.com\\\/ca\\\/#website\"},\"primaryImageOfPage\":{\"@id\":\"https:\\\/\\\/www.teixidors.com\\\/ca\\\/producte\\\/set-aventura-bebe-manta-caixmir-joguina-mordedor\\\/#primaryimage\"},\"image\":{\"@id\":\"https:\\\/\\\/www.teixidors.com\\\/ca\\\/producte\\\/set-aventura-bebe-manta-caixmir-joguina-mordedor\\\/#primaryimage\"},\"thumbnailUrl\":\"https:\\\/\\\/www.teixidors.com\\\/wp-content\\\/uploads\\\/2024\\\/10\\\/Pagina-categoria-Manta-cashmere-barquito-caucho-mordedor-scaled.jpg\",\"datePublished\":\"2024-10-23T10:15:10+00:00\",\"dateModified\":\"2024-11-12T11:19:21+00:00\",\"description\":\"Un set de beb\u00e9 que inclou una manta de caixmir en tons beix i cru i un mossegador de disseny en cautx\u00fa natura. Dona-li una bona benviguda!\",\"breadcrumb\":{\"@id\":\"https:\\\/\\\/www.teixidors.com\\\/ca\\\/producte\\\/set-aventura-bebe-manta-caixmir-joguina-mordedor\\\/#breadcrumb\"},\"inLanguage\":\"ca\",\"potentialAction\":[{\"@type\":\"ReadAction\",\"target\":[\"https:\\\/\\\/www.teixidors.com\\\/ca\\\/producte\\\/set-aventura-bebe-manta-caixmir-joguina-mordedor\\\/\"]}]},{\"@type\":\"ImageObject\",\"inLanguage\":\"ca\",\"@id\":\"https:\\\/\\\/www.teixidors.com\\\/ca\\\/producte\\\/set-aventura-bebe-manta-caixmir-joguina-mordedor\\\/#primaryimage\",\"url\":\"https:\\\/\\\/www.teixidors.com\\\/wp-content\\\/uploads\\\/2024\\\/10\\\/Pagina-categoria-Manta-cashmere-barquito-caucho-mordedor-scaled.jpg\",\"contentUrl\":\"https:\\\/\\\/www.teixidors.com\\\/wp-content\\\/uploads\\\/2024\\\/10\\\/Pagina-categoria-Manta-cashmere-barquito-caucho-mordedor-scaled.jpg\",\"width\":1333,\"height\":2000},{\"@type\":\"BreadcrumbList\",\"@id\":\"https:\\\/\\\/www.teixidors.com\\\/ca\\\/producte\\\/set-aventura-bebe-manta-caixmir-joguina-mordedor\\\/#breadcrumb\",\"itemListElement\":[{\"@type\":\"ListItem\",\"position\":1,\"name\":\"Home\",\"item\":\"https:\\\/\\\/www.teixidors.com\\\/ca\\\/\"},{\"@type\":\"ListItem\",\"position\":2,\"name\":\"Botiga\",\"item\":\"https:\\\/\\\/www.teixidors.com\\\/tienda\\\/?lang=ca\"},{\"@type\":\"ListItem\",\"position\":3,\"name\":\"Set Aventura Beb\u00e8; manta caixmir i joguina de bany\"}]},{\"@type\":\"WebSite\",\"@id\":\"https:\\\/\\\/www.teixidors.com\\\/ca\\\/#website\",\"url\":\"https:\\\/\\\/www.teixidors.com\\\/ca\\\/\",\"name\":\"Teixidors\",\"description\":\"Craftmanship fabrics since 1983 | Taller alta artesan\u00eda desde 1983\",\"publisher\":{\"@id\":\"https:\\\/\\\/www.teixidors.com\\\/ca\\\/#organization\"},\"alternateName\":\"Teixidors craftmanship fabrics since 1983\",\"potentialAction\":[{\"@type\":\"SearchAction\",\"target\":{\"@type\":\"EntryPoint\",\"urlTemplate\":\"https:\\\/\\\/www.teixidors.com\\\/ca\\\/?s={search_term_string}\"},\"query-input\":{\"@type\":\"PropertyValueSpecification\",\"valueRequired\":true,\"valueName\":\"search_term_string\"}}],\"inLanguage\":\"ca\"},{\"@type\":\"Organization\",\"@id\":\"https:\\\/\\\/www.teixidors.com\\\/ca\\\/#organization\",\"name\":\"Teixidors\",\"url\":\"https:\\\/\\\/www.teixidors.com\\\/ca\\\/\",\"logo\":{\"@type\":\"ImageObject\",\"inLanguage\":\"ca\",\"@id\":\"https:\\\/\\\/www.teixidors.com\\\/ca\\\/#\\\/schema\\\/logo\\\/image\\\/\",\"url\":\"https:\\\/\\\/www.teixidors.com\\\/wp-content\\\/uploads\\\/2021\\\/08\\\/logo-mobile.svg\",\"contentUrl\":\"https:\\\/\\\/www.teixidors.com\\\/wp-content\\\/uploads\\\/2021\\\/08\\\/logo-mobile.svg\",\"width\":60,\"height\":84,\"caption\":\"Teixidors\"},\"image\":{\"@id\":\"https:\\\/\\\/www.teixidors.com\\\/ca\\\/#\\\/schema\\\/logo\\\/image\\\/\"},\"sameAs\":[\"http:\\\/\\\/www.facebook.com\\\/pages\\\/Teixidors\\\/195936563785628\",\"https:\\\/\\\/x.com\\\/teixidors\",\"http:\\\/\\\/www.pinterest.com\\\/teixidors\\\/\",\"https:\\\/\\\/www.instagram.com\\\/teixidors\\\/\"]}]}<\/script>\n<!-- \/ Yoast SEO plugin. -->","yoast_head_json":{"title":"Set Aventura Beb\u00e8; manta caixmir i joguina de bany - Teixidors","description":"Un set de beb\u00e9 que inclou una manta de caixmir en tons beix i cru i un mossegador de disseny en cautx\u00fa natura. Dona-li una bona benviguda!","robots":{"index":"index","follow":"follow","max-snippet":"max-snippet:-1","max-image-preview":"max-image-preview:large","max-video-preview":"max-video-preview:-1"},"canonical":"https:\/\/www.teixidors.com\/ca\/producte\/set-aventura-bebe-manta-caixmir-joguina-mordedor\/","og_locale":"ca_ES","og_type":"article","og_title":"Set Aventura Beb\u00e8; manta caixmir i joguina de bany - Teixidors","og_description":"Un set de beb\u00e9 que inclou una manta de caixmir en tons beix i cru i un mossegador de disseny en cautx\u00fa natura. Dona-li una bona benviguda!","og_url":"https:\/\/www.teixidors.com\/ca\/producte\/set-aventura-bebe-manta-caixmir-joguina-mordedor\/","og_site_name":"Teixidors","article_publisher":"http:\/\/www.facebook.com\/pages\/Teixidors\/195936563785628","article_modified_time":"2024-11-12T11:19:21+00:00","og_image":[{"width":1333,"height":2000,"url":"https:\/\/www.teixidors.com\/wp-content\/uploads\/2024\/10\/Pagina-categoria-Manta-cashmere-barquito-caucho-mordedor-scaled.jpg","type":"image\/jpeg"}],"schema":{"@context":"https:\/\/schema.org","@graph":[{"@type":["WebPage","ItemPage"],"@id":"https:\/\/www.teixidors.com\/ca\/producte\/set-aventura-bebe-manta-caixmir-joguina-mordedor\/","url":"https:\/\/www.teixidors.com\/ca\/producte\/set-aventura-bebe-manta-caixmir-joguina-mordedor\/","name":"Set Aventura Beb\u00e8; manta caixmir i joguina de bany - Teixidors","isPartOf":{"@id":"https:\/\/www.teixidors.com\/ca\/#website"},"primaryImageOfPage":{"@id":"https:\/\/www.teixidors.com\/ca\/producte\/set-aventura-bebe-manta-caixmir-joguina-mordedor\/#primaryimage"},"image":{"@id":"https:\/\/www.teixidors.com\/ca\/producte\/set-aventura-bebe-manta-caixmir-joguina-mordedor\/#primaryimage"},"thumbnailUrl":"https:\/\/www.teixidors.com\/wp-content\/uploads\/2024\/10\/Pagina-categoria-Manta-cashmere-barquito-caucho-mordedor-scaled.jpg","datePublished":"2024-10-23T10:15:10+00:00","dateModified":"2024-11-12T11:19:21+00:00","description":"Un set de beb\u00e9 que inclou una manta de caixmir en tons beix i cru i un mossegador de disseny en cautx\u00fa natura. Dona-li una bona benviguda!","breadcrumb":{"@id":"https:\/\/www.teixidors.com\/ca\/producte\/set-aventura-bebe-manta-caixmir-joguina-mordedor\/#breadcrumb"},"inLanguage":"ca","potentialAction":[{"@type":"ReadAction","target":["https:\/\/www.teixidors.com\/ca\/producte\/set-aventura-bebe-manta-caixmir-joguina-mordedor\/"]}]},{"@type":"ImageObject","inLanguage":"ca","@id":"https:\/\/www.teixidors.com\/ca\/producte\/set-aventura-bebe-manta-caixmir-joguina-mordedor\/#primaryimage","url":"https:\/\/www.teixidors.com\/wp-content\/uploads\/2024\/10\/Pagina-categoria-Manta-cashmere-barquito-caucho-mordedor-scaled.jpg","contentUrl":"https:\/\/www.teixidors.com\/wp-content\/uploads\/2024\/10\/Pagina-categoria-Manta-cashmere-barquito-caucho-mordedor-scaled.jpg","width":1333,"height":2000},{"@type":"BreadcrumbList","@id":"https:\/\/www.teixidors.com\/ca\/producte\/set-aventura-bebe-manta-caixmir-joguina-mordedor\/#breadcrumb","itemListElement":[{"@type":"ListItem","position":1,"name":"Home","item":"https:\/\/www.teixidors.com\/ca\/"},{"@type":"ListItem","position":2,"name":"Botiga","item":"https:\/\/www.teixidors.com\/tienda\/?lang=ca"},{"@type":"ListItem","position":3,"name":"Set Aventura Beb\u00e8; manta caixmir i joguina de bany"}]},{"@type":"WebSite","@id":"https:\/\/www.teixidors.com\/ca\/#website","url":"https:\/\/www.teixidors.com\/ca\/","name":"Teixidors","description":"Craftmanship fabrics since 1983 | Taller alta artesan\u00eda desde 1983","publisher":{"@id":"https:\/\/www.teixidors.com\/ca\/#organization"},"alternateName":"Teixidors craftmanship fabrics since 1983","potentialAction":[{"@type":"SearchAction","target":{"@type":"EntryPoint","urlTemplate":"https:\/\/www.teixidors.com\/ca\/?s={search_term_string}"},"query-input":{"@type":"PropertyValueSpecification","valueRequired":true,"valueName":"search_term_string"}}],"inLanguage":"ca"},{"@type":"Organization","@id":"https:\/\/www.teixidors.com\/ca\/#organization","name":"Teixidors","url":"https:\/\/www.teixidors.com\/ca\/","logo":{"@type":"ImageObject","inLanguage":"ca","@id":"https:\/\/www.teixidors.com\/ca\/#\/schema\/logo\/image\/","url":"https:\/\/www.teixidors.com\/wp-content\/uploads\/2021\/08\/logo-mobile.svg","contentUrl":"https:\/\/www.teixidors.com\/wp-content\/uploads\/2021\/08\/logo-mobile.svg","width":60,"height":84,"caption":"Teixidors"},"image":{"@id":"https:\/\/www.teixidors.com\/ca\/#\/schema\/logo\/image\/"},"sameAs":["http:\/\/www.facebook.com\/pages\/Teixidors\/195936563785628","https:\/\/x.com\/teixidors","http:\/\/www.pinterest.com\/teixidors\/","https:\/\/www.instagram.com\/teixidors\/"]}]}},"_links":{"self":[{"href":"https:\/\/www.teixidors.com\/ca\/wp-json\/wp\/v2\/product\/9996","targetHints":{"allow":["GET"]}}],"collection":[{"href":"https:\/\/www.teixidors.com\/ca\/wp-json\/wp\/v2\/product"}],"about":[{"href":"https:\/\/www.teixidors.com\/ca\/wp-json\/wp\/v2\/types\/product"}],"wp:featuredmedia":[{"embeddable":true,"href":"https:\/\/www.teixidors.com\/ca\/wp-json\/wp\/v2\/media\/9987"}],"wp:attachment":[{"href":"https:\/\/www.teixidors.com\/ca\/wp-json\/wp\/v2\/media?parent=9996"}],"wp:term":[{"taxonomy":"product_cat","embeddable":true,"href":"https:\/\/www.teixidors.com\/ca\/wp-json\/wp\/v2\/product_cat?post=9996"},{"taxonomy":"product_tag","embeddable":true,"href":"https:\/\/www.teixidors.com\/ca\/wp-json\/wp\/v2\/product_tag?post=9996"}],"curies":[{"name":"wp","href":"https:\/\/api.w.org\/{rel}","templated":true}]}}